{"id":20,"date":"2022-06-27T09:48:18","date_gmt":"2022-06-27T07:48:18","guid":{"rendered":"https:\/\/auslaenderbehoerde.org\/?page_id=20"},"modified":"2025-12-30T07:05:27","modified_gmt":"2025-12-30T06:05:27","slug":"impressum","status":"publish","type":"page","link":"https:\/\/auslaenderbehoerde.org\/pt\/imprimir\/","title":{"rendered":"imprimir"},"content":{"rendered":"<h1>imprimir<\/h1>\n<h2>De acordo com \u00a7 5 TMG:<\/h2>\n<p>Petros Aslanakis<br \/>\n889\/850 Muuu 5<br \/>\nNong Prue, Bang Lamung<br \/>\nChon Buri 20150<br \/>\nTail\u00e2ndia<\/p>\n<h2>Contato:<\/h2>\n<p>E-mail: post(at)auslaenderbehoerde.org<\/p>\n<p><strong>Este site n\u00e3o \u00e9 um site oficial das autoridades.\u00a0<\/strong><\/p>\n<p><strong>Por favor, entenda que n\u00f3s, como o operador do site, n\u00e3o podemos fornecer nenhum conselho ou informa\u00e7\u00e3o.<\/strong><\/p>\n<h2>Isen\u00e7\u00e3o de responsabilidade<\/h2>\n<p><strong>Responsabilidade pelo conte\u00fado<\/strong><\/p>\n<p>Como provedor de servi\u00e7os, somos respons\u00e1veis por nosso pr\u00f3prio conte\u00fado nestas p\u00e1ginas de acordo com a Se\u00e7\u00e3o 7, Par\u00e1grafo 1 da Lei Alem\u00e3 de Telem\u00eddia (TMG). De acordo com \u00a7\u00a7 8 a 10 TMG, no entanto, n\u00f3s, como provedor de servi\u00e7os, n\u00e3o somos obrigados a monitorar informa\u00e7\u00f5es transmitidas ou armazenadas por terceiros ou a investigar circunst\u00e2ncias que indiquem atividade ilegal.<\/p>\n<p>As obriga\u00e7\u00f5es de remover ou bloquear o uso de informa\u00e7\u00f5es de acordo com as leis gerais permanecem inalteradas. No entanto, a responsabilidade a este respeito s\u00f3 \u00e9 poss\u00edvel a partir do momento em que o conhecimento de uma viola\u00e7\u00e3o espec\u00edfica da lei \u00e9 conhecido. Assim que tomarmos conhecimento de qualquer viola\u00e7\u00e3o da lei, removeremos esse conte\u00fado imediatamente.<\/p>\n<p><strong>Responsabilidade por links<\/strong><\/p>\n<p>Nossa oferta cont\u00e9m links para sites externos de terceiros, cujo conte\u00fado n\u00e3o temos influ\u00eancia. Portanto, n\u00e3o podemos assumir qualquer responsabilidade por este conte\u00fado externo. O respectivo provedor ou operador das p\u00e1ginas \u00e9 sempre respons\u00e1vel pelo conte\u00fado das p\u00e1ginas vinculadas. As p\u00e1ginas vinculadas foram verificadas quanto a poss\u00edveis viola\u00e7\u00f5es legais no momento da vincula\u00e7\u00e3o. O conte\u00fado ilegal n\u00e3o era reconhec\u00edvel no momento da vincula\u00e7\u00e3o.<\/p>\n<p>No entanto, um controle permanente do conte\u00fado das p\u00e1ginas vinculadas n\u00e3o \u00e9 razo\u00e1vel sem evid\u00eancias concretas de uma infra\u00e7\u00e3o. Assim que tomarmos conhecimento de viola\u00e7\u00f5es legais, removeremos esses links imediatamente.<\/p>\n<p><strong>direito autoral<\/strong><\/p>\n<p>O conte\u00fado e os trabalhos nestas p\u00e1ginas criados pelos operadores do site est\u00e3o sujeitos \u00e0 lei alem\u00e3 de direitos autorais. A duplica\u00e7\u00e3o, edi\u00e7\u00e3o, distribui\u00e7\u00e3o e qualquer tipo de explora\u00e7\u00e3o fora dos limites dos direitos autorais requerem o consentimento por escrito do respectivo autor ou criador. Downloads e c\u00f3pias deste site s\u00e3o permitidos apenas para uso privado e n\u00e3o comercial.<\/p>\n<p>Na medida em que o conte\u00fado deste site n\u00e3o foi criado pelo operador, os direitos autorais de terceiros s\u00e3o observados. Em particular, os conte\u00fados de terceiros s\u00e3o marcados como tal. Se, no entanto, voc\u00ea tomar conhecimento de uma viola\u00e7\u00e3o de direitos autorais, pedimos que nos informe adequadamente. Assim que tomarmos conhecimento de viola\u00e7\u00f5es legais, removeremos esse conte\u00fado imediatamente.<\/p>\n<p>Fonte:\u00a0<em><a href=\"https:\/\/www.e-recht24.de\/\" target=\"_blank\" rel=\"external noopener noreferrer\" data-wpel-link=\"external\">eRecht24<\/a><\/em><\/p>","protected":false},"excerpt":{"rendered":"<p>Aviso Legal (Impressum) Informa\u00e7\u00f5es de acordo com o \u00a7 5 da Lei Alem\u00e3 de Servi\u00e7os de Telecomunica\u00e7\u00f5es (TMG): Petros Aslanakis 889\/850 Moo 5 Nong Prue, Bang Lamung Chon Buri 20150 Tail\u00e2ndia Contato: E-mail: post(at)auslaenderbehoerde.org Este site n\u00e3o \u00e9 um site oficial das autoridades. Por favor, entenda que, como operadores do site, n\u00e3o podemos fornecer qualquer aconselhamento ou informa\u00e7\u00e3o. Isen\u00e7\u00e3o de responsabilidade pelo conte\u00fado Como provedor de servi\u00e7os, somos respons\u00e1veis por\u2026&nbsp;<a href=\"https:\/\/auslaenderbehoerde.org\/pt\/imprimir\/\" rel=\"bookmark\">Leia mais \u00bb<span class=\"screen-reader-text\">imprimir<\/span><\/a><\/p>","protected":false},"author":1,"featured_media":0,"parent":0,"menu_order":0,"comment_status":"closed","ping_status":"closed","template":"","meta":{"neve_meta_sidebar":"","neve_meta_container":"","neve_meta_enable_content_width":"off","neve_meta_content_width":100,"neve_meta_title_alignment":"","neve_meta_author_avatar":"","neve_post_elements_order":"","neve_meta_disable_header":"","neve_meta_disable_footer":"","neve_meta_disable_title":"on","neve_meta_reading_time":"","footnotes":""},"class_list":["post-20","page","type-page","status-publish","hentry"],"yoast_head":"<!-- This site is optimized with the Yoast SEO plugin v26.6 - https:\/\/yoast.com\/wordpress\/plugins\/seo\/ -->\n<title>Impressum - auslaenderbehoerde.org<\/title>\n<meta name=\"robots\" content=\"noindex, follow\" \/>\n<meta property=\"og:locale\" content=\"pt_PT\" \/>\n<meta property=\"og:type\" content=\"article\" \/>\n<meta property=\"og:title\" content=\"Impressum - auslaenderbehoerde.org\" \/>\n<meta property=\"og:description\" content=\"Impressum Angaben gem\u00e4\u00df \u00a7 5 TMG: Petros Aslanakis 889\/850 Moo 5 Nong Prue, Bang Lamung Chon Buri 20150 Thailand Kontakt: E-Mail: post(at)auslaenderbehoerde.org Diese Webseite ist keine offizielle Webseite der Beh\u00f6rden.\u00a0 Bitte haben Sie Verst\u00e4ndnis, dass wir als Seitenbetreiber keinerlei Beratung vornehmen oder Informationen erteilen k\u00f6nnen. Haftungsausschluss (Disclaimer) Haftung f\u00fcr Inhalte Als Diensteanbieter sind wir gem\u00e4\u00df&hellip;&nbsp;Read More &raquo;Impressum\" \/>\n<meta property=\"og:url\" content=\"https:\/\/auslaenderbehoerde.org\/pt\/imprimir\/\" \/>\n<meta property=\"og:site_name\" content=\"auslaenderbehoerde.org\" \/>\n<meta property=\"article:modified_time\" content=\"2025-12-30T06:05:27+00:00\" \/>\n<meta name=\"twitter:card\" content=\"summary_large_image\" \/>\n<meta name=\"twitter:label1\" content=\"Tempo estimado de leitura\" \/>\n\t<meta name=\"twitter:data1\" content=\"2 minutos\" \/>\n<script type=\"application\/ld+json\" class=\"yoast-schema-graph\">{\"@context\":\"https:\/\/schema.org\",\"@graph\":[{\"@type\":\"WebPage\",\"@id\":\"https:\/\/auslaenderbehoerde.org\/impressum\/\",\"url\":\"https:\/\/auslaenderbehoerde.org\/impressum\/\",\"name\":\"Impressum - auslaenderbehoerde.org\",\"isPartOf\":{\"@id\":\"https:\/\/auslaenderbehoerde.org\/#website\"},\"datePublished\":\"2022-06-27T07:48:18+00:00\",\"dateModified\":\"2025-12-30T06:05:27+00:00\",\"breadcrumb\":{\"@id\":\"https:\/\/auslaenderbehoerde.org\/impressum\/#breadcrumb\"},\"inLanguage\":\"pt-PT\",\"potentialAction\":[{\"@type\":\"ReadAction\",\"target\":[\"https:\/\/auslaenderbehoerde.org\/impressum\/\"]}]},{\"@type\":\"BreadcrumbList\",\"@id\":\"https:\/\/auslaenderbehoerde.org\/impressum\/#breadcrumb\",\"itemListElement\":[{\"@type\":\"ListItem\",\"position\":1,\"name\":\"Startseite\",\"item\":\"https:\/\/auslaenderbehoerde.org\/\"},{\"@type\":\"ListItem\",\"position\":2,\"name\":\"Impressum\"}]},{\"@type\":\"WebSite\",\"@id\":\"https:\/\/auslaenderbehoerde.org\/#website\",\"url\":\"https:\/\/auslaenderbehoerde.org\/\",\"name\":\"auslaenderbehoerde.org\",\"description\":\"\",\"potentialAction\":[{\"@type\":\"SearchAction\",\"target\":{\"@type\":\"EntryPoint\",\"urlTemplate\":\"https:\/\/auslaenderbehoerde.org\/?s={search_term_string}\"},\"query-input\":{\"@type\":\"PropertyValueSpecification\",\"valueRequired\":true,\"valueName\":\"search_term_string\"}}],\"inLanguage\":\"pt-PT\"}]}<\/script>\n<!-- \/ Yoast SEO plugin. -->","yoast_head_json":{"title":"Impress\u00e3o - auslaenderbehoerde.org","robots":{"index":"noindex","follow":"follow"},"og_locale":"pt_PT","og_type":"article","og_title":"Impressum - auslaenderbehoerde.org","og_description":"Impressum Angaben gem\u00e4\u00df \u00a7 5 TMG: Petros Aslanakis 889\/850 Moo 5 Nong Prue, Bang Lamung Chon Buri 20150 Thailand Kontakt: E-Mail: post(at)auslaenderbehoerde.org Diese Webseite ist keine offizielle Webseite der Beh\u00f6rden.\u00a0 Bitte haben Sie Verst\u00e4ndnis, dass wir als Seitenbetreiber keinerlei Beratung vornehmen oder Informationen erteilen k\u00f6nnen. Haftungsausschluss (Disclaimer) Haftung f\u00fcr Inhalte Als Diensteanbieter sind wir gem\u00e4\u00df&hellip;&nbsp;Read More &raquo;Impressum","og_url":"https:\/\/auslaenderbehoerde.org\/pt\/imprimir\/","og_site_name":"auslaenderbehoerde.org","article_modified_time":"2025-12-30T06:05:27+00:00","twitter_card":"summary_large_image","twitter_misc":{"Tempo estimado de leitura":"2 minutos"},"schema":{"@context":"https:\/\/schema.org","@graph":[{"@type":"WebPage","@id":"https:\/\/auslaenderbehoerde.org\/impressum\/","url":"https:\/\/auslaenderbehoerde.org\/impressum\/","name":"Impress\u00e3o - auslaenderbehoerde.org","isPartOf":{"@id":"https:\/\/auslaenderbehoerde.org\/#website"},"datePublished":"2022-06-27T07:48:18+00:00","dateModified":"2025-12-30T06:05:27+00:00","breadcrumb":{"@id":"https:\/\/auslaenderbehoerde.org\/impressum\/#breadcrumb"},"inLanguage":"pt-PT","potentialAction":[{"@type":"ReadAction","target":["https:\/\/auslaenderbehoerde.org\/impressum\/"]}]},{"@type":"BreadcrumbList","@id":"https:\/\/auslaenderbehoerde.org\/impressum\/#breadcrumb","itemListElement":[{"@type":"ListItem","position":1,"name":"Startseite","item":"https:\/\/auslaenderbehoerde.org\/"},{"@type":"ListItem","position":2,"name":"Impressum"}]},{"@type":"WebSite","@id":"https:\/\/auslaenderbehoerde.org\/#website","url":"https:\/\/auslaenderbehoerde.org\/","name":"www.auslaenderbehoerde.org","description":"","potentialAction":[{"@type":"SearchAction","target":{"@type":"EntryPoint","urlTemplate":"https:\/\/auslaenderbehoerde.org\/?s={search_term_string}"},"query-input":{"@type":"PropertyValueSpecification","valueRequired":true,"valueName":"search_term_string"}}],"inLanguage":"pt-PT"}]}},"_links":{"self":[{"href":"https:\/\/auslaenderbehoerde.org\/pt\/wp-json\/wp\/v2\/pages\/20","targetHints":{"allow":["GET"]}}],"collection":[{"href":"https:\/\/auslaenderbehoerde.org\/pt\/wp-json\/wp\/v2\/pages"}],"about":[{"href":"https:\/\/auslaenderbehoerde.org\/pt\/wp-json\/wp\/v2\/types\/page"}],"author":[{"embeddable":true,"href":"https:\/\/auslaenderbehoerde.org\/pt\/wp-json\/wp\/v2\/users\/1"}],"replies":[{"embeddable":true,"href":"https:\/\/auslaenderbehoerde.org\/pt\/wp-json\/wp\/v2\/comments?post=20"}],"version-history":[{"count":3,"href":"https:\/\/auslaenderbehoerde.org\/pt\/wp-json\/wp\/v2\/pages\/20\/revisions"}],"predecessor-version":[{"id":2475,"href":"https:\/\/auslaenderbehoerde.org\/pt\/wp-json\/wp\/v2\/pages\/20\/revisions\/2475"}],"wp:attachment":[{"href":"https:\/\/auslaenderbehoerde.org\/pt\/wp-json\/wp\/v2\/media?parent=20"}],"curies":[{"name":"wp","href":"https:\/\/api.w.org\/{rel}","templated":true}]}}