{"id":27,"date":"2022-06-27T09:55:59","date_gmt":"2022-06-27T07:55:59","guid":{"rendered":"https:\/\/auslaenderbehoerde.org\/?page_id=27"},"modified":"2022-10-28T15:32:27","modified_gmt":"2022-10-28T13:32:27","slug":"auslaenderbehoerde","status":"publish","type":"page","link":"https:\/\/auslaenderbehoerde.org\/pt\/","title":{"rendered":"Autoridade de estrangeiros"},"content":{"rendered":"<p>Estrangeiros que desejam morar e trabalhar na Alemanha devem primeiro entrar em contato com as autoridades de imigra\u00e7\u00e3o. Isso tamb\u00e9m \u00e9 conhecido como o escrit\u00f3rio de imigra\u00e7\u00e3o. Cada estado federal tem sua pr\u00f3pria autoridade. Dependendo do pa\u00eds de onde voc\u00ea deseja entrar na Alemanha, \u00e9 necess\u00e1rio um visto. Isso tamb\u00e9m pode ser solicitado no Escrit\u00f3rio de Imigra\u00e7\u00e3o.<\/p>\n<h2>Encontre o escrit\u00f3rio de imigra\u00e7\u00e3o respons\u00e1vel<\/h2>\n<p>Aqui est\u00e1 uma vis\u00e3o abrangente do <strong>endere\u00e7os<\/strong>, <strong>Detalhes do contato<\/strong>,<strong>\u00a0n\u00fameros de telefone e<\/strong>\u00a0<strong>hor\u00e1rio de funcionamento<\/strong> bem como outras informa\u00e7\u00f5es \u00fateis das autoridades de imigra\u00e7\u00e3o respons\u00e1veis por voc\u00ea.<\/p>\n<p>Selecione seu estado federal na lista ou digite o termo de pesquisa no campo de pesquisa em nossa p\u00e1gina inicial no canto superior direito.<\/p>\n<ul>\n<li><a href=\"https:\/\/auslaenderbehoerde.org\/pt\/autoridades-de-imigracao-em-baden-wuerttemberg\/\">Autoridades de imigra\u00e7\u00e3o em Baden-W\u00fcrttemberg<\/a><\/li>\n<li><a href=\"https:\/\/auslaenderbehoerde.org\/pt\/autoridades-de-imigracao-na-baviera\/\">Autoridades de imigra\u00e7\u00e3o na Baviera<\/a><\/li>\n<li><a href=\"https:\/\/auslaenderbehoerde.org\/pt\/autoridades-de-imigracao-em-berlim\/\">Autoridades de imigra\u00e7\u00e3o em Berlim<\/a><\/li>\n<li><a href=\"https:\/\/auslaenderbehoerde.org\/pt\/autoridades-de-imigracao-em-brandenburg\/\">Autoridades de imigra\u00e7\u00e3o em Brandemburgo<\/a><\/li>\n<li><a href=\"https:\/\/auslaenderbehoerde.org\/pt\/autoridades-de-imigracao-em-bremen\/\">Autoridades de imigra\u00e7\u00e3o em Bremen<\/a><\/li>\n<li><a href=\"https:\/\/auslaenderbehoerde.org\/pt\/autoridades-de-imigracao-em-hamburgo\/\">Autoridades de imigra\u00e7\u00e3o em Hamburgo<\/a><\/li>\n<li><a href=\"https:\/\/auslaenderbehoerde.org\/pt\/autoridades-de-imigracao-em-hesse\/\">Autoridades de imigra\u00e7\u00e3o em Hesse<\/a><\/li>\n<li><a href=\"https:\/\/auslaenderbehoerde.org\/pt\/autoridades-de-imigracao-em-mecklenburg-vorpommern\/\">Autoridades de imigra\u00e7\u00e3o em Mecklemburgo-Pomer\u00e2nia Ocidental<\/a><\/li>\n<li><a href=\"https:\/\/auslaenderbehoerde.org\/pt\/autoridades-de-imigracao-na-baixa-saxonia\/\">Autoridades de imigra\u00e7\u00e3o na Baixa Sax\u00f4nia<\/a><\/li>\n<li><a href=\"https:\/\/auslaenderbehoerde.org\/pt\/autoridades-de-imigracao-na-renania-do-norte-vestfalia\/\">Autoridades de imigra\u00e7\u00e3o na Ren\u00e2nia do Norte-Vestf\u00e1lia<\/a><\/li>\n<li><a href=\"https:\/\/auslaenderbehoerde.org\/pt\/autoridades-de-imigracao-da-renania-palatinado\/\">Autoridades de imigra\u00e7\u00e3o na Ren\u00e2nia-Palatinado<\/a><\/li>\n<li><a href=\"https:\/\/auslaenderbehoerde.org\/pt\/autoridades-de-imigracao-em-sarre\/\">Autoridades de imigra\u00e7\u00e3o no Sarre<\/a><\/li>\n<li><a href=\"https:\/\/auslaenderbehoerde.org\/pt\/autoridades-de-imigracao-na-saxonia\/\">Autoridades de imigra\u00e7\u00e3o na Sax\u00f4nia<\/a><\/li>\n<li><a href=\"https:\/\/auslaenderbehoerde.org\/pt\/autoridades-de-imigracao-na-saxonia-anhalt\/\">Autoridades de imigra\u00e7\u00e3o na Sax\u00f4nia-Anhalt<\/a><\/li>\n<li><a href=\"https:\/\/auslaenderbehoerde.org\/pt\/autoridades-de-imigracao-em-schleswig-holstein\/\">Autoridades de imigra\u00e7\u00e3o em Schleswig-Holstein<\/a><\/li>\n<li><a href=\"https:\/\/auslaenderbehoerde.org\/pt\/autoridades-de-imigracao-na-turingia\/\">autoridades de imigra\u00e7\u00e3o na Tur\u00edngia<\/a><\/li>\n<\/ul>\n<p class=\"LC20lb DKV0Md\">Todas as informa\u00e7\u00f5es sem garantia e sujeitas a altera\u00e7\u00f5es<\/p>\n<h2>Em quais cidades as autoridades de imigra\u00e7\u00e3o est\u00e3o representadas?<\/h2>\n<p>O escrit\u00f3rio de imigra\u00e7\u00e3o est\u00e1 atr\u00e1s <a href=\"https:\/\/www.gesetze-im-internet.de\/aufenthg_2004\/__71.html\" target=\"_blank\" rel=\"noopener\">Se\u00e7\u00e3o 71<\/a> Lei de resid\u00eancia ativa. Regula com responsabilidade todas as decis\u00f5es e medidas relativas ao passaporte e direito de resid\u00eancia de estrangeiros. As autoridades de imigra\u00e7\u00e3o decidem se e como os estrangeiros podem viver, trabalhar e ser integrados na Rep\u00fablica Federal. Cada estado federal organiza suas pr\u00f3prias autoridades em v\u00e1rias cidades. H\u00e1 um escrit\u00f3rio de imigra\u00e7\u00e3o em cada distrito ou cidade.<\/p>\n<p>Os escrit\u00f3rios de imigra\u00e7\u00e3o s\u00e3o respons\u00e1veis por garantir que a lei de imigra\u00e7\u00e3o seja aplicada de acordo com a situa\u00e7\u00e3o legal. Em alguns estados federais, vilas e cidades pertencentes a distritos de um determinado tamanho tamb\u00e9m t\u00eam seu pr\u00f3prio escrit\u00f3rio de imigra\u00e7\u00e3o. A decis\u00e3o sobre quais cidades t\u00eam suas pr\u00f3prias autoridades de imigra\u00e7\u00e3o depende dos estados federais.<\/p>\n<h2>Quais s\u00e3o as tarefas das autoridades de imigra\u00e7\u00e3o?<\/h2>\n<p>Todo estrangeiro que entra na Alemanha vindo do exterior para morar e trabalhar precisa de um <a href=\"https:\/\/auslaenderbehoerde.org\/pt\/permissao-de-residencia\/\">permiss\u00e3o de resid\u00eancia<\/a>. As autoridades de imigra\u00e7\u00e3o s\u00e3o o primeiro endere\u00e7o para estrangeiros que entram no pa\u00eds. Ela \u00e9 respons\u00e1vel pela concess\u00e3o ou recusa de uma autoriza\u00e7\u00e3o de resid\u00eancia. Al\u00e9m disso, se necess\u00e1rio, uma autoriza\u00e7\u00e3o de resid\u00eancia ser\u00e1 emitida de acordo com a Lei de Resid\u00eancia em rela\u00e7\u00e3o \u00e0 finalidade desejada de resid\u00eancia ou uma expuls\u00e3o ser\u00e1 iniciada. Se as instru\u00e7\u00f5es das autoridades de imigra\u00e7\u00e3o n\u00e3o forem seguidas, a deporta\u00e7\u00e3o pode ser iniciada. As autoridades de imigra\u00e7\u00e3o n\u00e3o s\u00f3 fornecem <a href=\"https:\/\/auslaenderbehoerde.org\/pt\/permissao-de-residencia-2\/\">permiss\u00e3o de resid\u00eancia<\/a> mas tamb\u00e9m documentos de passaporte de substitui\u00e7\u00e3o, se forem necess\u00e1rios.<\/p>\n<p>Os escrit\u00f3rios de imigra\u00e7\u00e3o tamb\u00e9m s\u00e3o respons\u00e1veis pelos requerentes de asilo e pessoas deslocadas. Eles decidem sobre as autoriza\u00e7\u00f5es de resid\u00eancia e as emitem se a decis\u00e3o for positiva. O Escrit\u00f3rio Federal para Migra\u00e7\u00e3o e Refugiados (BAMF) \u00e9 ent\u00e3o respons\u00e1vel pela condu\u00e7\u00e3o do procedimento de asilo. Da mesma forma para a emiss\u00e3o de documentos de viagem e toler\u00e2ncia para estrangeiros. A decis\u00e3o quanto ao cumprimento dos requisitos legais para o reagrupamento familiar \u00e9 tamb\u00e9m tomada pelo BAMF. As autoridades de imigra\u00e7\u00e3o est\u00e3o envolvidas na emiss\u00e3o de vistos.<\/p>\n<p>A responsabilidade da autoridade estrangeira tamb\u00e9m se relaciona com in\u00fameras outras tarefas. O tipo e a dura\u00e7\u00e3o da autoriza\u00e7\u00e3o de resid\u00eancia variam muito. Alguns t\u00eam um limite de tempo, enquanto outros t\u00eam sua autoriza\u00e7\u00e3o de resid\u00eancia rejeitada e\/ou s\u00e3o emitidas com uma autoriza\u00e7\u00e3o de sa\u00edda de acordo com a Lei de Resid\u00eancia. As identidades da pessoa precisam ser esclarecidas se houver a obriga\u00e7\u00e3o de deixar o pa\u00eds. Essas e in\u00fameras outras atividades s\u00e3o processadas pelo Escrit\u00f3rio de Imigra\u00e7\u00e3o. Abaixo voc\u00ea encontrar\u00e1 uma vis\u00e3o geral de todas as atividades que se enquadram no escopo das autoridades de imigra\u00e7\u00e3o:<\/p>\n<ul style=\"list-style-type: circle;\">\n<li>registro<\/li>\n<li>procedimento de asilo<\/li>\n<li>ajuda a refugiados<\/li>\n<li>assist\u00eancia Social<\/li>\n<li>cursos de integra\u00e7\u00e3o<\/li>\n<li>Organiza\u00e7\u00e3o e aprova\u00e7\u00e3o de entrada e perman\u00eancia na Alemanha<\/li>\n<li>direito ao benef\u00edcio<\/li>\n<li>reembolso e assist\u00eancia m\u00e9dica<\/li>\n<li>Estado civil<\/li>\n<li>declara\u00e7\u00e3o de compromisso<\/li>\n<li>op\u00e7\u00f5es de hospedagem<\/li>\n<\/ul>\n<h3><span id=\"Wie_kann_ich_einen_Termin_beim_Jugendamt_vereinbaren\">Como posso marcar uma consulta no Escrit\u00f3rio de Imigra\u00e7\u00e3o?<\/span><\/h3>\n<p>Em regra, pode marcar uma consulta por telefone, atrav\u00e9s do formul\u00e1rio de contacto ou atrav\u00e9s do portal de atendimento da respetiva cidade. Em algumas cidades voc\u00ea pode baixar v\u00e1rios formul\u00e1rios online para esclarecer quest\u00f5es importantes com anteced\u00eancia. O endere\u00e7o e o hor\u00e1rio de funcionamento podem ser consultados online. Certifique-se de ter todos os documentos necess\u00e1rios antes de visitar a ag\u00eancia.<\/p>\n<div class=\"su-note\"  style=\"border-color:#d1d1d0;border-radius:3px;-moz-border-radius:3px;-webkit-border-radius:3px;\"><div class=\"su-note-inner su-u-clearfix su-u-trim\" style=\"background-color:#ebebea;border-color:#ffffff;color:#444444;border-radius:3px;-moz-border-radius:3px;-webkit-border-radius:3px;\"><b>Um aviso: <\/b>Para escrit\u00f3rios e autoridades, geralmente voc\u00ea precisa dos documentos ou certificados como <a href=\"https:\/\/tidd.ly\/3y8DKdr\" target=\"_blank\" rel=\"noopener\">tradu\u00e7\u00e3o juramentada<\/a>*.<\/div><\/div>\n<p><strong>Voc\u00ea est\u00e1 esperando visitantes do exterior?<\/strong> Com um <a href=\"https:\/\/auslaenderbehoerde.org\/pt\/seguro-viagem-para-hospedes-estrangeiros\/\">Seguro viagem para estrangeiros<\/a> beneficiam de uma prote\u00e7\u00e3o abrangente na Alemanha e na Europa.<\/p>\n<h3>Lei estadual regulamenta a jurisdi\u00e7\u00e3o local para estrangeiros<\/h3>\n<p>A lei federal n\u00e3o regulamenta a jurisdi\u00e7\u00e3o local para um estrangeiro. A lei estadual complementar \u00e9 respons\u00e1vel por isso.<br \/>\nComo regra, o local de resid\u00eancia habitual \u00e9 respons\u00e1vel pela sua jurisdi\u00e7\u00e3o local.<\/p>\n<h3>\u00c9 assim que as decis\u00f5es nos pa\u00edses s\u00e3o realmente implementadas<\/h3>\n<p>Se o BAMF decidir negativamente e forem tomadas decis\u00f5es que ponham fim \u00e0 estadia, estas devem ser implementadas prontamente. As autoridades de imigra\u00e7\u00e3o s\u00e3o respons\u00e1veis por fazer cumprir essas decis\u00f5es. Os requisitos legais necess\u00e1rios para a deporta\u00e7\u00e3o dos respectivos estrangeiros tamb\u00e9m s\u00e3o avaliados pelas autoridades de imigra\u00e7\u00e3o. Os voos que cumprem os requisitos s\u00e3o ent\u00e3o registados pelas autoridades respons\u00e1veis. A pol\u00edcia estadual relevante ent\u00e3o controla a execu\u00e7\u00e3o real.<\/p>\n<p>As autoridades de imigra\u00e7\u00e3o da Ren\u00e2nia do Norte-Vestef\u00e1lia s\u00e3o uma exce\u00e7\u00e3o, pois t\u00eam o status de uma autoridade reguladora especial na acep\u00e7\u00e3o do \u00a7 12 OBG. Isso significa que as autoridades de imigra\u00e7\u00e3o da Ren\u00e2nia do Norte-Vestf\u00e1lia podem realizar medidas de pris\u00e3o e deporta\u00e7\u00f5es com a ajuda de agentes especiais de execu\u00e7\u00e3o, de acordo com a Se\u00e7\u00e3o 62 da Lei de Resid\u00eancia. De acordo com a Se\u00e7\u00e3o 113 do C\u00f3digo Penal, eles s\u00e3o legitimados e protegidos da mesma forma que os policiais e policiais.<\/p>\n<p>Se os estrangeiros que desejam um visto de estudante, Schengen ou visitante para viajar para a Alemanha, dependendo de seu pa\u00eds de origem, devem solicitar \u00e0 autoridade de estrangeiros respons\u00e1vel <a href=\"https:\/\/auslaenderbehoerde.org\/pt\/declaracao-de-compromisso\/\">declara\u00e7\u00e3o de compromisso<\/a> seja dado. Com a declara\u00e7\u00e3o de compromisso antes da emiss\u00e3o do visto, as autoridades de imigra\u00e7\u00e3o asseguram que os visitantes ou aqueles que os convidam s\u00e3o obrigados a arcar com todos os custos que incorrer\u00e3o durante sua estadia na Alemanha.<\/p>\n<h3 id=\"customheading6\"><strong>Links Relacionados\u00a0<\/strong><\/h3>\n<ul style=\"list-style-type: circle;\">\n<li><a href=\"https:\/\/auslaenderbehoerde.org\/pt\/primeiros-passos-na-alemanha\/\">Primeiros passos na Alemanha<\/a><\/li>\n<\/ul>","protected":false},"excerpt":{"rendered":"<p>Os estrangeiros que desejam viver e trabalhar na Alemanha devem primeiro contactar as autoridades de imigra\u00e7\u00e3o. Isso tamb\u00e9m \u00e9 conhecido como escrit\u00f3rio de imigra\u00e7\u00e3o. Existe uma autoridade separada para cada estado federal. Dependendo do pa\u00eds de onde voc\u00ea deseja entrar na Alemanha, \u00e9 necess\u00e1rio um visto. Isso tamb\u00e9m pode ser solicitado na autoridade de imigra\u00e7\u00e3o. Encontre o\u2026&nbsp;<a href=\"https:\/\/auslaenderbehoerde.org\/pt\/\" rel=\"bookmark\">Leia mais \u00bb<span class=\"screen-reader-text\">Autoridade de estrangeiros<\/span><\/a><\/p>","protected":false},"author":1,"featured_media":65,"parent":0,"menu_order":0,"comment_status":"closed","ping_status":"closed","template":"","meta":{"neve_meta_sidebar":"","neve_meta_container":"","neve_meta_enable_content_width":"off","neve_meta_content_width":100,"neve_meta_title_alignment":"","neve_meta_author_avatar":"","neve_post_elements_order":"","neve_meta_disable_header":"","neve_meta_disable_footer":"","neve_meta_disable_title":"","neve_meta_reading_time":"","footnotes":""},"class_list":["post-27","page","type-page","status-publish","has-post-thumbnail","hentry"],"yoast_head":"<!-- This site is optimized with the Yoast SEO plugin v26.6 - https:\/\/yoast.com\/wordpress\/plugins\/seo\/ -->\n<title>Ausl\u00e4nderbeh\u00f6rden in Deutschland - Aufgaben und Zust\u00e4ndigkeit<\/title>\n<meta name=\"description\" content=\"Hier finden Sie alle Adressen und Kontaktinformationen der Ausl\u00e4nder\u00e4mter oder auch Ausl\u00e4nderbeh\u00f6rden in Deutschland nach Bundesland geordnet\" \/>\n<meta name=\"robots\" content=\"index, follow, max-snippet:-1, max-image-preview:large, max-video-preview:-1\" \/>\n<link rel=\"canonical\" href=\"https:\/\/auslaenderbehoerde.org\/pt\/\" \/>\n<meta property=\"og:locale\" content=\"pt_PT\" \/>\n<meta property=\"og:type\" content=\"article\" \/>\n<meta property=\"og:title\" content=\"Ausl\u00e4nderbeh\u00f6rden in Deutschland - Aufgaben und Zust\u00e4ndigkeit\" \/>\n<meta property=\"og:description\" content=\"Hier finden Sie alle Adressen und Kontaktinformationen der Ausl\u00e4nder\u00e4mter oder auch Ausl\u00e4nderbeh\u00f6rden in Deutschland nach Bundesland geordnet\" \/>\n<meta property=\"og:url\" content=\"https:\/\/auslaenderbehoerde.org\/pt\/\" \/>\n<meta property=\"og:site_name\" content=\"auslaenderbehoerde.org\" \/>\n<meta property=\"article:modified_time\" content=\"2022-10-28T13:32:27+00:00\" \/>\n<meta property=\"og:image\" content=\"https:\/\/auslaenderbehoerde.org\/wp-content\/uploads\/2022\/06\/Ausla\u0308nderbeho\u0308rde-scaled-e1656327377843.jpeg\" \/>\n\t<meta property=\"og:image:width\" content=\"900\" \/>\n\t<meta property=\"og:image:height\" content=\"675\" \/>\n\t<meta property=\"og:image:type\" content=\"image\/jpeg\" \/>\n<meta name=\"twitter:card\" content=\"summary_large_image\" \/>\n<meta name=\"twitter:label1\" content=\"Tempo estimado de leitura\" \/>\n\t<meta name=\"twitter:data1\" content=\"5 minutos\" \/>\n<script type=\"application\/ld+json\" class=\"yoast-schema-graph\">{\"@context\":\"https:\/\/schema.org\",\"@graph\":[{\"@type\":\"WebPage\",\"@id\":\"https:\/\/auslaenderbehoerde.org\/\",\"url\":\"https:\/\/auslaenderbehoerde.org\/\",\"name\":\"Ausl\u00e4nderbeh\u00f6rden in Deutschland - Aufgaben und Zust\u00e4ndigkeit\",\"isPartOf\":{\"@id\":\"https:\/\/auslaenderbehoerde.org\/#website\"},\"primaryImageOfPage\":{\"@id\":\"https:\/\/auslaenderbehoerde.org\/#primaryimage\"},\"image\":{\"@id\":\"https:\/\/auslaenderbehoerde.org\/#primaryimage\"},\"thumbnailUrl\":\"https:\/\/auslaenderbehoerde.org\/wp-content\/uploads\/2022\/06\/Ausla\u0308nderbeho\u0308rde-scaled-e1656327377843.jpeg\",\"datePublished\":\"2022-06-27T07:55:59+00:00\",\"dateModified\":\"2022-10-28T13:32:27+00:00\",\"description\":\"Hier finden Sie alle Adressen und Kontaktinformationen der Ausl\u00e4nder\u00e4mter oder auch Ausl\u00e4nderbeh\u00f6rden in Deutschland nach Bundesland geordnet\",\"breadcrumb\":{\"@id\":\"https:\/\/auslaenderbehoerde.org\/#breadcrumb\"},\"inLanguage\":\"pt-PT\",\"potentialAction\":[{\"@type\":\"ReadAction\",\"target\":[\"https:\/\/auslaenderbehoerde.org\/\"]}]},{\"@type\":\"ImageObject\",\"inLanguage\":\"pt-PT\",\"@id\":\"https:\/\/auslaenderbehoerde.org\/#primaryimage\",\"url\":\"https:\/\/auslaenderbehoerde.org\/wp-content\/uploads\/2022\/06\/Ausla\u0308nderbeho\u0308rde-scaled-e1656327377843.jpeg\",\"contentUrl\":\"https:\/\/auslaenderbehoerde.org\/wp-content\/uploads\/2022\/06\/Ausla\u0308nderbeho\u0308rde-scaled-e1656327377843.jpeg\",\"width\":900,\"height\":675,\"caption\":\"Ausl\u00e4nderbeh\u00f6rde\"},{\"@type\":\"BreadcrumbList\",\"@id\":\"https:\/\/auslaenderbehoerde.org\/#breadcrumb\",\"itemListElement\":[{\"@type\":\"ListItem\",\"position\":1,\"name\":\"Startseite\",\"item\":\"https:\/\/auslaenderbehoerde.org\/\"},{\"@type\":\"ListItem\",\"position\":2,\"name\":\"Ausl\u00e4nderbeh\u00f6rde\"}]},{\"@type\":\"WebSite\",\"@id\":\"https:\/\/auslaenderbehoerde.org\/#website\",\"url\":\"https:\/\/auslaenderbehoerde.org\/\",\"name\":\"auslaenderbehoerde.org\",\"description\":\"\",\"potentialAction\":[{\"@type\":\"SearchAction\",\"target\":{\"@type\":\"EntryPoint\",\"urlTemplate\":\"https:\/\/auslaenderbehoerde.org\/?s={search_term_string}\"},\"query-input\":{\"@type\":\"PropertyValueSpecification\",\"valueRequired\":true,\"valueName\":\"search_term_string\"}}],\"inLanguage\":\"pt-PT\"}]}<\/script>\n<!-- \/ Yoast SEO plugin. -->","yoast_head_json":{"title":"Autoridades de imigra\u00e7\u00e3o na Alemanha - tarefas e responsabilidades","description":"Aqui voc\u00ea encontrar\u00e1 todos os endere\u00e7os e informa\u00e7\u00f5es de contato dos escrit\u00f3rios de imigra\u00e7\u00e3o ou autoridades de imigra\u00e7\u00e3o na Alemanha, classificados por estado federal","robots":{"index":"index","follow":"follow","max-snippet":"max-snippet:-1","max-image-preview":"max-image-preview:large","max-video-preview":"max-video-preview:-1"},"canonical":"https:\/\/auslaenderbehoerde.org\/pt\/","og_locale":"pt_PT","og_type":"article","og_title":"Ausl\u00e4nderbeh\u00f6rden in Deutschland - Aufgaben und Zust\u00e4ndigkeit","og_description":"Hier finden Sie alle Adressen und Kontaktinformationen der Ausl\u00e4nder\u00e4mter oder auch Ausl\u00e4nderbeh\u00f6rden in Deutschland nach Bundesland geordnet","og_url":"https:\/\/auslaenderbehoerde.org\/pt\/","og_site_name":"auslaenderbehoerde.org","article_modified_time":"2022-10-28T13:32:27+00:00","og_image":[{"width":900,"height":675,"url":"https:\/\/auslaenderbehoerde.org\/wp-content\/uploads\/2022\/06\/Ausla\u0308nderbeho\u0308rde-scaled-e1656327377843.jpeg","type":"image\/jpeg"}],"twitter_card":"summary_large_image","twitter_misc":{"Tempo estimado de leitura":"5 minutos"},"schema":{"@context":"https:\/\/schema.org","@graph":[{"@type":"WebPage","@id":"https:\/\/auslaenderbehoerde.org\/","url":"https:\/\/auslaenderbehoerde.org\/","name":"Autoridades de imigra\u00e7\u00e3o na Alemanha - tarefas e responsabilidades","isPartOf":{"@id":"https:\/\/auslaenderbehoerde.org\/#website"},"primaryImageOfPage":{"@id":"https:\/\/auslaenderbehoerde.org\/#primaryimage"},"image":{"@id":"https:\/\/auslaenderbehoerde.org\/#primaryimage"},"thumbnailUrl":"https:\/\/auslaenderbehoerde.org\/wp-content\/uploads\/2022\/06\/Ausla\u0308nderbeho\u0308rde-scaled-e1656327377843.jpeg","datePublished":"2022-06-27T07:55:59+00:00","dateModified":"2022-10-28T13:32:27+00:00","description":"Aqui voc\u00ea encontrar\u00e1 todos os endere\u00e7os e informa\u00e7\u00f5es de contato dos escrit\u00f3rios de imigra\u00e7\u00e3o ou autoridades de imigra\u00e7\u00e3o na Alemanha, classificados por estado federal","breadcrumb":{"@id":"https:\/\/auslaenderbehoerde.org\/#breadcrumb"},"inLanguage":"pt-PT","potentialAction":[{"@type":"ReadAction","target":["https:\/\/auslaenderbehoerde.org\/"]}]},{"@type":"ImageObject","inLanguage":"pt-PT","@id":"https:\/\/auslaenderbehoerde.org\/#primaryimage","url":"https:\/\/auslaenderbehoerde.org\/wp-content\/uploads\/2022\/06\/Ausla\u0308nderbeho\u0308rde-scaled-e1656327377843.jpeg","contentUrl":"https:\/\/auslaenderbehoerde.org\/wp-content\/uploads\/2022\/06\/Ausla\u0308nderbeho\u0308rde-scaled-e1656327377843.jpeg","width":900,"height":675,"caption":"Ausl\u00e4nderbeh\u00f6rde"},{"@type":"BreadcrumbList","@id":"https:\/\/auslaenderbehoerde.org\/#breadcrumb","itemListElement":[{"@type":"ListItem","position":1,"name":"Startseite","item":"https:\/\/auslaenderbehoerde.org\/"},{"@type":"ListItem","position":2,"name":"Ausl\u00e4nderbeh\u00f6rde"}]},{"@type":"WebSite","@id":"https:\/\/auslaenderbehoerde.org\/#website","url":"https:\/\/auslaenderbehoerde.org\/","name":"www.auslaenderbehoerde.org","description":"","potentialAction":[{"@type":"SearchAction","target":{"@type":"EntryPoint","urlTemplate":"https:\/\/auslaenderbehoerde.org\/?s={search_term_string}"},"query-input":{"@type":"PropertyValueSpecification","valueRequired":true,"valueName":"search_term_string"}}],"inLanguage":"pt-PT"}]}},"_links":{"self":[{"href":"https:\/\/auslaenderbehoerde.org\/pt\/wp-json\/wp\/v2\/pages\/27","targetHints":{"allow":["GET"]}}],"collection":[{"href":"https:\/\/auslaenderbehoerde.org\/pt\/wp-json\/wp\/v2\/pages"}],"about":[{"href":"https:\/\/auslaenderbehoerde.org\/pt\/wp-json\/wp\/v2\/types\/page"}],"author":[{"embeddable":true,"href":"https:\/\/auslaenderbehoerde.org\/pt\/wp-json\/wp\/v2\/users\/1"}],"replies":[{"embeddable":true,"href":"https:\/\/auslaenderbehoerde.org\/pt\/wp-json\/wp\/v2\/comments?post=27"}],"version-history":[{"count":10,"href":"https:\/\/auslaenderbehoerde.org\/pt\/wp-json\/wp\/v2\/pages\/27\/revisions"}],"predecessor-version":[{"id":1600,"href":"https:\/\/auslaenderbehoerde.org\/pt\/wp-json\/wp\/v2\/pages\/27\/revisions\/1600"}],"wp:featuredmedia":[{"embeddable":true,"href":"https:\/\/auslaenderbehoerde.org\/pt\/wp-json\/wp\/v2\/media\/65"}],"wp:attachment":[{"href":"https:\/\/auslaenderbehoerde.org\/pt\/wp-json\/wp\/v2\/media?parent=27"}],"curies":[{"name":"wp","href":"https:\/\/api.w.org\/{rel}","templated":true}]}}