{"id":30,"date":"2022-06-27T10:02:06","date_gmt":"2022-06-27T08:02:06","guid":{"rendered":"https:\/\/auslaenderbehoerde.org\/?page_id=30"},"modified":"2022-07-05T17:16:40","modified_gmt":"2022-07-05T15:16:40","slug":"auslaenderbehoerden-in-baden-wuerttemberg","status":"publish","type":"page","link":"https:\/\/auslaenderbehoerde.org\/pt\/autoridades-de-imigracao-em-baden-wuerttemberg\/","title":{"rendered":"Autoridades de imigra\u00e7\u00e3o em Baden-W\u00fcrttemberg"},"content":{"rendered":"<p>Aqui voc\u00ea encontrar\u00e1 todos os endere\u00e7os, informa\u00e7\u00f5es de contato e hor\u00e1rios de funcionamento das autoridades de imigra\u00e7\u00e3o ou escrit\u00f3rios de imigra\u00e7\u00e3o em<strong>\u00a0Baden-Wuerttemberg.<\/strong><\/p>\n<p>No estado federal de Baden-W\u00fcrttemberg existe atualmente <strong>90 autoridades de imigra\u00e7\u00e3o<\/strong>que est\u00e3o \u00e0 sua disposi\u00e7\u00e3o para quaisquer quest\u00f5es relacionadas com os seus assuntos.<\/p>\n<h2><span id=\"Uebersicht_aller_Jobcenter_in_Baden-Wuerttemberg\" class=\"ez-toc-section\">Vis\u00e3o geral das autoridades de imigra\u00e7\u00e3o em Baden-W\u00fcrttemberg<\/span><\/h2>\n<p>Na lista, selecione o escrit\u00f3rio de imigra\u00e7\u00e3o ou escrit\u00f3rio de imigra\u00e7\u00e3o mais pr\u00f3ximo do seu local de resid\u00eancia.<\/p>\n<ul style=\"list-style-type: circle;\">\n<li><a href=\"https:\/\/auslaenderbehoerde.org\/pt\/autoridades-de-imigracao\/\">aquecendo-se<\/a><\/li>\n<li><a href=\"https:\/\/auslaenderbehoerde.org\/pt\/escritorio-de-imigracao-albstadt\/\">Albstadt<\/a><\/li>\n<li><a href=\"https:\/\/auslaenderbehoerde.org\/pt\/autoridade-de-estrangeiros-altensteig\/\">Altenstein<\/a><\/li>\n<li><a href=\"https:\/\/auslaenderbehoerde.org\/pt\/autoridade-de-imigracao-backnang\/\">apoio<\/a><\/li>\n<li><a href=\"https:\/\/auslaenderbehoerde.org\/pt\/escritorio-de-imigracao-bad-rappenau\/\">Bad Rappenau<\/a><\/li>\n<li><a href=\"https:\/\/auslaenderbehoerde.org\/pt\/escritorio-de-imigracao-bad-saulgau\/\">Bad Saulgau<\/a><\/li>\n<li><a href=\"https:\/\/auslaenderbehoerde.org\/pt\/escritorio-de-imigracao-bad-urach\/\">Urach ruim<\/a><\/li>\n<li><a href=\"https:\/\/auslaenderbehoerde.org\/pt\/autoridade-de-imigracao-baden-baden\/\">Baden-Baden<\/a><\/li>\n<li><a href=\"https:\/\/auslaenderbehoerde.org\/pt\/autoridade-de-imigracao-balingen\/\">Balingen<\/a><\/li>\n<li><a href=\"https:\/\/auslaenderbehoerde.org\/pt\/escritorio-de-imigracao-biberach-an-der-riss\/\">Biberach an der Riss<\/a><\/li>\n<li><a href=\"https:\/\/auslaenderbehoerde.org\/pt\/escritorio-de-imigracao-bietigheim-bissingen\/\">Bietigheim-Bissingen<\/a><\/li>\n<li><a href=\"https:\/\/auslaenderbehoerde.org\/pt\/autoridade-de-imigracao-blaubeuren\/\">Blaubeuren<\/a><\/li>\n<li><a href=\"https:\/\/auslaenderbehoerde.org\/pt\/autoridades-de-imigracao-boeblingen\/\">Boeblingen<\/a><\/li>\n<li><a href=\"https:\/\/auslaenderbehoerde.org\/pt\/autoridades-de-imigracao-bruchsal\/\">Bruchsal<\/a><\/li>\n<li><a href=\"https:\/\/auslaenderbehoerde.org\/pt\/autoridade-de-imigracao-buehl\/\">Buehl<\/a><\/li>\n<li><a href=\"https:\/\/auslaenderbehoerde.org\/pt\/autoridade-de-imigracao-calw\/\">Calw<\/a><\/li>\n<li><a href=\"https:\/\/auslaenderbehoerde.org\/pt\/autoridade-de-imigracao-creglengen\/\">Creglingen<\/a><\/li>\n<li><a href=\"https:\/\/auslaenderbehoerde.org\/pt\/escritorio-de-imigracao-dietenheim\/\">Dietenheim<\/a><\/li>\n<li><a href=\"https:\/\/auslaenderbehoerde.org\/pt\/autoridade-de-estrangeiros-donaueschingen\/\">Donaueschingen<\/a><\/li>\n<li><a href=\"https:\/\/auslaenderbehoerde.org\/pt\/autoridades-de-imigracao-ehingen\/\">casamentos<\/a><\/li>\n<li><a href=\"https:\/\/auslaenderbehoerde.org\/pt\/autoridade-de-estrangeiros-eislingen\/\">Eislingen<\/a><\/li>\n<li><a href=\"https:\/\/auslaenderbehoerde.org\/pt\/autoridade-de-imigracao-emendingen\/\">Emmendingen<\/a><\/li>\n<li><a href=\"https:\/\/auslaenderbehoerde.org\/pt\/autoridade-estrangeira-esslingen\/\">esslingen<\/a><\/li>\n<li><a href=\"https:\/\/auslaenderbehoerde.org\/pt\/autoridade-de-imigracao-ettlingen\/\">Ettlingen<\/a><\/li>\n<li><a href=\"https:\/\/auslaenderbehoerde.org\/pt\/autoridades-de-imigracao-fellbach\/\">Fellbach<\/a><\/li>\n<li><a href=\"https:\/\/auslaenderbehoerde.org\/pt\/autoridade-de-imigracao-freiburg\/\">Friburgo<\/a><\/li>\n<li><a href=\"https:\/\/auslaenderbehoerde.org\/pt\/escritorio-de-imigracao-freudenstadt\/\">Freudenstadt<\/a><\/li>\n<li><a href=\"https:\/\/auslaenderbehoerde.org\/pt\/escritorio-de-imigracao-furtwangen-na-floresta-negra\/\">Furtwangen na Floresta Negra<\/a><\/li>\n<li><a href=\"https:\/\/auslaenderbehoerde.org\/pt\/escritorio-de-imigracao-gaggenau\/\">Gaggenau<\/a><\/li>\n<li><a href=\"https:\/\/auslaenderbehoerde.org\/pt\/autoridade-de-imigracao-gammertingen\/\">Gammertingen<\/a><\/li>\n<li><a href=\"https:\/\/auslaenderbehoerde.org\/pt\/escritorio-de-imigracao-geislingen-an-der-steige\/\">Geislingen an der Steige<\/a><\/li>\n<li><a href=\"https:\/\/auslaenderbehoerde.org\/pt\/autoridade-de-imigracao-goeppingen\/\">Goeppingen<\/a><\/li>\n<li><a href=\"https:\/\/auslaenderbehoerde.org\/pt\/autoridades-de-imigracao-heilbronn\/\">Heilbronn<\/a><\/li>\n<li><a href=\"https:\/\/auslaenderbehoerde.org\/pt\/autoridades-de-imigracao-heidelberg\/\">Heidelberg<\/a><\/li>\n<li><a href=\"https:\/\/auslaenderbehoerde.org\/pt\/escritorio-de-imigracao-heidenheim-an-der-brenz\/\">Heidenheim an der Brenz<\/a><\/li>\n<li><a href=\"https:\/\/auslaenderbehoerde.org\/pt\/autoridade-de-estrangeiros-herbolzheim\/\">Herbolzheim<\/a><\/li>\n<li><a href=\"https:\/\/auslaenderbehoerde.org\/pt\/escritorio-de-imigracao-herrenberg\/\">Herrenberg<\/a><\/li>\n<li><a href=\"https:\/\/auslaenderbehoerde.org\/pt\/autoridades-de-imigracao-heubach\/\">Heubach<\/a><\/li>\n<li><a href=\"https:\/\/auslaenderbehoerde.org\/pt\/escritorio-de-imigracao-hockenheim\/\">Hockenheim<\/a><\/li>\n<li><a href=\"https:\/\/auslaenderbehoerde.org\/pt\/autoridade-de-imigracao-horb-am-neckar\/\">Horb am Neckar<\/a><\/li>\n<li><a href=\"https:\/\/auslaenderbehoerde.org\/pt\/autoridade-de-imigracao-karlsruhe\/\">Karlsruhe<\/a><\/li>\n<li><a href=\"https:\/\/auslaenderbehoerde.org\/pt\/autoridade-de-imigracao-kehl\/\">garganta<\/a><\/li>\n<li><a href=\"https:\/\/auslaenderbehoerde.org\/pt\/autoridades-de-imigracao-kirchheim-unter-teck\/\">Kirchheim unter Teck<\/a><\/li>\n<li><a href=\"https:\/\/auslaenderbehoerde.org\/pt\/autoridades-de-imigracao-konstanz\/\">const\u00e2ncia<\/a><\/li>\n<li><a href=\"https:\/\/auslaenderbehoerde.org\/pt\/escritorio-de-imigracao-kornwestheim\/\">Kornwestheim<\/a><\/li>\n<li><a href=\"https:\/\/auslaenderbehoerde.org\/pt\/autoridade-de-imigracao-kuenzelsau\/\">K\u00fcnzelsau<\/a><\/li>\n<li><a href=\"https:\/\/auslaenderbehoerde.org\/pt\/escritorio-de-imigracao-langenau\/\">Langenau<\/a><\/li>\n<li><a href=\"https:\/\/auslaenderbehoerde.org\/pt\/autoridades-de-imigracao-colando\/\">colando<\/a><\/li>\n<li><a href=\"https:\/\/auslaenderbehoerde.org\/pt\/autoridade-de-imigracao-leonberg\/\">Leonberg<\/a><\/li>\n<li><a href=\"https:\/\/auslaenderbehoerde.org\/pt\/escritorio-de-imigracao-lichtenau\/\">Lichtenau<\/a><\/li>\n<li><a href=\"https:\/\/auslaenderbehoerde.org\/pt\/escritorio-de-imigracao-loerrach\/\">Loerrach<\/a><\/li>\n<li><a href=\"https:\/\/auslaenderbehoerde.org\/pt\/autoridade-de-imigracao-ludwigsburg\/\">Ludwigsburg<\/a><\/li>\n<li><a href=\"https:\/\/auslaenderbehoerde.org\/pt\/autoridade-de-imigracao-mannheim\/\">Manheim<\/a><\/li>\n<li><a href=\"https:\/\/auslaenderbehoerde.org\/pt\/escritorio-de-imigracao-metzingen\/\">Metzingen<\/a><\/li>\n<li><a href=\"https:\/\/auslaenderbehoerde.org\/pt\/autoridades-de-imigracao-mosbach\/\">Mosbach<\/a><\/li>\n<li><a href=\"https:\/\/auslaenderbehoerde.org\/pt\/autoridades-de-imigracao-moessingen\/\">moessingen<\/a><\/li>\n<li><a href=\"https:\/\/auslaenderbehoerde.org\/pt\/escritorio-de-imigracao-munderkingen\/\">Munderkingen<\/a><\/li>\n<li><a href=\"https:\/\/auslaenderbehoerde.org\/pt\/escritorio-de-imigracao-nuertingen\/\">Nuertingen<\/a><\/li>\n<li><a href=\"https:\/\/auslaenderbehoerde.org\/pt\/autoridade-de-estrangeiros-oberkirch\/\">Oberkirch<\/a><\/li>\n<li><a href=\"https:\/\/auslaenderbehoerde.org\/pt\/autoridade-de-imigracao-offenburg\/\">Offenburg<\/a><\/li>\n<li><a href=\"https:\/\/auslaenderbehoerde.org\/pt\/autoridade-estrangeira-ostfildern\/\">Ostfildern<\/a><\/li>\n<li><a href=\"https:\/\/auslaenderbehoerde.org\/pt\/autoridades-de-imigracao-pforzheim\/\">Pforzheim<\/a><\/li>\n<li><a href=\"https:\/\/auslaenderbehoerde.org\/pt\/autoridades-de-imigracao-radolfzell-am-bodensee\/\">Radolfzell no Lago Constan\u00e7a<\/a><\/li>\n<li><a href=\"https:\/\/auslaenderbehoerde.org\/pt\/autoridades-de-imigracao-rastatt\/\">Rastatt<\/a><\/li>\n<li><a href=\"https:\/\/auslaenderbehoerde.org\/pt\/autoridades-de-imigracao-ravensburg\/\">Ravensburg<\/a><\/li>\n<li><a href=\"https:\/\/auslaenderbehoerde.org\/pt\/autoridades-de-imigracao-reutlingen\/\">Reutlingen<\/a><\/li>\n<li><a href=\"https:\/\/auslaenderbehoerde.org\/pt\/escritorio-de-imigracao-rheinfelden\/\">Rheinfelden<\/a><\/li>\n<li><a href=\"https:\/\/auslaenderbehoerde.org\/pt\/autoridade-de-imigracao-rheinstetten\/\">Rheinstetten<\/a><\/li>\n<li><a href=\"https:\/\/auslaenderbehoerde.org\/pt\/autoridade-de-imigracao-rottweil\/\">Rottweil<\/a><\/li>\n<li><a href=\"https:\/\/auslaenderbehoerde.org\/pt\/autoridade-de-estrangeiros-schorndorf\/\">Schorndorf<\/a><\/li>\n<li><a href=\"https:\/\/auslaenderbehoerde.org\/pt\/escritorio-de-imigracao-schwaebisch-gmuend\/\">Schw\u00e4bisch Gmuend<\/a><\/li>\n<li><a href=\"https:\/\/auslaenderbehoerde.org\/pt\/autoridade-de-estrangeiros-schwaebisch-hall\/\">Sal\u00e3o Schw\u00e4bisch<\/a><\/li>\n<li><a href=\"https:\/\/auslaenderbehoerde.org\/pt\/autoridade-de-estrangeiros-schwetzingen\/\">Schwetzingen<\/a><\/li>\n<li><a href=\"https:\/\/auslaenderbehoerde.org\/pt\/autoridade-de-imigracao-sigmaringen\/\">an\u00e9is sigma<\/a><\/li>\n<li><a href=\"https:\/\/auslaenderbehoerde.org\/pt\/autoridade-de-imigracao-sindelfingen\/\">Sindelfingen<\/a><\/li>\n<li><a href=\"https:\/\/auslaenderbehoerde.org\/pt\/escritorio-de-imigracao-sinsheim\/\">Sinsheim<\/a><\/li>\n<li><a href=\"https:\/\/auslaenderbehoerde.org\/pt\/autoridade-de-imigracao-estugarda\/\">Stuttgart<\/a><\/li>\n<li><a href=\"https:\/\/auslaenderbehoerde.org\/pt\/autoridade-de-estrangeiros-tauberbischofsheim\/\">Tauberbischofsheim<\/a><\/li>\n<li><a href=\"https:\/\/auslaenderbehoerde.org\/pt\/autoridades-de-imigracao-tuebingen\/\">tubingen<\/a><\/li>\n<li><a href=\"https:\/\/auslaenderbehoerde.org\/pt\/escritorio-de-imigracao-tuttlingen\/\">Tuttlingen<\/a><\/li>\n<li><a href=\"https:\/\/auslaenderbehoerde.org\/pt\/autoridades-de-imigracao-villingen-schwenningen\/\">Villingen-Schwenningen<\/a><\/li>\n<li><a href=\"https:\/\/auslaenderbehoerde.org\/pt\/autoridades-de-imigracao-waiblingen\/\">Waiblingen<\/a><\/li>\n<li><a href=\"https:\/\/auslaenderbehoerde.org\/pt\/autoridade-de-imigracao-waldshut-tiengen\/\">Waldshut-Tiengen<\/a><\/li>\n<li><a href=\"https:\/\/auslaenderbehoerde.org\/pt\/escritorio-de-imigracao-wangen-im-allgaeu\/\">Wangen no Allgaeu<\/a><\/li>\n<li><a href=\"https:\/\/auslaenderbehoerde.org\/pt\/autoridade-de-imigracao-porque-no-reno\/\">Porque no Reno<\/a><\/li>\n<li><a href=\"https:\/\/auslaenderbehoerde.org\/pt\/autoridades-de-imigracao-por-causa-da-cidade\/\">Por causa da cidade<\/a><\/li>\n<li><a href=\"https:\/\/auslaenderbehoerde.org\/pt\/escritorio-de-imigracao-weingarten\/\">Vinhedo<\/a><\/li>\n<li><a href=\"https:\/\/auslaenderbehoerde.org\/pt\/escritorio-de-imigracao-weinheim\/\">Weinheim<\/a><\/li>\n<li><a href=\"https:\/\/auslaenderbehoerde.org\/pt\/escritorio-de-imigracao-wertheim\/\">Wertheim<\/a><\/li>\n<li><a href=\"https:\/\/auslaenderbehoerde.org\/pt\/autoridade-de-imigracao-wiesloch\/\">Wiesloch<\/a><\/li>\n<\/ul>\n<p>Todas as informa\u00e7\u00f5es sem garantia e sujeitas a altera\u00e7\u00f5es<\/p>\n<h2><span class=\"ez-toc-section\">autoridades de imigra\u00e7\u00e3o <\/span><span class=\"ez-toc-section\">Baden-W\u00fcrttemberg \u2013 <\/span>deveres e responsabilidades<\/h2>\n<p>As autoridades de imigra\u00e7\u00e3o s\u00e3o o primeiro endere\u00e7o para estrangeiros que entram no pa\u00eds. \u00c9 respons\u00e1vel por conceder ou recusar um <a href=\"https:\/\/auslaenderbehoerde.org\/pt\/permissao-de-residencia\/\">permiss\u00e3o de resid\u00eancia<\/a>. Os escrit\u00f3rios de imigra\u00e7\u00e3o s\u00e3o respons\u00e1veis por garantir que a lei de imigra\u00e7\u00e3o seja aplicada de acordo com a situa\u00e7\u00e3o legal. Eles tamb\u00e9m s\u00e3o respons\u00e1veis pelos requerentes de asilo e pessoas deslocadas.<\/p>\n<p>O Escrit\u00f3rio de Imigra\u00e7\u00e3o decide <a href=\"https:\/\/auslaenderbehoerde.org\/pt\/permissao-de-residencia-2\/\">permiss\u00e3o de resid\u00eancia<\/a> e emite-o se a decis\u00e3o for positiva. Al\u00e9m disso, uma autoriza\u00e7\u00e3o de resid\u00eancia pode ser concedida de acordo com a Lei de Resid\u00eancia em rela\u00e7\u00e3o \u00e0 finalidade desejada de resid\u00eancia ou pode ser iniciada a deporta\u00e7\u00e3o.<\/p>\n<p>A responsabilidade da autoridade estrangeira tamb\u00e9m se estende a muitas outras tarefas. O tipo e a dura\u00e7\u00e3o da autoriza\u00e7\u00e3o de resid\u00eancia variam muito. A alguns \u00e9 dado um limite de tempo, a outros \u00e9 negada uma autoriza\u00e7\u00e3o de resid\u00eancia e\/ou \u00e9 concedida uma autoriza\u00e7\u00e3o de sa\u00edda ao abrigo da Lei de Resid\u00eancia.<\/p>\n<p>O escrit\u00f3rio de imigra\u00e7\u00e3o est\u00e1 trabalhando nisso <a href=\"https:\/\/www.gesetze-im-internet.de\/aufenthg_2004\/__71.html\" target=\"_blank\" rel=\"noopener\">Se\u00e7\u00e3o 71<\/a> Resid\u00eancia G. A autoridade \u00e9 respons\u00e1vel por regular todas as decis\u00f5es e medidas que afetem o passaporte e os direitos de resid\u00eancia dos estrangeiros.<\/p>\n<p><strong>Outras atividades que se enquadrem na \u00e1rea de responsabilidade das autoridades de imigra\u00e7\u00e3o:<\/strong><\/p>\n<ul style=\"list-style-type: circle;\">\n<li>procedimento de asilo<\/li>\n<li>ajuda a refugiados<\/li>\n<li>assist\u00eancia Social<\/li>\n<li>cursos de integra\u00e7\u00e3o<\/li>\n<li>Organiza\u00e7\u00e3o e aprova\u00e7\u00e3o de entrada e perman\u00eancia na Alemanha<\/li>\n<li>direito ao benef\u00edcio<\/li>\n<li>reembolso e assist\u00eancia m\u00e9dica<\/li>\n<li>Estado civil<\/li>\n<li><a href=\"https:\/\/auslaenderbehoerde.org\/pt\/declaracao-de-compromisso\/\">declara\u00e7\u00e3o de compromisso<\/a><\/li>\n<li>op\u00e7\u00f5es de hospedagem<\/li>\n<li>registro<\/li>\n<\/ul>\n<h3>agendamento com o respons\u00e1vel <span class=\"ez-toc-section\">Autoridade de estrangeiros<\/span><\/h3>\n<p>Em geral, voc\u00ea pode fazer o agendamento por telefone, pelo formul\u00e1rio de contato ou pelo portal de atendimento da respectiva cidade. Em algumas cidades voc\u00ea pode baixar v\u00e1rios formul\u00e1rios online para esclarecer quest\u00f5es importantes com anteced\u00eancia. O endere\u00e7o e os hor\u00e1rios de funcionamento podem ser consultados online. Certifique-se de ter todos os documentos necess\u00e1rios completos antes de ir ao Escrit\u00f3rio de Imigra\u00e7\u00e3o.<\/p>\n<div class=\"su-note\"  style=\"border-color:#d1d1d0;border-radius:3px;-moz-border-radius:3px;-webkit-border-radius:3px;\"><div class=\"su-note-inner su-u-clearfix su-u-trim\" style=\"background-color:#ebebea;border-color:#ffffff;color:#444444;border-radius:3px;-moz-border-radius:3px;-webkit-border-radius:3px;\"><b>Um aviso: <\/b>Para escrit\u00f3rios e autoridades, geralmente voc\u00ea precisa dos documentos ou certificados como <a href=\"https:\/\/tidd.ly\/3y8DKdr\" target=\"_blank\" rel=\"noopener\">tradu\u00e7\u00e3o juramentada<\/a>*.<\/div><\/div>\n<p><strong>Voc\u00ea est\u00e1 esperando visitantes do exterior?<\/strong> Com um <a href=\"https:\/\/auslaenderbehoerde.org\/pt\/seguro-viagem-para-hospedes-estrangeiros\/\">Seguro viagem para estrangeiros<\/a> beneficiam de uma prote\u00e7\u00e3o abrangente na Alemanha e na Europa.<\/p>\n<h3>Mais longe <span class=\"ez-toc-section\">Autoridades de imigra\u00e7\u00e3o e informa\u00e7\u00f5es<\/span><\/h3>\n<ul style=\"list-style-type: circle;\">\n<li><a href=\"https:\/\/auslaenderbehoerde.org\/pt\/\">Autoridades de imigra\u00e7\u00e3o na Alemanha<\/a><\/li>\n<li><a href=\"https:\/\/auslaenderbehoerde.org\/pt\/\">Primeiros passos na Alemanha<\/a><\/li>\n<\/ul>","protected":false},"excerpt":{"rendered":"<p>Aqui voc\u00ea encontrar\u00e1 todos os endere\u00e7os, informa\u00e7\u00f5es de contato e hor\u00e1rios de funcionamento das autoridades de imigra\u00e7\u00e3o ou escrit\u00f3rios de imigra\u00e7\u00e3o em Baden-W\u00fcrttemberg. Existem atualmente 90 autoridades de imigra\u00e7\u00e3o no estado de Baden-W\u00fcrttemberg que est\u00e3o dispon\u00edveis para responder a quaisquer perguntas que voc\u00ea possa ter em rela\u00e7\u00e3o aos seus assuntos. Vis\u00e3o geral das autoridades de imigra\u00e7\u00e3o em Baden-W\u00fcrttemberg Selecione na lista a autoridade de imigra\u00e7\u00e3o ou escrit\u00f3rio de imigra\u00e7\u00e3o que corresponde ao seu local de resid\u00eancia\u2026&nbsp;<a href=\"https:\/\/auslaenderbehoerde.org\/pt\/autoridades-de-imigracao-em-baden-wuerttemberg\/\" rel=\"bookmark\">Leia mais \u00bb<span class=\"screen-reader-text\">Autoridades de imigra\u00e7\u00e3o em Baden-W\u00fcrttemberg<\/span><\/a><\/p>","protected":false},"author":1,"featured_media":65,"parent":0,"menu_order":0,"comment_status":"closed","ping_status":"closed","template":"","meta":{"neve_meta_sidebar":"","neve_meta_container":"","neve_meta_enable_content_width":"off","neve_meta_content_width":100,"neve_meta_title_alignment":"","neve_meta_author_avatar":"","neve_post_elements_order":"","neve_meta_disable_header":"","neve_meta_disable_footer":"","neve_meta_disable_title":"","neve_meta_reading_time":"","footnotes":""},"class_list":["post-30","page","type-page","status-publish","has-post-thumbnail","hentry"],"yoast_head":"<!-- This site is optimized with the Yoast SEO plugin v26.6 - https:\/\/yoast.com\/wordpress\/plugins\/seo\/ -->\n<title>Ausl\u00e4nderbeh\u00f6rden in Baden-W\u00fcrttemberg | Adressen und Anschrift<\/title>\n<meta name=\"description\" content=\"Hier finden Sie alle Adressen und Kontaktinformationen der Ausl\u00e4nder\u00e4mter oder auch Ausl\u00e4nderbeh\u00f6rden in Baden-W\u00fcrttemberg\" \/>\n<meta name=\"robots\" content=\"index, follow, max-snippet:-1, max-image-preview:large, max-video-preview:-1\" \/>\n<link rel=\"canonical\" href=\"https:\/\/auslaenderbehoerde.org\/pt\/autoridades-de-imigracao-em-baden-wuerttemberg\/\" \/>\n<meta property=\"og:locale\" content=\"pt_PT\" \/>\n<meta property=\"og:type\" content=\"article\" \/>\n<meta property=\"og:title\" content=\"Ausl\u00e4nderbeh\u00f6rden in Baden-W\u00fcrttemberg | Adressen und Anschrift\" \/>\n<meta property=\"og:description\" content=\"Hier finden Sie alle Adressen und Kontaktinformationen der Ausl\u00e4nder\u00e4mter oder auch Ausl\u00e4nderbeh\u00f6rden in Baden-W\u00fcrttemberg\" \/>\n<meta property=\"og:url\" content=\"https:\/\/auslaenderbehoerde.org\/pt\/autoridades-de-imigracao-em-baden-wuerttemberg\/\" \/>\n<meta property=\"og:site_name\" content=\"auslaenderbehoerde.org\" \/>\n<meta property=\"article:modified_time\" content=\"2022-07-05T15:16:40+00:00\" \/>\n<meta property=\"og:image\" content=\"https:\/\/auslaenderbehoerde.org\/wp-content\/uploads\/2022\/06\/Ausla\u0308nderbeho\u0308rde-scaled-e1656327377843.jpeg\" \/>\n\t<meta property=\"og:image:width\" content=\"900\" \/>\n\t<meta property=\"og:image:height\" content=\"675\" \/>\n\t<meta property=\"og:image:type\" content=\"image\/jpeg\" \/>\n<meta name=\"twitter:card\" content=\"summary_large_image\" \/>\n<meta name=\"twitter:label1\" content=\"Tempo estimado de leitura\" \/>\n\t<meta name=\"twitter:data1\" content=\"3 minutos\" \/>\n<script type=\"application\/ld+json\" class=\"yoast-schema-graph\">{\"@context\":\"https:\/\/schema.org\",\"@graph\":[{\"@type\":\"WebPage\",\"@id\":\"https:\/\/auslaenderbehoerde.org\/auslaenderbehoerden-in-baden-wuerttemberg\/\",\"url\":\"https:\/\/auslaenderbehoerde.org\/auslaenderbehoerden-in-baden-wuerttemberg\/\",\"name\":\"Ausl\u00e4nderbeh\u00f6rden in Baden-W\u00fcrttemberg | Adressen und Anschrift\",\"isPartOf\":{\"@id\":\"https:\/\/auslaenderbehoerde.org\/#website\"},\"primaryImageOfPage\":{\"@id\":\"https:\/\/auslaenderbehoerde.org\/auslaenderbehoerden-in-baden-wuerttemberg\/#primaryimage\"},\"image\":{\"@id\":\"https:\/\/auslaenderbehoerde.org\/auslaenderbehoerden-in-baden-wuerttemberg\/#primaryimage\"},\"thumbnailUrl\":\"https:\/\/auslaenderbehoerde.org\/wp-content\/uploads\/2022\/06\/Ausla\u0308nderbeho\u0308rde-scaled-e1656327377843.jpeg\",\"datePublished\":\"2022-06-27T08:02:06+00:00\",\"dateModified\":\"2022-07-05T15:16:40+00:00\",\"description\":\"Hier finden Sie alle Adressen und Kontaktinformationen der Ausl\u00e4nder\u00e4mter oder auch Ausl\u00e4nderbeh\u00f6rden in Baden-W\u00fcrttemberg\",\"breadcrumb\":{\"@id\":\"https:\/\/auslaenderbehoerde.org\/auslaenderbehoerden-in-baden-wuerttemberg\/#breadcrumb\"},\"inLanguage\":\"pt-PT\",\"potentialAction\":[{\"@type\":\"ReadAction\",\"target\":[\"https:\/\/auslaenderbehoerde.org\/auslaenderbehoerden-in-baden-wuerttemberg\/\"]}]},{\"@type\":\"ImageObject\",\"inLanguage\":\"pt-PT\",\"@id\":\"https:\/\/auslaenderbehoerde.org\/auslaenderbehoerden-in-baden-wuerttemberg\/#primaryimage\",\"url\":\"https:\/\/auslaenderbehoerde.org\/wp-content\/uploads\/2022\/06\/Ausla\u0308nderbeho\u0308rde-scaled-e1656327377843.jpeg\",\"contentUrl\":\"https:\/\/auslaenderbehoerde.org\/wp-content\/uploads\/2022\/06\/Ausla\u0308nderbeho\u0308rde-scaled-e1656327377843.jpeg\",\"width\":900,\"height\":675,\"caption\":\"Ausl\u00e4nderbeh\u00f6rde\"},{\"@type\":\"BreadcrumbList\",\"@id\":\"https:\/\/auslaenderbehoerde.org\/auslaenderbehoerden-in-baden-wuerttemberg\/#breadcrumb\",\"itemListElement\":[{\"@type\":\"ListItem\",\"position\":1,\"name\":\"Startseite\",\"item\":\"https:\/\/auslaenderbehoerde.org\/\"},{\"@type\":\"ListItem\",\"position\":2,\"name\":\"Ausl\u00e4nderbeh\u00f6rden in Baden-W\u00fcrttemberg\"}]},{\"@type\":\"WebSite\",\"@id\":\"https:\/\/auslaenderbehoerde.org\/#website\",\"url\":\"https:\/\/auslaenderbehoerde.org\/\",\"name\":\"auslaenderbehoerde.org\",\"description\":\"\",\"potentialAction\":[{\"@type\":\"SearchAction\",\"target\":{\"@type\":\"EntryPoint\",\"urlTemplate\":\"https:\/\/auslaenderbehoerde.org\/?s={search_term_string}\"},\"query-input\":{\"@type\":\"PropertyValueSpecification\",\"valueRequired\":true,\"valueName\":\"search_term_string\"}}],\"inLanguage\":\"pt-PT\"}]}<\/script>\n<!-- \/ Yoast SEO plugin. -->","yoast_head_json":{"title":"Autoridades de imigra\u00e7\u00e3o em Baden-W\u00fcrttemberg | endere\u00e7os e endere\u00e7o","description":"Aqui voc\u00ea encontrar\u00e1 todos os endere\u00e7os e informa\u00e7\u00f5es de contato dos escrit\u00f3rios de imigra\u00e7\u00e3o ou autoridades de imigra\u00e7\u00e3o em Baden-W\u00fcrttemberg","robots":{"index":"index","follow":"follow","max-snippet":"max-snippet:-1","max-image-preview":"max-image-preview:large","max-video-preview":"max-video-preview:-1"},"canonical":"https:\/\/auslaenderbehoerde.org\/pt\/autoridades-de-imigracao-em-baden-wuerttemberg\/","og_locale":"pt_PT","og_type":"article","og_title":"Ausl\u00e4nderbeh\u00f6rden in Baden-W\u00fcrttemberg | Adressen und Anschrift","og_description":"Hier finden Sie alle Adressen und Kontaktinformationen der Ausl\u00e4nder\u00e4mter oder auch Ausl\u00e4nderbeh\u00f6rden in Baden-W\u00fcrttemberg","og_url":"https:\/\/auslaenderbehoerde.org\/pt\/autoridades-de-imigracao-em-baden-wuerttemberg\/","og_site_name":"auslaenderbehoerde.org","article_modified_time":"2022-07-05T15:16:40+00:00","og_image":[{"width":900,"height":675,"url":"https:\/\/auslaenderbehoerde.org\/wp-content\/uploads\/2022\/06\/Ausla\u0308nderbeho\u0308rde-scaled-e1656327377843.jpeg","type":"image\/jpeg"}],"twitter_card":"summary_large_image","twitter_misc":{"Tempo estimado de leitura":"3 minutos"},"schema":{"@context":"https:\/\/schema.org","@graph":[{"@type":"WebPage","@id":"https:\/\/auslaenderbehoerde.org\/auslaenderbehoerden-in-baden-wuerttemberg\/","url":"https:\/\/auslaenderbehoerde.org\/auslaenderbehoerden-in-baden-wuerttemberg\/","name":"Autoridades de imigra\u00e7\u00e3o em Baden-W\u00fcrttemberg | endere\u00e7os e endere\u00e7o","isPartOf":{"@id":"https:\/\/auslaenderbehoerde.org\/#website"},"primaryImageOfPage":{"@id":"https:\/\/auslaenderbehoerde.org\/auslaenderbehoerden-in-baden-wuerttemberg\/#primaryimage"},"image":{"@id":"https:\/\/auslaenderbehoerde.org\/auslaenderbehoerden-in-baden-wuerttemberg\/#primaryimage"},"thumbnailUrl":"https:\/\/auslaenderbehoerde.org\/wp-content\/uploads\/2022\/06\/Ausla\u0308nderbeho\u0308rde-scaled-e1656327377843.jpeg","datePublished":"2022-06-27T08:02:06+00:00","dateModified":"2022-07-05T15:16:40+00:00","description":"Aqui voc\u00ea encontrar\u00e1 todos os endere\u00e7os e informa\u00e7\u00f5es de contato dos escrit\u00f3rios de imigra\u00e7\u00e3o ou autoridades de imigra\u00e7\u00e3o em Baden-W\u00fcrttemberg","breadcrumb":{"@id":"https:\/\/auslaenderbehoerde.org\/auslaenderbehoerden-in-baden-wuerttemberg\/#breadcrumb"},"inLanguage":"pt-PT","potentialAction":[{"@type":"ReadAction","target":["https:\/\/auslaenderbehoerde.org\/auslaenderbehoerden-in-baden-wuerttemberg\/"]}]},{"@type":"ImageObject","inLanguage":"pt-PT","@id":"https:\/\/auslaenderbehoerde.org\/auslaenderbehoerden-in-baden-wuerttemberg\/#primaryimage","url":"https:\/\/auslaenderbehoerde.org\/wp-content\/uploads\/2022\/06\/Ausla\u0308nderbeho\u0308rde-scaled-e1656327377843.jpeg","contentUrl":"https:\/\/auslaenderbehoerde.org\/wp-content\/uploads\/2022\/06\/Ausla\u0308nderbeho\u0308rde-scaled-e1656327377843.jpeg","width":900,"height":675,"caption":"Ausl\u00e4nderbeh\u00f6rde"},{"@type":"BreadcrumbList","@id":"https:\/\/auslaenderbehoerde.org\/auslaenderbehoerden-in-baden-wuerttemberg\/#breadcrumb","itemListElement":[{"@type":"ListItem","position":1,"name":"Startseite","item":"https:\/\/auslaenderbehoerde.org\/"},{"@type":"ListItem","position":2,"name":"Ausl\u00e4nderbeh\u00f6rden in Baden-W\u00fcrttemberg"}]},{"@type":"WebSite","@id":"https:\/\/auslaenderbehoerde.org\/#website","url":"https:\/\/auslaenderbehoerde.org\/","name":"www.auslaenderbehoerde.org","description":"","potentialAction":[{"@type":"SearchAction","target":{"@type":"EntryPoint","urlTemplate":"https:\/\/auslaenderbehoerde.org\/?s={search_term_string}"},"query-input":{"@type":"PropertyValueSpecification","valueRequired":true,"valueName":"search_term_string"}}],"inLanguage":"pt-PT"}]}},"_links":{"self":[{"href":"https:\/\/auslaenderbehoerde.org\/pt\/wp-json\/wp\/v2\/pages\/30","targetHints":{"allow":["GET"]}}],"collection":[{"href":"https:\/\/auslaenderbehoerde.org\/pt\/wp-json\/wp\/v2\/pages"}],"about":[{"href":"https:\/\/auslaenderbehoerde.org\/pt\/wp-json\/wp\/v2\/types\/page"}],"author":[{"embeddable":true,"href":"https:\/\/auslaenderbehoerde.org\/pt\/wp-json\/wp\/v2\/users\/1"}],"replies":[{"embeddable":true,"href":"https:\/\/auslaenderbehoerde.org\/pt\/wp-json\/wp\/v2\/comments?post=30"}],"version-history":[{"count":10,"href":"https:\/\/auslaenderbehoerde.org\/pt\/wp-json\/wp\/v2\/pages\/30\/revisions"}],"predecessor-version":[{"id":462,"href":"https:\/\/auslaenderbehoerde.org\/pt\/wp-json\/wp\/v2\/pages\/30\/revisions\/462"}],"wp:featuredmedia":[{"embeddable":true,"href":"https:\/\/auslaenderbehoerde.org\/pt\/wp-json\/wp\/v2\/media\/65"}],"wp:attachment":[{"href":"https:\/\/auslaenderbehoerde.org\/pt\/wp-json\/wp\/v2\/media?parent=30"}],"curies":[{"name":"wp","href":"https:\/\/api.w.org\/{rel}","templated":true}]}}