{"id":48,"date":"2022-06-27T10:05:04","date_gmt":"2022-06-27T08:05:04","guid":{"rendered":"https:\/\/auslaenderbehoerde.org\/?page_id=48"},"modified":"2022-10-28T15:33:37","modified_gmt":"2022-10-28T13:33:37","slug":"auslaenderbehoerden-in-nordrhein-westphalen","status":"publish","type":"page","link":"https:\/\/auslaenderbehoerde.org\/pt\/autoridades-de-imigracao-na-renania-do-norte-vestfalia\/","title":{"rendered":"Autoridades de imigra\u00e7\u00e3o na Ren\u00e2nia do Norte-Vestf\u00e1lia"},"content":{"rendered":"<p>Aqui voc\u00ea encontrar\u00e1 todos os endere\u00e7os, informa\u00e7\u00f5es de contato e hor\u00e1rios de funcionamento das autoridades de imigra\u00e7\u00e3o ou escrit\u00f3rios de imigra\u00e7\u00e3o em<strong> Ren\u00e2nia do Norte-Vestf\u00e1lia.<\/strong><\/p>\n<p>No estado federal da Ren\u00e2nia do Norte-Vestf\u00e1lia existe atualmente <strong>93 autoridades de imigra\u00e7\u00e3o<\/strong>que est\u00e3o \u00e0 sua disposi\u00e7\u00e3o para quaisquer quest\u00f5es relacionadas com os seus assuntos.<\/p>\n<h2><span id=\"Uebersicht_aller_Jobcenter_in_Baden-Wuerttemberg\" class=\"ez-toc-section\">Vis\u00e3o geral das autoridades de imigra\u00e7\u00e3o na Ren\u00e2nia do Norte-Vestf\u00e1lia<\/span><\/h2>\n<p>Na lista, selecione o escrit\u00f3rio de imigra\u00e7\u00e3o ou escrit\u00f3rio de imigra\u00e7\u00e3o mais pr\u00f3ximo do seu local de resid\u00eancia.<\/p>\n<ul style=\"list-style-type: circle;\">\n<li><a href=\"https:\/\/auslaenderbehoerde.org\/pt\/autoridades-de-imigracao-aachen\/\">Aachen<\/a><\/li>\n<li><a href=\"https:\/\/auslaenderbehoerde.org\/pt\/autoridade-de-imigracao-altena\/\">Altena<\/a><\/li>\n<li><a href=\"https:\/\/auslaenderbehoerde.org\/pt\/autoridades-de-imigracao-arnsberg\/\">arnsberg<\/a><\/li>\n<li><a href=\"https:\/\/auslaenderbehoerde.org\/pt\/autoridade-de-imigracao-balve\/\">balve<\/a><\/li>\n<li><a href=\"https:\/\/auslaenderbehoerde.org\/pt\/autoridades-de-imigracao-bergheim\/\">casa na montanha<\/a><\/li>\n<li><a href=\"https:\/\/auslaenderbehoerde.org\/pt\/gabinete-de-estrangeiros-bergisch-gladbach\/\">Bergisch Gladbach<\/a><\/li>\n<li><a href=\"https:\/\/auslaenderbehoerde.org\/pt\/escritorio-de-imigracao-bergkamen\/\">montanhas<\/a><\/li>\n<li><a href=\"https:\/\/auslaenderbehoerde.org\/pt\/autoridades-de-imigracao-bielefeld\/\">Bielefeld<\/a><\/li>\n<li><a href=\"https:\/\/auslaenderbehoerde.org\/pt\/autoridade-de-imigracao-blomberg\/\">Blomberg<\/a><\/li>\n<li><a href=\"https:\/\/auslaenderbehoerde.org\/pt\/autoridades-de-imigracao-bocholt\/\">Bocholt<\/a><\/li>\n<li><a href=\"https:\/\/auslaenderbehoerde.org\/pt\/autoridade-de-imigracao-bochum\/\">Bochum<\/a><\/li>\n<li><a href=\"https:\/\/auslaenderbehoerde.org\/pt\/autoridade-de-imigracao-bonn\/\">Bona<\/a><\/li>\n<li><a href=\"https:\/\/auslaenderbehoerde.org\/pt\/autoridade-de-imigracao-borken\/\">latido<\/a><\/li>\n<li><a href=\"https:\/\/auslaenderbehoerde.org\/pt\/autoridades-de-imigracao-bottrop\/\">bottrop<\/a><\/li>\n<li><a href=\"https:\/\/auslaenderbehoerde.org\/pt\/autoridade-de-imigracao-brilon\/\">Brilon<\/a><\/li>\n<li><a href=\"https:\/\/auslaenderbehoerde.org\/pt\/autoridade-de-imigracao-bruehl\/\">bruehl<\/a><\/li>\n<li><a href=\"https:\/\/auslaenderbehoerde.org\/pt\/autoridades-de-imigracao-castrop-rauxel\/\">Castrop-Rauxel<\/a><\/li>\n<li><a href=\"https:\/\/auslaenderbehoerde.org\/pt\/autoridades-de-imigracao-coesfeld\/\">Coesfeld<\/a><\/li>\n<li><a href=\"https:\/\/auslaenderbehoerde.org\/pt\/autoridades-de-imigracao-datas\/\">datas<\/a><\/li>\n<li><a href=\"https:\/\/auslaenderbehoerde.org\/pt\/autoridade-de-imigracao-detmold\/\">Detmold<\/a><\/li>\n<li><a href=\"https:\/\/auslaenderbehoerde.org\/pt\/autoridade-de-imigracao-dinslaken\/\">Dinslaken<\/a><\/li>\n<li><a href=\"https:\/\/auslaenderbehoerde.org\/pt\/escritorio-de-imigracao-dormagen\/\">Dormagen<\/a><\/li>\n<li><a href=\"https:\/\/auslaenderbehoerde.org\/pt\/autoridade-de-imigracao-dorsten\/\">Dorsten<\/a><\/li>\n<li><a href=\"https:\/\/auslaenderbehoerde.org\/pt\/autoridade-de-imigracao-dortmund\/\">Dortmund<\/a><\/li>\n<li><a href=\"https:\/\/auslaenderbehoerde.org\/pt\/autoridade-de-imigracao-duisburgo\/\">Duisburg<\/a><\/li>\n<li><a href=\"https:\/\/auslaenderbehoerde.org\/pt\/autoridades-de-imigracao-dueren\/\">duren<\/a><\/li>\n<li><a href=\"https:\/\/auslaenderbehoerde.org\/pt\/autoridades-de-imigracao-desseldorf\/\">D\u00fcsseldorf<\/a><\/li>\n<li><a href=\"https:\/\/auslaenderbehoerde.org\/pt\/autoridade-de-imigracao-ennepetal\/\">Ennepetal<\/a><\/li>\n<li><a href=\"https:\/\/auslaenderbehoerde.org\/pt\/autoridade-de-imigracao-erkrath\/\">co\u00e7ar, arranh\u00e3o<\/a><\/li>\n<li><a href=\"https:\/\/auslaenderbehoerde.org\/pt\/autoridades-de-imigracao-essen\/\">refei\u00e7\u00e3o<\/a><\/li>\n<li><a href=\"https:\/\/auslaenderbehoerde.org\/pt\/autoridades-de-imigracao-euskirchen\/\">Euskirchen<\/a><\/li>\n<li><a href=\"https:\/\/auslaenderbehoerde.org\/pt\/autoridade-de-estrangeiros-froendenberg\/\">Fr\u00f6ndenberg<\/a><\/li>\n<li><a href=\"https:\/\/auslaenderbehoerde.org\/pt\/fundos-da-autoridade-de-imigracao\/\">fundos<\/a><\/li>\n<li><a href=\"https:\/\/auslaenderbehoerde.org\/pt\/autoridades-de-imigracao-gelsenkirchen\/\">Gelsenkirchen<\/a><\/li>\n<li><a href=\"https:\/\/auslaenderbehoerde.org\/pt\/autoridades-de-imigracao-gevelsberg\/\">Gevelsberg<\/a><\/li>\n<li><a href=\"https:\/\/auslaenderbehoerde.org\/pt\/escritorio-de-imigracao-grevenbroich\/\">Grevenbroich<\/a><\/li>\n<li><a href=\"https:\/\/auslaenderbehoerde.org\/pt\/autoridades-de-imigracao-gummersbach\/\">Gummersbach<\/a><\/li>\n<li><a href=\"https:\/\/auslaenderbehoerde.org\/pt\/autoridade-de-imigracao-guetersloh\/\">Guetersloh<\/a><\/li>\n<li><a href=\"https:\/\/auslaenderbehoerde.org\/pt\/autoridades-de-imigracao-hagen\/\">hagen<\/a><\/li>\n<li><a href=\"https:\/\/auslaenderbehoerde.org\/pt\/metade-da-autoridade-de-imigracao\/\">Halver<\/a><\/li>\n<li><a href=\"https:\/\/auslaenderbehoerde.org\/pt\/autoridade-de-imigracao-hamm\/\">presunto<\/a><\/li>\n<li><a href=\"https:\/\/auslaenderbehoerde.org\/pt\/autoridade-de-estrangeiros-heinsberg\/\">Heinsberg<\/a><\/li>\n<li><a href=\"https:\/\/auslaenderbehoerde.org\/pt\/autoridade-de-imigracao-herford\/\">Herford<\/a><\/li>\n<li><a href=\"https:\/\/auslaenderbehoerde.org\/pt\/autoridade-de-imigracao-herne\/\">herne<\/a><\/li>\n<li><a href=\"https:\/\/auslaenderbehoerde.org\/pt\/escritorio-de-imigracao-hiddenhausen\/\">Hiddenhausen<\/a><\/li>\n<li><a href=\"https:\/\/auslaenderbehoerde.org\/pt\/autoridade-de-imigracao-hoexter\/\">Hoxter<\/a><\/li>\n<li><a href=\"https:\/\/auslaenderbehoerde.org\/pt\/autoridades-de-imigracao-ingelheim-am-rhein\/\">Ingelheim no Reno<\/a><\/li>\n<li><a href=\"https:\/\/auslaenderbehoerde.org\/pt\/autoridade-de-imigracao-iserlohn\/\">Iserlohn<\/a><\/li>\n<li><a href=\"https:\/\/auslaenderbehoerde.org\/pt\/autoridade-de-imigracao-kerpen\/\">kerpen<\/a><\/li>\n<li><a href=\"https:\/\/auslaenderbehoerde.org\/pt\/autoridade-de-imigracao-kierspe\/\">Kierspe<\/a><\/li>\n<li><a href=\"https:\/\/auslaenderbehoerde.org\/pt\/autoridade-de-imigracao-kleve\/\">Kleve<\/a><\/li>\n<li><a href=\"https:\/\/auslaenderbehoerde.org\/pt\/autoridades-de-imigracao-colonia\/\">Col\u00f4nia<\/a><\/li>\n<li><a href=\"https:\/\/auslaenderbehoerde.org\/pt\/autoridade-de-imigracao-krefeld\/\">Krefeld<\/a><\/li>\n<li><a href=\"https:\/\/auslaenderbehoerde.org\/pt\/autoridade-de-imigracao-lemgo\/\">lemgo<\/a><\/li>\n<li><a href=\"https:\/\/auslaenderbehoerde.org\/pt\/autoridade-de-imigracao-leverkusen\/\">Leverkusen<\/a><\/li>\n<li><a href=\"https:\/\/auslaenderbehoerde.org\/pt\/autoridade-de-imigracao-lippstadt\/\">Lippstadt<\/a><\/li>\n<li><a href=\"https:\/\/auslaenderbehoerde.org\/pt\/autoridade-de-imigracao-luedenscheid\/\">Luedenscheid<\/a><\/li>\n<li><a href=\"https:\/\/auslaenderbehoerde.org\/pt\/autoridades-de-imigracao-luenen\/\">Lunen<\/a><\/li>\n<li><a href=\"https:\/\/auslaenderbehoerde.org\/pt\/autoridade-de-imigracao-meinerzhagen\/\">Meinerzhagen<\/a><\/li>\n<li><a href=\"https:\/\/auslaenderbehoerde.org\/pt\/autoridades-de-imigracao-menden\/\">Menden<\/a><\/li>\n<li><a href=\"https:\/\/auslaenderbehoerde.org\/pt\/autoridade-de-imigracao-meschede\/\">Meschede<\/a><\/li>\n<li><a href=\"https:\/\/auslaenderbehoerde.org\/pt\/autoridade-de-imigracao-mettmann\/\">Mettmann<\/a><\/li>\n<li><a href=\"https:\/\/auslaenderbehoerde.org\/pt\/autoridade-de-imigracao-2\/\">mente<\/a><\/li>\n<li><a href=\"https:\/\/auslaenderbehoerde.org\/pt\/autoridades-de-imigracao-moers\/\">Moers<\/a><\/li>\n<li><a href=\"https:\/\/auslaenderbehoerde.org\/pt\/autoridades-de-imigracao-moenchengladbach\/\">M\u00f6nchengladbach<\/a><\/li>\n<li><a href=\"https:\/\/auslaenderbehoerde.org\/pt\/autoridades-de-imigracao-muelheim-an-der-ruhr\/\">M\u00fclheim an der Ruhr<\/a><\/li>\n<li><a href=\"https:\/\/auslaenderbehoerde.org\/pt\/escritorio-de-imigracao-muenster\/\">M\u00fcnster<\/a><\/li>\n<li><a href=\"https:\/\/auslaenderbehoerde.org\/pt\/escritorio-de-imigracao-neuenrade\/\">Neuenrade<\/a><\/li>\n<li><a href=\"https:\/\/auslaenderbehoerde.org\/pt\/autoridade-de-imigracao-neuss\/\">Neuss<\/a><\/li>\n<li><a href=\"https:\/\/auslaenderbehoerde.org\/pt\/autoridades-de-imigracao-oberhausen\/\">Oberhausen<\/a><\/li>\n<li><a href=\"https:\/\/auslaenderbehoerde.org\/pt\/autoridades-de-imigracao-paderborn\/\">Paderborn<\/a><\/li>\n<li><a href=\"https:\/\/auslaenderbehoerde.org\/pt\/escritorio-de-imigracao-plettenberg\/\">Plettenberg<\/a><\/li>\n<li><a href=\"https:\/\/auslaenderbehoerde.org\/pt\/escritorio-de-imigracao-recklinghausen\/\">Recklinghausen<\/a><\/li>\n<li><a href=\"https:\/\/auslaenderbehoerde.org\/pt\/escritorio-de-imigracao-remscheid\/\">Remscheid<\/a><\/li>\n<li><a href=\"https:\/\/auslaenderbehoerde.org\/pt\/escritorio-de-imigracao-rheda-wiedenbrueck\/\">Rheda Wiedenbrueck<\/a><\/li>\n<li><a href=\"https:\/\/auslaenderbehoerde.org\/pt\/autoridade-de-imigracao-rheinbach\/\">Rheinbach<\/a><\/li>\n<li><a href=\"https:\/\/auslaenderbehoerde.org\/pt\/autoridades-de-imigracao-rheine\/\">Reno<\/a><\/li>\n<li><a href=\"https:\/\/auslaenderbehoerde.org\/pt\/escritorio-de-imigracao-schleiden\/\">escorregar<\/a><\/li>\n<li><a href=\"https:\/\/auslaenderbehoerde.org\/pt\/autoridade-de-imigracao-schwelm\/\">fumegante<\/a><\/li>\n<li><a href=\"https:\/\/auslaenderbehoerde.org\/pt\/autoridades-de-imigracao-siegburg\/\">Siegburg<\/a><\/li>\n<li><a href=\"https:\/\/auslaenderbehoerde.org\/pt\/autoridade-de-imigracao-soest\/\">Soest<\/a><\/li>\n<li><a href=\"https:\/\/auslaenderbehoerde.org\/pt\/autoridades-de-imigracao-solingen\/\">Solingen<\/a><\/li>\n<li><a href=\"https:\/\/auslaenderbehoerde.org\/pt\/escritorio-de-imigracao-steinfurt\/\">Steinfurt<\/a><\/li>\n<li><a href=\"https:\/\/auslaenderbehoerde.org\/pt\/escritorio-de-imigracao-troisdorf\/\">Troisdorf<\/a><\/li>\n<li><a href=\"https:\/\/auslaenderbehoerde.org\/pt\/autoridade-de-imigracao-unna\/\">unna<\/a><\/li>\n<li><a href=\"https:\/\/auslaenderbehoerde.org\/pt\/autoridade-de-imigracao-velbert\/\">Velbert<\/a><\/li>\n<li><a href=\"https:\/\/auslaenderbehoerde.org\/pt\/autoridade-de-imigracao-viersen\/\">Viersen<\/a><\/li>\n<li><a href=\"https:\/\/auslaenderbehoerde.org\/pt\/escritorio-de-imigracao-warendorf\/\">Warendorf<\/a><\/li>\n<li><a href=\"https:\/\/auslaenderbehoerde.org\/pt\/escritorio-de-imigracao-werdohl\/\">Werdohl<\/a><\/li>\n<li><a href=\"https:\/\/auslaenderbehoerde.org\/pt\/autoridades-de-imigracao-wesel\/\">Wesel<\/a><\/li>\n<li><a href=\"https:\/\/auslaenderbehoerde.org\/pt\/autoridade-de-imigracao-3\/\">Witten<\/a><\/li>\n<li><a href=\"https:\/\/auslaenderbehoerde.org\/pt\/autoridade-de-imigracao-wuppertal\/\">Wuppertal<\/a><\/li>\n<li><a href=\"https:\/\/auslaenderbehoerde.org\/pt\/autoridade-de-imigracao-zuelpich\/\">Zulpich<\/a><\/li>\n<\/ul>\n<p>Todas as informa\u00e7\u00f5es sem garantia e sujeitas a altera\u00e7\u00f5es<\/p>\n<h2><span class=\"ez-toc-section\">Autoridades de imigra\u00e7\u00e3o da Ren\u00e2nia do Norte-Vestf\u00e1lia<\/span><span class=\"ez-toc-section\">\u00a0\u2013 <\/span>deveres e responsabilidades<\/h2>\n<p>As autoridades de imigra\u00e7\u00e3o s\u00e3o o primeiro endere\u00e7o para estrangeiros que entram no pa\u00eds. \u00c9 respons\u00e1vel por conceder ou recusar um <a href=\"https:\/\/auslaenderbehoerde.org\/pt\/permissao-de-residencia\/\">permiss\u00e3o de resid\u00eancia<\/a>. Os escrit\u00f3rios de imigra\u00e7\u00e3o s\u00e3o respons\u00e1veis por garantir que a lei de imigra\u00e7\u00e3o seja aplicada de acordo com a situa\u00e7\u00e3o legal. Eles tamb\u00e9m s\u00e3o respons\u00e1veis pelos requerentes de asilo e pessoas deslocadas.<\/p>\n<p>O Escrit\u00f3rio de Imigra\u00e7\u00e3o decide <a href=\"https:\/\/auslaenderbehoerde.org\/pt\/permissao-de-residencia-2\/\">permiss\u00e3o de resid\u00eancia<\/a> e emite-o se a decis\u00e3o for positiva. Al\u00e9m disso, uma autoriza\u00e7\u00e3o de resid\u00eancia pode ser concedida de acordo com a Lei de Resid\u00eancia em rela\u00e7\u00e3o \u00e0 finalidade desejada de resid\u00eancia ou pode ser iniciada a deporta\u00e7\u00e3o.<\/p>\n<p>A responsabilidade da autoridade estrangeira tamb\u00e9m se estende a muitas outras tarefas. O tipo e a dura\u00e7\u00e3o da autoriza\u00e7\u00e3o de resid\u00eancia variam muito. A alguns \u00e9 dado um limite de tempo, a outros \u00e9 negada uma autoriza\u00e7\u00e3o de resid\u00eancia e\/ou \u00e9 concedida uma autoriza\u00e7\u00e3o de sa\u00edda ao abrigo da Lei de Resid\u00eancia.<\/p>\n<p>O escrit\u00f3rio de imigra\u00e7\u00e3o est\u00e1 trabalhando nisso <a href=\"https:\/\/www.gesetze-im-internet.de\/aufenthg_2004\/__71.html\" target=\"_blank\" rel=\"noopener\">Se\u00e7\u00e3o 71<\/a> Resid\u00eancia G. A autoridade \u00e9 respons\u00e1vel por regular todas as decis\u00f5es e medidas que afetem o passaporte e os direitos de resid\u00eancia dos estrangeiros.<\/p>\n<p><strong>Outras atividades que se enquadrem na \u00e1rea de responsabilidade das autoridades de imigra\u00e7\u00e3o:<\/strong><\/p>\n<ul style=\"list-style-type: circle;\">\n<li>procedimento de asilo<\/li>\n<li>ajuda a refugiados<\/li>\n<li>assist\u00eancia Social<\/li>\n<li>cursos de integra\u00e7\u00e3o<\/li>\n<li>Organiza\u00e7\u00e3o e aprova\u00e7\u00e3o de entrada e perman\u00eancia na Alemanha<\/li>\n<li>direito ao benef\u00edcio<\/li>\n<li>reembolso e assist\u00eancia m\u00e9dica<\/li>\n<li>Estado civil<\/li>\n<li><a href=\"https:\/\/auslaenderbehoerde.org\/pt\/declaracao-de-compromisso\/\">declara\u00e7\u00e3o de compromisso<\/a><\/li>\n<li>op\u00e7\u00f5es de hospedagem<\/li>\n<li>registro<\/li>\n<\/ul>\n<h3>agendamento com o respons\u00e1vel <span class=\"ez-toc-section\">Autoridade de estrangeiros<\/span><\/h3>\n<p>Em geral, voc\u00ea pode fazer o agendamento por telefone, pelo formul\u00e1rio de contato ou pelo portal de atendimento da respectiva cidade. Em algumas cidades voc\u00ea pode baixar v\u00e1rios formul\u00e1rios online para esclarecer quest\u00f5es importantes com anteced\u00eancia. O endere\u00e7o e os hor\u00e1rios de funcionamento podem ser consultados online. Certifique-se de ter todos os documentos necess\u00e1rios completos antes de ir ao Escrit\u00f3rio de Imigra\u00e7\u00e3o.<\/p>\n<div class=\"su-note\"  style=\"border-color:#d1d1d0;border-radius:3px;-moz-border-radius:3px;-webkit-border-radius:3px;\"><div class=\"su-note-inner su-u-clearfix su-u-trim\" style=\"background-color:#ebebea;border-color:#ffffff;color:#444444;border-radius:3px;-moz-border-radius:3px;-webkit-border-radius:3px;\"><b>Um aviso: <\/b>Para escrit\u00f3rios e autoridades, geralmente voc\u00ea precisa dos documentos ou certificados como <a href=\"https:\/\/tidd.ly\/3y8DKdr\" target=\"_blank\" rel=\"noopener\">tradu\u00e7\u00e3o juramentada<\/a>*.<\/div><\/div>\n<p><strong>Voc\u00ea est\u00e1 esperando visitantes do exterior?<\/strong> Com um <a href=\"https:\/\/auslaenderbehoerde.org\/pt\/seguro-viagem-para-hospedes-estrangeiros\/\">Seguro viagem para estrangeiros<\/a> beneficiam de uma prote\u00e7\u00e3o abrangente na Alemanha e na Europa.<\/p>\n<h3>Mais longe <span class=\"ez-toc-section\">Autoridades de imigra\u00e7\u00e3o e informa\u00e7\u00f5es<\/span><\/h3>\n<ul style=\"list-style-type: circle;\">\n<li><a href=\"https:\/\/auslaenderbehoerde.org\/pt\/\">Autoridades de imigra\u00e7\u00e3o na Alemanha<\/a><\/li>\n<li><a href=\"https:\/\/auslaenderbehoerde.org\/pt\/\">Primeiros passos na Alemanha<\/a><\/li>\n<\/ul>","protected":false},"excerpt":{"rendered":"<p>Aqui voc\u00ea encontrar\u00e1 todos os endere\u00e7os, informa\u00e7\u00f5es de contato e hor\u00e1rios de funcionamento das autoridades de imigra\u00e7\u00e3o ou escrit\u00f3rios de imigra\u00e7\u00e3o na Ren\u00e2nia do Norte-Vestf\u00e1lia. Existem atualmente 93 autoridades de imigra\u00e7\u00e3o no estado da Ren\u00e2nia do Norte-Vestf\u00e1lia que est\u00e3o dispon\u00edveis para responder a quaisquer perguntas que voc\u00ea possa ter relacionadas aos seus assuntos. Vis\u00e3o geral das autoridades de imigra\u00e7\u00e3o na Ren\u00e2nia do Norte-Vestf\u00e1lia Selecione a autoridade de imigra\u00e7\u00e3o ou escrit\u00f3rio de imigra\u00e7\u00e3o que corresponde ao seu...&nbsp;<a href=\"https:\/\/auslaenderbehoerde.org\/pt\/autoridades-de-imigracao-na-renania-do-norte-vestfalia\/\" rel=\"bookmark\">Leia mais \u00bb<span class=\"screen-reader-text\">Autoridades de imigra\u00e7\u00e3o na Ren\u00e2nia do Norte-Vestf\u00e1lia<\/span><\/a><\/p>","protected":false},"author":1,"featured_media":65,"parent":0,"menu_order":0,"comment_status":"closed","ping_status":"closed","template":"","meta":{"neve_meta_sidebar":"","neve_meta_container":"","neve_meta_enable_content_width":"off","neve_meta_content_width":100,"neve_meta_title_alignment":"","neve_meta_author_avatar":"","neve_post_elements_order":"","neve_meta_disable_header":"","neve_meta_disable_footer":"","neve_meta_disable_title":"","neve_meta_reading_time":"","footnotes":""},"class_list":["post-48","page","type-page","status-publish","has-post-thumbnail","hentry"],"yoast_head":"<!-- This site is optimized with the Yoast SEO plugin v26.6 - https:\/\/yoast.com\/wordpress\/plugins\/seo\/ -->\n<title>Ausl\u00e4nderbeh\u00f6rden in Nordrhein-Westfalen | Adressen + Anschrift<\/title>\n<meta name=\"description\" content=\"Hier finden Sie alle Adressen und Kontaktinformationen der Ausl\u00e4nder\u00e4mter oder auch Ausl\u00e4nderbeh\u00f6rden in Nordrhein-Westfalen\" \/>\n<meta name=\"robots\" content=\"index, follow, max-snippet:-1, max-image-preview:large, max-video-preview:-1\" \/>\n<link rel=\"canonical\" href=\"https:\/\/auslaenderbehoerde.org\/pt\/autoridades-de-imigracao-na-renania-do-norte-vestfalia\/\" \/>\n<meta property=\"og:locale\" content=\"pt_PT\" \/>\n<meta property=\"og:type\" content=\"article\" \/>\n<meta property=\"og:title\" content=\"Ausl\u00e4nderbeh\u00f6rden in Nordrhein-Westfalen | Adressen + Anschrift\" \/>\n<meta property=\"og:description\" content=\"Hier finden Sie alle Adressen und Kontaktinformationen der Ausl\u00e4nder\u00e4mter oder auch Ausl\u00e4nderbeh\u00f6rden in Nordrhein-Westfalen\" \/>\n<meta property=\"og:url\" content=\"https:\/\/auslaenderbehoerde.org\/pt\/autoridades-de-imigracao-na-renania-do-norte-vestfalia\/\" \/>\n<meta property=\"og:site_name\" content=\"auslaenderbehoerde.org\" \/>\n<meta property=\"article:modified_time\" content=\"2022-10-28T13:33:37+00:00\" \/>\n<meta property=\"og:image\" content=\"https:\/\/auslaenderbehoerde.org\/wp-content\/uploads\/2022\/06\/Ausla\u0308nderbeho\u0308rde-scaled-e1656327377843.jpeg\" \/>\n\t<meta property=\"og:image:width\" content=\"900\" \/>\n\t<meta property=\"og:image:height\" content=\"675\" \/>\n\t<meta property=\"og:image:type\" content=\"image\/jpeg\" \/>\n<meta name=\"twitter:card\" content=\"summary_large_image\" \/>\n<meta name=\"twitter:label1\" content=\"Tempo estimado de leitura\" \/>\n\t<meta name=\"twitter:data1\" content=\"3 minutos\" \/>\n<script type=\"application\/ld+json\" class=\"yoast-schema-graph\">{\"@context\":\"https:\/\/schema.org\",\"@graph\":[{\"@type\":\"WebPage\",\"@id\":\"https:\/\/auslaenderbehoerde.org\/auslaenderbehoerden-in-nordrhein-westphalen\/\",\"url\":\"https:\/\/auslaenderbehoerde.org\/auslaenderbehoerden-in-nordrhein-westphalen\/\",\"name\":\"Ausl\u00e4nderbeh\u00f6rden in Nordrhein-Westfalen | Adressen + Anschrift\",\"isPartOf\":{\"@id\":\"https:\/\/auslaenderbehoerde.org\/#website\"},\"primaryImageOfPage\":{\"@id\":\"https:\/\/auslaenderbehoerde.org\/auslaenderbehoerden-in-nordrhein-westphalen\/#primaryimage\"},\"image\":{\"@id\":\"https:\/\/auslaenderbehoerde.org\/auslaenderbehoerden-in-nordrhein-westphalen\/#primaryimage\"},\"thumbnailUrl\":\"https:\/\/auslaenderbehoerde.org\/wp-content\/uploads\/2022\/06\/Ausla\u0308nderbeho\u0308rde-scaled-e1656327377843.jpeg\",\"datePublished\":\"2022-06-27T08:05:04+00:00\",\"dateModified\":\"2022-10-28T13:33:37+00:00\",\"description\":\"Hier finden Sie alle Adressen und Kontaktinformationen der Ausl\u00e4nder\u00e4mter oder auch Ausl\u00e4nderbeh\u00f6rden in Nordrhein-Westfalen\",\"breadcrumb\":{\"@id\":\"https:\/\/auslaenderbehoerde.org\/auslaenderbehoerden-in-nordrhein-westphalen\/#breadcrumb\"},\"inLanguage\":\"pt-PT\",\"potentialAction\":[{\"@type\":\"ReadAction\",\"target\":[\"https:\/\/auslaenderbehoerde.org\/auslaenderbehoerden-in-nordrhein-westphalen\/\"]}]},{\"@type\":\"ImageObject\",\"inLanguage\":\"pt-PT\",\"@id\":\"https:\/\/auslaenderbehoerde.org\/auslaenderbehoerden-in-nordrhein-westphalen\/#primaryimage\",\"url\":\"https:\/\/auslaenderbehoerde.org\/wp-content\/uploads\/2022\/06\/Ausla\u0308nderbeho\u0308rde-scaled-e1656327377843.jpeg\",\"contentUrl\":\"https:\/\/auslaenderbehoerde.org\/wp-content\/uploads\/2022\/06\/Ausla\u0308nderbeho\u0308rde-scaled-e1656327377843.jpeg\",\"width\":900,\"height\":675,\"caption\":\"Ausl\u00e4nderbeh\u00f6rde\"},{\"@type\":\"BreadcrumbList\",\"@id\":\"https:\/\/auslaenderbehoerde.org\/auslaenderbehoerden-in-nordrhein-westphalen\/#breadcrumb\",\"itemListElement\":[{\"@type\":\"ListItem\",\"position\":1,\"name\":\"Startseite\",\"item\":\"https:\/\/auslaenderbehoerde.org\/\"},{\"@type\":\"ListItem\",\"position\":2,\"name\":\"Ausl\u00e4nderbeh\u00f6rden in Nordrhein-Westfalen\"}]},{\"@type\":\"WebSite\",\"@id\":\"https:\/\/auslaenderbehoerde.org\/#website\",\"url\":\"https:\/\/auslaenderbehoerde.org\/\",\"name\":\"auslaenderbehoerde.org\",\"description\":\"\",\"potentialAction\":[{\"@type\":\"SearchAction\",\"target\":{\"@type\":\"EntryPoint\",\"urlTemplate\":\"https:\/\/auslaenderbehoerde.org\/?s={search_term_string}\"},\"query-input\":{\"@type\":\"PropertyValueSpecification\",\"valueRequired\":true,\"valueName\":\"search_term_string\"}}],\"inLanguage\":\"pt-PT\"}]}<\/script>\n<!-- \/ Yoast SEO plugin. -->","yoast_head_json":{"title":"Autoridades de imigra\u00e7\u00e3o na Ren\u00e2nia do Norte-Vestf\u00e1lia | endere\u00e7os + endere\u00e7o","description":"Aqui voc\u00ea encontrar\u00e1 todos os endere\u00e7os e informa\u00e7\u00f5es de contato dos escrit\u00f3rios de imigra\u00e7\u00e3o ou autoridades de imigra\u00e7\u00e3o na Ren\u00e2nia do Norte-Vestf\u00e1lia","robots":{"index":"index","follow":"follow","max-snippet":"max-snippet:-1","max-image-preview":"max-image-preview:large","max-video-preview":"max-video-preview:-1"},"canonical":"https:\/\/auslaenderbehoerde.org\/pt\/autoridades-de-imigracao-na-renania-do-norte-vestfalia\/","og_locale":"pt_PT","og_type":"article","og_title":"Ausl\u00e4nderbeh\u00f6rden in Nordrhein-Westfalen | Adressen + Anschrift","og_description":"Hier finden Sie alle Adressen und Kontaktinformationen der Ausl\u00e4nder\u00e4mter oder auch Ausl\u00e4nderbeh\u00f6rden in Nordrhein-Westfalen","og_url":"https:\/\/auslaenderbehoerde.org\/pt\/autoridades-de-imigracao-na-renania-do-norte-vestfalia\/","og_site_name":"auslaenderbehoerde.org","article_modified_time":"2022-10-28T13:33:37+00:00","og_image":[{"width":900,"height":675,"url":"https:\/\/auslaenderbehoerde.org\/wp-content\/uploads\/2022\/06\/Ausla\u0308nderbeho\u0308rde-scaled-e1656327377843.jpeg","type":"image\/jpeg"}],"twitter_card":"summary_large_image","twitter_misc":{"Tempo estimado de leitura":"3 minutos"},"schema":{"@context":"https:\/\/schema.org","@graph":[{"@type":"WebPage","@id":"https:\/\/auslaenderbehoerde.org\/auslaenderbehoerden-in-nordrhein-westphalen\/","url":"https:\/\/auslaenderbehoerde.org\/auslaenderbehoerden-in-nordrhein-westphalen\/","name":"Autoridades de imigra\u00e7\u00e3o na Ren\u00e2nia do Norte-Vestf\u00e1lia | endere\u00e7os + endere\u00e7o","isPartOf":{"@id":"https:\/\/auslaenderbehoerde.org\/#website"},"primaryImageOfPage":{"@id":"https:\/\/auslaenderbehoerde.org\/auslaenderbehoerden-in-nordrhein-westphalen\/#primaryimage"},"image":{"@id":"https:\/\/auslaenderbehoerde.org\/auslaenderbehoerden-in-nordrhein-westphalen\/#primaryimage"},"thumbnailUrl":"https:\/\/auslaenderbehoerde.org\/wp-content\/uploads\/2022\/06\/Ausla\u0308nderbeho\u0308rde-scaled-e1656327377843.jpeg","datePublished":"2022-06-27T08:05:04+00:00","dateModified":"2022-10-28T13:33:37+00:00","description":"Aqui voc\u00ea encontrar\u00e1 todos os endere\u00e7os e informa\u00e7\u00f5es de contato dos escrit\u00f3rios de imigra\u00e7\u00e3o ou autoridades de imigra\u00e7\u00e3o na Ren\u00e2nia do Norte-Vestf\u00e1lia","breadcrumb":{"@id":"https:\/\/auslaenderbehoerde.org\/auslaenderbehoerden-in-nordrhein-westphalen\/#breadcrumb"},"inLanguage":"pt-PT","potentialAction":[{"@type":"ReadAction","target":["https:\/\/auslaenderbehoerde.org\/auslaenderbehoerden-in-nordrhein-westphalen\/"]}]},{"@type":"ImageObject","inLanguage":"pt-PT","@id":"https:\/\/auslaenderbehoerde.org\/auslaenderbehoerden-in-nordrhein-westphalen\/#primaryimage","url":"https:\/\/auslaenderbehoerde.org\/wp-content\/uploads\/2022\/06\/Ausla\u0308nderbeho\u0308rde-scaled-e1656327377843.jpeg","contentUrl":"https:\/\/auslaenderbehoerde.org\/wp-content\/uploads\/2022\/06\/Ausla\u0308nderbeho\u0308rde-scaled-e1656327377843.jpeg","width":900,"height":675,"caption":"Ausl\u00e4nderbeh\u00f6rde"},{"@type":"BreadcrumbList","@id":"https:\/\/auslaenderbehoerde.org\/auslaenderbehoerden-in-nordrhein-westphalen\/#breadcrumb","itemListElement":[{"@type":"ListItem","position":1,"name":"Startseite","item":"https:\/\/auslaenderbehoerde.org\/"},{"@type":"ListItem","position":2,"name":"Ausl\u00e4nderbeh\u00f6rden in Nordrhein-Westfalen"}]},{"@type":"WebSite","@id":"https:\/\/auslaenderbehoerde.org\/#website","url":"https:\/\/auslaenderbehoerde.org\/","name":"www.auslaenderbehoerde.org","description":"","potentialAction":[{"@type":"SearchAction","target":{"@type":"EntryPoint","urlTemplate":"https:\/\/auslaenderbehoerde.org\/?s={search_term_string}"},"query-input":{"@type":"PropertyValueSpecification","valueRequired":true,"valueName":"search_term_string"}}],"inLanguage":"pt-PT"}]}},"_links":{"self":[{"href":"https:\/\/auslaenderbehoerde.org\/pt\/wp-json\/wp\/v2\/pages\/48","targetHints":{"allow":["GET"]}}],"collection":[{"href":"https:\/\/auslaenderbehoerde.org\/pt\/wp-json\/wp\/v2\/pages"}],"about":[{"href":"https:\/\/auslaenderbehoerde.org\/pt\/wp-json\/wp\/v2\/types\/page"}],"author":[{"embeddable":true,"href":"https:\/\/auslaenderbehoerde.org\/pt\/wp-json\/wp\/v2\/users\/1"}],"replies":[{"embeddable":true,"href":"https:\/\/auslaenderbehoerde.org\/pt\/wp-json\/wp\/v2\/comments?post=48"}],"version-history":[{"count":10,"href":"https:\/\/auslaenderbehoerde.org\/pt\/wp-json\/wp\/v2\/pages\/48\/revisions"}],"predecessor-version":[{"id":1601,"href":"https:\/\/auslaenderbehoerde.org\/pt\/wp-json\/wp\/v2\/pages\/48\/revisions\/1601"}],"wp:featuredmedia":[{"embeddable":true,"href":"https:\/\/auslaenderbehoerde.org\/pt\/wp-json\/wp\/v2\/media\/65"}],"wp:attachment":[{"href":"https:\/\/auslaenderbehoerde.org\/pt\/wp-json\/wp\/v2\/media?parent=48"}],"curies":[{"name":"wp","href":"https:\/\/api.w.org\/{rel}","templated":true}]}}