{"id":143,"date":"2022-06-28T14:11:47","date_gmt":"2022-06-28T12:11:47","guid":{"rendered":"https:\/\/auslaenderbehoerde.org\/?page_id=143"},"modified":"2022-07-07T16:49:29","modified_gmt":"2022-07-07T14:49:29","slug":"reiseversicherung-fuer-auslaendische-gaeste","status":"publish","type":"page","link":"https:\/\/auslaenderbehoerde.org\/tr\/yabanci-misafirler-icin-seyahat-sigortasi\/","title":{"rendered":"Yabanc\u0131 misafirler i\u00e7in seyahat sigortas\u0131"},"content":{"rendered":"<p><img decoding=\"async\" class=\"aligncenter wp-image-218 size-full\" src=\"https:\/\/auslaenderbehoerde.org\/wp-content\/uploads\/2022\/07\/insurance-gaed63b78b_640.jpg\" alt=\"Yabanc\u0131 misafirler i\u00e7in seyahat sigortas\u0131\" width=\"640\" height=\"450\" srcset=\"https:\/\/auslaenderbehoerde.org\/wp-content\/uploads\/2022\/07\/insurance-gaed63b78b_640.jpg 640w, https:\/\/auslaenderbehoerde.org\/wp-content\/uploads\/2022\/07\/insurance-gaed63b78b_640-300x211.jpg 300w\" sizes=\"(max-width: 640px) 100vw, 640px\" \/><\/p>\n<p><strong>yabanc\u0131 konuklar<\/strong>akrabalar\u0131 veya tan\u0131d\u0131klar\u0131 taraf\u0131ndan daha uzun bir s\u00fcre boyunca Almanya&#039;ya davet edilenler kapsaml\u0131 bir \u015fekilde sigortalanmal\u0131d\u0131r. Ev sahibi \u00fclkeye ve davet edenlere maddi bir zarar\u0131 olmamas\u0131 i\u00e7in, bir <strong>taahh\u00fct beyan\u0131<\/strong> maddi olarak bunalm\u0131\u015f de\u011filsiniz, yabanc\u0131 misafirler i\u00e7in seyahat sigortas\u0131na ihtiyac\u0131n\u0131z var. Bizim \u00f6nerimiz - <a href=\"https:\/\/www.awin1.com\/cread.php?awinmid=20468&amp;awinaffid=384383&amp;ued=https%3A%2F%2Fwww.allianz-reiseversicherung.de%2Fde_DE%2Fincoming-krankenversicherung.html\" target=\"_blank\" rel=\"noopener\">Allianz gelen sa\u011fl\u0131k sigortas\u0131<\/a>* \u2013 Yurt d\u0131\u015f\u0131ndan gelen ziyaret\u00e7iler i\u00e7in.<\/p>\n<h2>Yabanc\u0131 misafirler i\u00e7in seyahat sigortas\u0131 veya gelen sigorta nedir?<\/h2>\n<p>Misafirler veya ziyaret\u00e7iler AB&#039;ye seyahat eder etmez, Schengen \u00fclkeleri (\u0130svi\u00e7re \/ Lihten\u015ftayn), a\u00e7\u0131k\u00e7a Almanya ve <a href=\"https:\/\/auslaenderbehoerde.org\/tr\/taahhuet-beyani\/\">taahh\u00fct beyan\u0131<\/a> varsa, ayr\u0131ca kapsaml\u0131 bir sigorta kapsam\u0131na ihtiya\u00e7lar\u0131 vard\u0131r. Sadece sa\u011fl\u0131k sigortas\u0131na de\u011fil, ayn\u0131 zamanda kaza ve sorumluluk sigortas\u0131na da ihtiyac\u0131n\u0131z var. \u00dc\u00e7\u00fcnc\u00fc \u015fah\u0131slardan \u00f6nemli maliyetler ve mali taleplerden ka\u00e7\u0131nman\u0131n tek yolu budur.<\/p>\n<p>Yabanc\u0131 konuklar i\u00e7in seyahat sigortas\u0131 nispeten ucuzdur. Teklife ve masraflar\u0131n ne \u00f6l\u00e7\u00fcde kar\u015f\u0131land\u0131\u011f\u0131na ba\u011fl\u0131 olarak, sigortan\u0131n maliyeti ki\u015fi ba\u015f\u0131na g\u00fcnde sadece 1 euro civar\u0131ndad\u0131r. Almanya&#039;da ve \u0130svi\u00e7re ve Lihten\u015ftayn dahil olmak \u00fczere di\u011fer t\u00fcm AB \u00fclkelerinde bir kaza veya hastal\u0131k sonras\u0131 olu\u015fan t\u0131bbi masraflar sigorta \u015firketi taraf\u0131ndan kar\u015f\u0131lan\u0131r. Gelen bir sigorta poli\u00e7esinin imzaland\u0131\u011f\u0131n\u0131 kan\u0131tlayan bir belge, di\u011fer t\u00fcm belgelerle ilgili olmal\u0131d\u0131r. <a href=\"https:\/\/auslaenderbehoerde.org\/tr\/\">yabanc\u0131lar Kurumu<\/a> sahnelenmek.<\/p>\n<h2>Gelen sigortaya hangi hizmetler dahildir?<\/h2>\n<p>Yurtd\u0131\u015f\u0131 misafirler i\u00e7in seyahat sigortas\u0131 kapsam\u0131ndaki t\u00fcm masraflar\u0131n belgelenmesi ve belgelenmesi gerekmektedir. Hastal\u0131klar ve kazalar alan\u0131nda a\u015fa\u011f\u0131daki faydalar sigortal\u0131d\u0131r:<\/p>\n<ul style=\"list-style-type: circle;\">\n<li>T\u0131bbi uygulamalarda ayakta tedavi<\/li>\n<li>En yak\u0131n hastaneye ambulansla ula\u015f\u0131m (yatan hasta kabul\u00fc yoksa geri d\u00f6n\u00fc\u015f)<\/li>\n<li>iste\u011fe ba\u011fl\u0131 hizmetler olmadan yatarak hastane tedavisi<\/li>\n<li>Hastane sonras\u0131 tedavi<\/li>\n<li>basit di\u015f dolgular\u0131 ve a\u011fr\u0131 kesici di\u015f tedavileri<\/li>\n<li>mevcut protezler tamir edilebilir<\/li>\n<li>T\u0131bbi olarak sipari\u015f edilen \u00fclkeye geri d\u00f6n\u00fc\u015f nakliyesi<\/li>\n<li>vefat halinde, cenaze masraflar\u0131 dahil olmak \u00fczere nakil, kararla\u015ft\u0131r\u0131lan bir \u00fcst s\u0131n\u0131ra kadar sigorta taraf\u0131ndan kar\u015f\u0131lanacakt\u0131r.<\/li>\n<\/ul>\n<p>Gelen sigortan\u0131n maliyeti, aralar\u0131ndan se\u00e7im yapabilece\u011finiz farkl\u0131 sa\u011flay\u0131c\u0131lar oldu\u011fu i\u00e7in de\u011fi\u015febilir. Muafiyet vakas\u0131 ba\u015f\u0131na muafiyet hari\u00e7 tutulmaz ve s\u00f6zle\u015fme imzaland\u0131\u011f\u0131nda s\u00f6zle\u015fmeye g\u00f6re teyit edilir ve g\u00fcvence alt\u0131na al\u0131n\u0131r. Yabanc\u0131 misafirler i\u00e7in seyahat sigortas\u0131 ancak belli bir ya\u015fa kadar yapt\u0131r\u0131labilir.<\/p>\n<p>Sigorta kapsam\u0131na ba\u015fvururken, ilgili sigorta \u015firketi taraf\u0131ndan g\u00f6\u00e7menlik makamlar\u0131na sunulan ve vize ba\u015fvurusu i\u00e7in ki\u015fisel belgelerle birlikte verilen bir sigorta sertifikas\u0131 d\u00fczenlenir. Sa\u011fl\u0131k sigortas\u0131na ek olarak, ki\u015fisel sorumluluk ve kaza sigortas\u0131 da sigortaya dahildir. Farkl\u0131 sigorta \u015firketlerinin tekliflerini kar\u015f\u0131la\u015ft\u0131rmaya de\u011fer.<\/p>\n<p>Sigorta primi miktar\u0131 ya\u015fa ve mevcut ko\u015fullara g\u00f6re de\u011fi\u015fiklik g\u00f6sterebilir. Gelen sigortan\u0131n sigortac\u0131 i\u00e7in m\u00fcmk\u00fcn olan en az riskle yapt\u0131r\u0131labilmesi i\u00e7in, ba\u015fvuruda daha \u00f6nce ge\u00e7irilmi\u015f hastal\u0131klar\u0131 ve di\u011fer ki\u015fisel bilgilerin verilmesi gerekmektedir. Daha kapsaml\u0131 tedaviler genellikle \u00f6nceden var olan ko\u015fullar alan\u0131nda hari\u00e7 tutulur. Giri\u015f sigortas\u0131, en k\u00f6t\u00fc riskleri kapsayan sa\u011flam bir sa\u011fl\u0131k, kaza ve sorumluluk sigortas\u0131d\u0131r. Ancak, mevcut hastal\u0131klar\u0131n yo\u011fun t\u0131bbi tedavisi hari\u00e7 tutulmu\u015ftur.<\/p>\n<p>Gelen sigorta bir <strong>\u00f6zel sigorta<\/strong>, \u00f6zel olarak tamamlanmas\u0131 gerekir. T\u00fcz\u00fck farkl\u0131 \u015fekilde ifade edilebilir, ancak g\u00f6\u00e7menlik makamlar\u0131n\u0131n gereksinimlerine ve \u00f6zelliklerine uygundur. Gelen sigorta i\u00e7in se\u00e7ilen sa\u011flay\u0131c\u0131n\u0131n do\u011fru se\u00e7im olup olmad\u0131\u011f\u0131ndan emin de\u011filseniz, sigortay\u0131 yapt\u0131rmadan \u00f6nce sorumlu yabanc\u0131lar dairesine tekrar dan\u0131\u015fmal\u0131s\u0131n\u0131z. Cevab\u0131n\u0131z olumlu ise g\u00f6n\u00fcl rahatl\u0131\u011f\u0131 ile diledi\u011finiz sigortay\u0131 yapt\u0131rabilirsiniz.<\/p>\n<div class=\"su-button-center\"><a href=\"https:\/\/tidd.ly\/3P5FWJs\" class=\"su-button su-button-style-default\" style=\"color:#FFFFFF;background-color:#ef982d;border-color:#c07a24;border-radius:9px\" target=\"_blank\" rel=\"nofollow\"><span style=\"color:#FFFFFF;padding:8px 24px;font-size:18px;line-height:27px;border-color:#f4b76c;border-radius:9px;text-shadow:none\"><i class=\"sui sui-hand-o-right\" style=\"font-size:18px;color:#FFFFFF\"><\/i> Allianz Gelen Sa\u011fl\u0131k Sigortas\u0131 *<\/span><\/a><\/div>\n<h3 id=\"customheading6\"><strong>\u0130lgili Ba\u011flant\u0131lar\u00a0<\/strong><\/h3>\n<ul>\n<li><a href=\"https:\/\/auslaenderbehoerde.org\/tr\/almanyada-ilk-adimlar\/\" data-wpel-link=\"internal\">Almanya&#039;da ilk ad\u0131mlar<\/a><\/li>\n<\/ul>","protected":false},"excerpt":{"rendered":"<p>Akrabalar\u0131 veya tan\u0131d\u0131klar\u0131 taraf\u0131ndan uzun s\u00fcreli\u011fine Almanya&#039;ya davet edilen yabanc\u0131 misafirlerin kapsaml\u0131 sigortaya tabi tutulmas\u0131 gerekmektedir. Ev sahibi \u00fclkenin maddi a\u00e7\u0131dan zarara u\u011framamas\u0131 ve taahh\u00fct beyan\u0131 veren davetlilerin maddi a\u00e7\u0131dan s\u0131k\u0131nt\u0131 ya\u015famamas\u0131 i\u00e7in yabanc\u0131 misafirler i\u00e7in seyahat sigortas\u0131 yapt\u0131rman\u0131z gerekmektedir. \u00d6nerimiz \u2013 Allianz Gelen Sa\u011fl\u0131k Sigortas\u0131* \u2013 Ziyaret\u00e7iler i\u00e7in\u2026&nbsp;<a href=\"https:\/\/auslaenderbehoerde.org\/tr\/yabanci-misafirler-icin-seyahat-sigortasi\/\" rel=\"bookmark\">Devam\u0131n\u0131 oku &quot;<span class=\"screen-reader-text\">Yabanc\u0131 misafirler i\u00e7in seyahat sigortas\u0131<\/span><\/a><\/p>","protected":false},"author":1,"featured_media":218,"parent":0,"menu_order":0,"comment_status":"closed","ping_status":"closed","template":"","meta":{"neve_meta_sidebar":"","neve_meta_container":"","neve_meta_enable_content_width":"off","neve_meta_content_width":100,"neve_meta_title_alignment":"","neve_meta_author_avatar":"","neve_post_elements_order":"","neve_meta_disable_header":"","neve_meta_disable_footer":"","neve_meta_disable_title":"","neve_meta_reading_time":"","footnotes":""},"class_list":["post-143","page","type-page","status-publish","has-post-thumbnail","hentry"],"yoast_head":"<!-- This site is optimized with the Yoast SEO plugin v26.6 - https:\/\/yoast.com\/wordpress\/plugins\/seo\/ -->\n<title>Reiseversicherung f\u00fcr ausl\u00e4ndische G\u00e4ste - Auslaenderbehoerde.org<\/title>\n<meta name=\"description\" content=\"Eine Reiseversicherung f\u00fcr ausl\u00e4ndische G\u00e4ste sch\u00fctzt Sie vor hohen Kosten w\u00e4hrend Ihres Aufenthaltes in Deutschland.\" \/>\n<meta name=\"robots\" content=\"index, follow, max-snippet:-1, max-image-preview:large, max-video-preview:-1\" \/>\n<link rel=\"canonical\" href=\"https:\/\/auslaenderbehoerde.org\/tr\/yabanci-misafirler-icin-seyahat-sigortasi\/\" \/>\n<meta property=\"og:locale\" content=\"tr_TR\" \/>\n<meta property=\"og:type\" content=\"article\" \/>\n<meta property=\"og:title\" content=\"Reiseversicherung f\u00fcr ausl\u00e4ndische G\u00e4ste - Auslaenderbehoerde.org\" \/>\n<meta property=\"og:description\" content=\"Eine Reiseversicherung f\u00fcr ausl\u00e4ndische G\u00e4ste sch\u00fctzt Sie vor hohen Kosten w\u00e4hrend Ihres Aufenthaltes in Deutschland.\" \/>\n<meta property=\"og:url\" content=\"https:\/\/auslaenderbehoerde.org\/tr\/yabanci-misafirler-icin-seyahat-sigortasi\/\" \/>\n<meta property=\"og:site_name\" content=\"auslaenderbehoerde.org\" \/>\n<meta property=\"article:modified_time\" content=\"2022-07-07T14:49:29+00:00\" \/>\n<meta property=\"og:image\" content=\"https:\/\/auslaenderbehoerde.org\/wp-content\/uploads\/2022\/07\/insurance-gaed63b78b_640.jpg\" \/>\n\t<meta property=\"og:image:width\" content=\"640\" \/>\n\t<meta property=\"og:image:height\" content=\"450\" \/>\n\t<meta property=\"og:image:type\" content=\"image\/jpeg\" \/>\n<meta name=\"twitter:card\" content=\"summary_large_image\" \/>\n<meta name=\"twitter:label1\" content=\"Tahmini okuma s\u00fcresi\" \/>\n\t<meta name=\"twitter:data1\" content=\"3 dakika\" \/>\n<script type=\"application\/ld+json\" class=\"yoast-schema-graph\">{\"@context\":\"https:\/\/schema.org\",\"@graph\":[{\"@type\":\"WebPage\",\"@id\":\"https:\/\/auslaenderbehoerde.org\/reiseversicherung-fuer-auslaendische-gaeste\/\",\"url\":\"https:\/\/auslaenderbehoerde.org\/reiseversicherung-fuer-auslaendische-gaeste\/\",\"name\":\"Reiseversicherung f\u00fcr ausl\u00e4ndische G\u00e4ste - Auslaenderbehoerde.org\",\"isPartOf\":{\"@id\":\"https:\/\/auslaenderbehoerde.org\/#website\"},\"primaryImageOfPage\":{\"@id\":\"https:\/\/auslaenderbehoerde.org\/reiseversicherung-fuer-auslaendische-gaeste\/#primaryimage\"},\"image\":{\"@id\":\"https:\/\/auslaenderbehoerde.org\/reiseversicherung-fuer-auslaendische-gaeste\/#primaryimage\"},\"thumbnailUrl\":\"https:\/\/auslaenderbehoerde.org\/wp-content\/uploads\/2022\/07\/insurance-gaed63b78b_640.jpg\",\"datePublished\":\"2022-06-28T12:11:47+00:00\",\"dateModified\":\"2022-07-07T14:49:29+00:00\",\"description\":\"Eine Reiseversicherung f\u00fcr ausl\u00e4ndische G\u00e4ste sch\u00fctzt Sie vor hohen Kosten w\u00e4hrend Ihres Aufenthaltes in Deutschland.\",\"breadcrumb\":{\"@id\":\"https:\/\/auslaenderbehoerde.org\/reiseversicherung-fuer-auslaendische-gaeste\/#breadcrumb\"},\"inLanguage\":\"tr\",\"potentialAction\":[{\"@type\":\"ReadAction\",\"target\":[\"https:\/\/auslaenderbehoerde.org\/reiseversicherung-fuer-auslaendische-gaeste\/\"]}]},{\"@type\":\"ImageObject\",\"inLanguage\":\"tr\",\"@id\":\"https:\/\/auslaenderbehoerde.org\/reiseversicherung-fuer-auslaendische-gaeste\/#primaryimage\",\"url\":\"https:\/\/auslaenderbehoerde.org\/wp-content\/uploads\/2022\/07\/insurance-gaed63b78b_640.jpg\",\"contentUrl\":\"https:\/\/auslaenderbehoerde.org\/wp-content\/uploads\/2022\/07\/insurance-gaed63b78b_640.jpg\",\"width\":640,\"height\":450,\"caption\":\"Reiseversicherung f\u00fcr ausl\u00e4ndische G\u00e4ste\"},{\"@type\":\"BreadcrumbList\",\"@id\":\"https:\/\/auslaenderbehoerde.org\/reiseversicherung-fuer-auslaendische-gaeste\/#breadcrumb\",\"itemListElement\":[{\"@type\":\"ListItem\",\"position\":1,\"name\":\"Startseite\",\"item\":\"https:\/\/auslaenderbehoerde.org\/\"},{\"@type\":\"ListItem\",\"position\":2,\"name\":\"Reiseversicherung f\u00fcr ausl\u00e4ndische G\u00e4ste\"}]},{\"@type\":\"WebSite\",\"@id\":\"https:\/\/auslaenderbehoerde.org\/#website\",\"url\":\"https:\/\/auslaenderbehoerde.org\/\",\"name\":\"auslaenderbehoerde.org\",\"description\":\"\",\"potentialAction\":[{\"@type\":\"SearchAction\",\"target\":{\"@type\":\"EntryPoint\",\"urlTemplate\":\"https:\/\/auslaenderbehoerde.org\/?s={search_term_string}\"},\"query-input\":{\"@type\":\"PropertyValueSpecification\",\"valueRequired\":true,\"valueName\":\"search_term_string\"}}],\"inLanguage\":\"tr\"}]}<\/script>\n<!-- \/ Yoast SEO plugin. -->","yoast_head_json":{"title":"Yabanc\u0131 misafirler i\u00e7in seyahat sigortas\u0131 - Auslaenderbehoerde.org","description":"Yabanc\u0131 misafirler i\u00e7in seyahat sigortas\u0131, Almanya&#039;da kald\u0131\u011f\u0131n\u0131z s\u00fcre boyunca sizi y\u00fcksek maliyetlere kar\u015f\u0131 korur.","robots":{"index":"index","follow":"follow","max-snippet":"max-snippet:-1","max-image-preview":"max-image-preview:large","max-video-preview":"max-video-preview:-1"},"canonical":"https:\/\/auslaenderbehoerde.org\/tr\/yabanci-misafirler-icin-seyahat-sigortasi\/","og_locale":"tr_TR","og_type":"article","og_title":"Reiseversicherung f\u00fcr ausl\u00e4ndische G\u00e4ste - Auslaenderbehoerde.org","og_description":"Eine Reiseversicherung f\u00fcr ausl\u00e4ndische G\u00e4ste sch\u00fctzt Sie vor hohen Kosten w\u00e4hrend Ihres Aufenthaltes in Deutschland.","og_url":"https:\/\/auslaenderbehoerde.org\/tr\/yabanci-misafirler-icin-seyahat-sigortasi\/","og_site_name":"auslaenderbehoerde.org","article_modified_time":"2022-07-07T14:49:29+00:00","og_image":[{"width":640,"height":450,"url":"https:\/\/auslaenderbehoerde.org\/wp-content\/uploads\/2022\/07\/insurance-gaed63b78b_640.jpg","type":"image\/jpeg"}],"twitter_card":"summary_large_image","twitter_misc":{"Tahmini okuma s\u00fcresi":"3 dakika"},"schema":{"@context":"https:\/\/schema.org","@graph":[{"@type":"WebPage","@id":"https:\/\/auslaenderbehoerde.org\/reiseversicherung-fuer-auslaendische-gaeste\/","url":"https:\/\/auslaenderbehoerde.org\/reiseversicherung-fuer-auslaendische-gaeste\/","name":"Yabanc\u0131 misafirler i\u00e7in seyahat sigortas\u0131 - Auslaenderbehoerde.org","isPartOf":{"@id":"https:\/\/auslaenderbehoerde.org\/#website"},"primaryImageOfPage":{"@id":"https:\/\/auslaenderbehoerde.org\/reiseversicherung-fuer-auslaendische-gaeste\/#primaryimage"},"image":{"@id":"https:\/\/auslaenderbehoerde.org\/reiseversicherung-fuer-auslaendische-gaeste\/#primaryimage"},"thumbnailUrl":"https:\/\/auslaenderbehoerde.org\/wp-content\/uploads\/2022\/07\/insurance-gaed63b78b_640.jpg","datePublished":"2022-06-28T12:11:47+00:00","dateModified":"2022-07-07T14:49:29+00:00","description":"Yabanc\u0131 misafirler i\u00e7in seyahat sigortas\u0131, Almanya&#039;da kald\u0131\u011f\u0131n\u0131z s\u00fcre boyunca sizi y\u00fcksek maliyetlere kar\u015f\u0131 korur.","breadcrumb":{"@id":"https:\/\/auslaenderbehoerde.org\/reiseversicherung-fuer-auslaendische-gaeste\/#breadcrumb"},"inLanguage":"tr","potentialAction":[{"@type":"ReadAction","target":["https:\/\/auslaenderbehoerde.org\/reiseversicherung-fuer-auslaendische-gaeste\/"]}]},{"@type":"ImageObject","inLanguage":"tr","@id":"https:\/\/auslaenderbehoerde.org\/reiseversicherung-fuer-auslaendische-gaeste\/#primaryimage","url":"https:\/\/auslaenderbehoerde.org\/wp-content\/uploads\/2022\/07\/insurance-gaed63b78b_640.jpg","contentUrl":"https:\/\/auslaenderbehoerde.org\/wp-content\/uploads\/2022\/07\/insurance-gaed63b78b_640.jpg","width":640,"height":450,"caption":"Reiseversicherung f\u00fcr ausl\u00e4ndische G\u00e4ste"},{"@type":"BreadcrumbList","@id":"https:\/\/auslaenderbehoerde.org\/reiseversicherung-fuer-auslaendische-gaeste\/#breadcrumb","itemListElement":[{"@type":"ListItem","position":1,"name":"Startseite","item":"https:\/\/auslaenderbehoerde.org\/"},{"@type":"ListItem","position":2,"name":"Reiseversicherung f\u00fcr ausl\u00e4ndische G\u00e4ste"}]},{"@type":"WebSite","@id":"https:\/\/auslaenderbehoerde.org\/#website","url":"https:\/\/auslaenderbehoerde.org\/","name":"auslaenderbehoerde.org","description":"","potentialAction":[{"@type":"SearchAction","target":{"@type":"EntryPoint","urlTemplate":"https:\/\/auslaenderbehoerde.org\/?s={search_term_string}"},"query-input":{"@type":"PropertyValueSpecification","valueRequired":true,"valueName":"search_term_string"}}],"inLanguage":"tr"}]}},"_links":{"self":[{"href":"https:\/\/auslaenderbehoerde.org\/tr\/wp-json\/wp\/v2\/pages\/143","targetHints":{"allow":["GET"]}}],"collection":[{"href":"https:\/\/auslaenderbehoerde.org\/tr\/wp-json\/wp\/v2\/pages"}],"about":[{"href":"https:\/\/auslaenderbehoerde.org\/tr\/wp-json\/wp\/v2\/types\/page"}],"author":[{"embeddable":true,"href":"https:\/\/auslaenderbehoerde.org\/tr\/wp-json\/wp\/v2\/users\/1"}],"replies":[{"embeddable":true,"href":"https:\/\/auslaenderbehoerde.org\/tr\/wp-json\/wp\/v2\/comments?post=143"}],"version-history":[{"count":10,"href":"https:\/\/auslaenderbehoerde.org\/tr\/wp-json\/wp\/v2\/pages\/143\/revisions"}],"predecessor-version":[{"id":666,"href":"https:\/\/auslaenderbehoerde.org\/tr\/wp-json\/wp\/v2\/pages\/143\/revisions\/666"}],"wp:featuredmedia":[{"embeddable":true,"href":"https:\/\/auslaenderbehoerde.org\/tr\/wp-json\/wp\/v2\/media\/218"}],"wp:attachment":[{"href":"https:\/\/auslaenderbehoerde.org\/tr\/wp-json\/wp\/v2\/media?parent=143"}],"curies":[{"name":"wp","href":"https:\/\/api.w.org\/{rel}","templated":true}]}}