{"id":145,"date":"2022-06-28T14:13:02","date_gmt":"2022-06-28T12:13:02","guid":{"rendered":"https:\/\/auslaenderbehoerde.org\/?page_id=145"},"modified":"2022-07-08T11:29:05","modified_gmt":"2022-07-08T09:29:05","slug":"verpflichtungserklaerung","status":"publish","type":"page","link":"https:\/\/auslaenderbehoerde.org\/tr\/taahhuet-beyani\/","title":{"rendered":"taahh\u00fct beyan\u0131"},"content":{"rendered":"<figure id=\"attachment_159\" aria-describedby=\"caption-attachment-159\" style=\"width: 900px\" class=\"wp-caption aligncenter\"><img decoding=\"async\" class=\"wp-image-159 size-full\" src=\"https:\/\/auslaenderbehoerde.org\/wp-content\/uploads\/2022\/06\/Verpflichtungsklarung-scaled-e1656420805754.jpg\" alt=\"taahh\u00fct beyan\u0131\" width=\"900\" height=\"506\" srcset=\"\" sizes=\"(max-width: 900px) 100vw, 900px\" data-srcset=\"\" \/><figcaption id=\"caption-attachment-159\" class=\"wp-caption-text\">S\u00f6zde taahh\u00fct beyan\u0131, \u00fc\u00e7\u00fcnc\u00fc \u00fclke vatanda\u015flar\u0131n\u0131n ya\u015fam giderlerini g\u00fcvence alt\u0131na almaya hizmet eder.<\/figcaption><\/figure>\n<p>Vizeye ihtiyac\u0131 olan ve kendisi gerekli maddi imk\u00e2nlara sahip olmayan misafirleri davet etmek isterseniz, davet eden ki\u015fi olarak sorumlu tarafa taahh\u00fct beyan\u0131 sunman\u0131z gerekmektedir. <a href=\"https:\/\/auslaenderbehoerde.org\/tr\/\">yabanc\u0131lar Kurumu<\/a> devretmek. Kural olarak, ziyaret\u00e7inizin sizinle birlikte ya\u015famas\u0131 durumunda yerel g\u00f6\u00e7menlik b\u00fcronuz sorumludur.<\/p>\n<p>sonra <a href=\"https:\/\/kiew.diplo.de\/ua-de\/service\/05-VisaEinreise\/faq-finanzen---66-68aufenthg\/1289754\" target=\"_blank\" rel=\"noopener\">\u00a7\u00a7 66, 68<\/a> Resmi bir taahh\u00fct beyan\u0131 i\u00e7in \u0130kamet Yasas\u0131. Ziyaret\u00e7iniz daha sonra bunu vize ofisine finansman kan\u0131t\u0131 olarak veya gerekli vize ba\u015fvurusunun yap\u0131labilmesi i\u00e7in davetiye olarak sunabilir.<\/p>\n<p>Gidi\u015f ve d\u00f6n\u00fc\u015f yolculu\u011fu ile kal\u0131\u015f masraflar\u0131 vize ba\u015fvurusu sahibi taraf\u0131ndan kar\u015f\u0131lan\u0131rsa, taahh\u00fct beyan\u0131 verilmesi gereksiz hale gelir. <strong>kendim giydim<\/strong> olabilir. Bu durumda sadece mali kapasitenin kan\u0131tlanmas\u0131 gerekir. Bu, Alman davet\u00e7i taraf\u0131ndan yaz\u0131l\u0131, gayri resmi bir davet \u015feklinde teyit edilebilir.<\/p>\n<p>Bir Alman vatanda\u015f\u0131 taraf\u0131ndan yabanc\u0131 bir e\u015f i\u00e7in vize ba\u015fvurusunda bulunulursa, as\u0131l ve bir n\u00fcshas\u0131ndaki evlilik c\u00fczdan\u0131, Alman e\u015fin resmi olmayan davetiyesi ile birlikte pasaportun bir kopyas\u0131 yeterlidir.<\/p>\n<h2>Sekans<\/h2>\n<p>Yabanc\u0131 bir ziyaret\u00e7iyi evine davet etmek isteyen herkes, vize verilebilmesi i\u00e7in kendileri i\u00e7in bir taahh\u00fct beyan\u0131 sunmal\u0131d\u0131r. Yerel g\u00f6\u00e7menlik b\u00fcrosunda bir taahh\u00fct beyan\u0131 imzalayabilmek i\u00e7in, bir <strong>ki\u015fisel g\u00f6r\u00fcn\u00fcm<\/strong> gerekli. Orijinalinde \u00e7ok say\u0131da ki\u015fisel belge getirilmelidir.<\/p>\n<div class=\"su-note\"  style=\"border-color:#d1d1d0;border-radius:3px;-moz-border-radius:3px;-webkit-border-radius:3px;\"><div class=\"su-note-inner su-u-clearfix su-u-trim\" style=\"background-color:#ebebea;border-color:#ffffff;color:#444444;border-radius:3px;-moz-border-radius:3px;-webkit-border-radius:3px;\"><strong>Yurt d\u0131\u015f\u0131ndan ziyaret\u00e7i mi bekliyorsunuz?<\/strong> Birlikte <a href=\"https:\/\/auslaenderbehoerde.org\/tr\/yabanci-misafirler-icin-seyahat-sigortasi\/\">Yabanc\u0131 misafirler i\u00e7in seyahat sigortas\u0131<\/a> Almanya ve Avrupa&#039;da kapsaml\u0131 korumadan yararlan\u0131n.<\/div><\/div>\n<h2>Taahh\u00fct beyan\u0131n\u0131n d\u00fczenlenmesi i\u00e7in hangi belgeler gereklidir?<\/h2>\n<ul style=\"list-style-type: circle;\">\n<li>ge\u00e7erli, orijinal bir kimlik kart\u0131 veya pasaport<\/li>\n<li>Ziyaret\u00e7inin ad\u0131 ve soyad\u0131, ikamet yeri, uyru\u011fu, do\u011fum tarihi, pasaport no. ve ziyaret\u00e7inin adresi<\/li>\n<li>G\u00fcncel bir emeklilik bildirimi, bir vergi bildirimi (serbest meslek sahipleri i\u00e7in), son \u00fc\u00e7 bildirim \/ emeklilik bildirimi veya i\u015f bilgilerini i\u00e7eren bir vergi dan\u0131\u015fman\u0131ndan al\u0131nan bir sertifikadan olu\u015fan g\u00fcncel bir maa\u015f belgesi<\/li>\n<li>Davet edilen ziyaret\u00e7iye aile ili\u015fkisinin temsili, \u00fclkeye giri\u015f yapan akrabalardan gelen t\u00fcm veriler<\/li>\n<li>Ziyaret\u00e7inin konaklama s\u00fcresince ya\u015fad\u0131\u011f\u0131 adresin belirtilmesi<\/li>\n<li>vizenin istenen ge\u00e7erlilik ba\u015flang\u0131c\u0131<\/li>\n<\/ul>\n<p>Bir taahh\u00fct beyan\u0131n\u0131n maliyeti genellikle 29 Euro&#039;dur. Bir taahh\u00fct beyan\u0131, yaln\u0131zca g\u00fcvenli, ayl\u0131k bir para makbuzu kan\u0131tlanabiliyorsa etkili ve ge\u00e7erlidir. Sadece g\u00fcvenli bir ge\u00e7im kayna\u011f\u0131 de\u011fil, ayn\u0131 zamanda yeterli bir kredi notu da kan\u0131tlanmal\u0131d\u0131r.<\/p>\n<p>Almanya&#039;daki gelire ek olarak, yabanc\u0131 bir <a href=\"https:\/\/botschaft-konsulat.de\/\" target=\"_blank\" rel=\"noopener\">\u0130leti<\/a> Bir taahh\u00fct beyan\u0131 olu\u015fturmak i\u00e7in yeterli sermayenin olmas\u0131 i\u00e7in yurtd\u0131\u015f\u0131ndaki varl\u0131klar\u0131 teyit edin. Yabanc\u0131 gelir AB d\u0131\u015f\u0131nda da teyit edilebilir.<\/p>\n<div class=\"su-note\"  style=\"border-color:#d1d1d0;border-radius:3px;-moz-border-radius:3px;-webkit-border-radius:3px;\"><div class=\"su-note-inner su-u-clearfix su-u-trim\" style=\"background-color:#ebebea;border-color:#ffffff;color:#444444;border-radius:3px;-moz-border-radius:3px;-webkit-border-radius:3px;\"><b>Bir uyar\u0131: <\/b>Ofisler ve yetkililer i\u00e7in genellikle a\u015fa\u011f\u0131daki belgelere veya sertifikalara ihtiyac\u0131n\u0131z vard\u0131r: <a href=\"https:\/\/tidd.ly\/3y8DKdr\" target=\"_blank\" rel=\"noopener\">sektifikal\u0131 \u00e7eviri<\/a>*.<\/div><\/div>\n<h3>Bir taahh\u00fct beyan\u0131 ne kadar s\u00fcreyle ge\u00e7erlidir?<\/h3>\n<p>Bir taahh\u00fct beyan\u0131 en fazla 6 ay ge\u00e7erlidir. Kefil, ki\u015fisel mali ko\u015fullar\u0131n son 6 ayda olumsuz y\u00f6nde de\u011fi\u015fmedi\u011fini kan\u0131tlayabilirse yeni bir taahh\u00fct beyan\u0131 d\u00fczenlenebilir.<\/p>\n<p>Bir misafir i\u00e7in taahh\u00fct beyan\u0131 almak istiyorsan\u0131z, yeterince para kazanman\u0131z gerekir. Tek bir gelir, taahh\u00fct beyan\u0131 almak i\u00e7in yeterli de\u011filse, \u00e7iftler gelirlerini toplayabilir. Bir taahh\u00fct beyan\u0131n\u0131n resmi olarak d\u00fczenlenebilmesi i\u00e7in ayda minimum 1470 Euro net gelir g\u00f6sterilmelidir.<\/p>\n<p>Ayl\u0131k geliriniz yeterli de\u011filse, bir Deutsche Bank&#039;ta vize ama\u00e7l\u0131 bloke hesap a\u00e7abilirsiniz. Belirlenen bloke hesaba belirli bir miktar para aktararak ilgili ki\u015fi bu s\u00fcre zarf\u0131nda ge\u00e7imini ve di\u011fer giderlerini kendisi kar\u015f\u0131layabilmesini sa\u011flar.<\/p>\n<p>Taahh\u00fct beyan\u0131 sadece 6 ay ge\u00e7erli oldu\u011fu i\u00e7in misafirin ibraz\u0131ndan hemen sonra vize ba\u015fvurusu yapmas\u0131 gerekmektedir. Vize verilmesi 6 aydan uzun s\u00fcrerse, yeni bir taahh\u00fct beyan\u0131 sunulmal\u0131d\u0131r. Taahh\u00fct beyan\u0131 sunma formlar\u0131 G\u00f6\u00e7menlik B\u00fcrosundan temin edilebilir.<\/p>\n<h3 id=\"customheading6\"><strong>\u0130lgili Ba\u011flant\u0131lar\u00a0<\/strong><\/h3>\n<ul style=\"list-style-type: circle;\">\n<li><a href=\"https:\/\/auslaenderbehoerde.org\/tr\/almanyada-ilk-adimlar\/\">Almanya&#039;da ilk ad\u0131mlar<\/a><\/li>\n<\/ul>","protected":false},"excerpt":{"rendered":"<p>Vizeye ihtiya\u00e7 duyan ve bunun i\u00e7in gerekli maddi imkan\u0131 olmayan misafirleri davet etmek istiyorsan\u0131z, davet eden ki\u015fi olarak sizin sorumlu g\u00f6\u00e7menlik dairesine bir taahh\u00fct beyan\u0131 sunman\u0131z gerekir. Kural olarak, ziyaret\u00e7inizin sizinle ya\u015famas\u0131n\u0131 istiyorsan\u0131z yerel g\u00f6\u00e7menlik daireniz sorumludur. \u0130kamet Kanununun 66 ve 68. Maddelerine g\u00f6re bu resmi bir\u2026&nbsp;<a href=\"https:\/\/auslaenderbehoerde.org\/tr\/taahhuet-beyani\/\" rel=\"bookmark\">Devam\u0131n\u0131 oku &quot;<span class=\"screen-reader-text\">taahh\u00fct beyan\u0131<\/span><\/a><\/p>","protected":false},"author":1,"featured_media":159,"parent":0,"menu_order":0,"comment_status":"closed","ping_status":"closed","template":"","meta":{"neve_meta_sidebar":"","neve_meta_container":"","neve_meta_enable_content_width":"off","neve_meta_content_width":100,"neve_meta_title_alignment":"","neve_meta_author_avatar":"","neve_post_elements_order":"","neve_meta_disable_header":"","neve_meta_disable_footer":"","neve_meta_disable_title":"","neve_meta_reading_time":"","footnotes":""},"class_list":["post-145","page","type-page","status-publish","has-post-thumbnail","hentry"],"yoast_head":"<!-- This site is optimized with the Yoast SEO plugin v26.6 - https:\/\/yoast.com\/wordpress\/plugins\/seo\/ -->\n<title>Verpflichtungserkl\u00e4rung - Auslaenderbehoerde.org<\/title>\n<meta name=\"description\" content=\"Mit einer Verpflichtungserkl\u00e4rung k\u00f6nnen Sie Menschen aus dem Ausland die Einreise und den Aufenthalt in Deutschland erm\u00f6glichen\" \/>\n<meta name=\"robots\" content=\"index, follow, max-snippet:-1, max-image-preview:large, max-video-preview:-1\" \/>\n<link rel=\"canonical\" href=\"https:\/\/auslaenderbehoerde.org\/tr\/taahhuet-beyani\/\" \/>\n<meta property=\"og:locale\" content=\"tr_TR\" \/>\n<meta property=\"og:type\" content=\"article\" \/>\n<meta property=\"og:title\" content=\"Verpflichtungserkl\u00e4rung - Auslaenderbehoerde.org\" \/>\n<meta property=\"og:description\" content=\"Mit einer Verpflichtungserkl\u00e4rung k\u00f6nnen Sie Menschen aus dem Ausland die Einreise und den Aufenthalt in Deutschland erm\u00f6glichen\" \/>\n<meta property=\"og:url\" content=\"https:\/\/auslaenderbehoerde.org\/tr\/taahhuet-beyani\/\" \/>\n<meta property=\"og:site_name\" content=\"auslaenderbehoerde.org\" \/>\n<meta property=\"article:modified_time\" content=\"2022-07-08T09:29:05+00:00\" \/>\n<meta property=\"og:image\" content=\"https:\/\/auslaenderbehoerde.org\/wp-content\/uploads\/2022\/06\/Verpflichtungserkla\u0308rung-scaled-e1656420805754.jpg\" \/>\n\t<meta property=\"og:image:width\" content=\"900\" \/>\n\t<meta property=\"og:image:height\" content=\"506\" \/>\n\t<meta property=\"og:image:type\" content=\"image\/jpeg\" \/>\n<meta name=\"twitter:card\" content=\"summary_large_image\" \/>\n<meta name=\"twitter:label1\" content=\"Tahmini okuma s\u00fcresi\" \/>\n\t<meta name=\"twitter:data1\" content=\"4 dakika\" \/>\n<script type=\"application\/ld+json\" class=\"yoast-schema-graph\">{\"@context\":\"https:\/\/schema.org\",\"@graph\":[{\"@type\":\"WebPage\",\"@id\":\"https:\/\/auslaenderbehoerde.org\/verpflichtungserklaerung\/\",\"url\":\"https:\/\/auslaenderbehoerde.org\/verpflichtungserklaerung\/\",\"name\":\"Verpflichtungserkl\u00e4rung - Auslaenderbehoerde.org\",\"isPartOf\":{\"@id\":\"https:\/\/auslaenderbehoerde.org\/#website\"},\"primaryImageOfPage\":{\"@id\":\"https:\/\/auslaenderbehoerde.org\/verpflichtungserklaerung\/#primaryimage\"},\"image\":{\"@id\":\"https:\/\/auslaenderbehoerde.org\/verpflichtungserklaerung\/#primaryimage\"},\"thumbnailUrl\":\"https:\/\/auslaenderbehoerde.org\/wp-content\/uploads\/2022\/06\/Verpflichtungserkla\u0308rung-scaled-e1656420805754.jpg\",\"datePublished\":\"2022-06-28T12:13:02+00:00\",\"dateModified\":\"2022-07-08T09:29:05+00:00\",\"description\":\"Mit einer Verpflichtungserkl\u00e4rung k\u00f6nnen Sie Menschen aus dem Ausland die Einreise und den Aufenthalt in Deutschland erm\u00f6glichen\",\"breadcrumb\":{\"@id\":\"https:\/\/auslaenderbehoerde.org\/verpflichtungserklaerung\/#breadcrumb\"},\"inLanguage\":\"tr\",\"potentialAction\":[{\"@type\":\"ReadAction\",\"target\":[\"https:\/\/auslaenderbehoerde.org\/verpflichtungserklaerung\/\"]}]},{\"@type\":\"ImageObject\",\"inLanguage\":\"tr\",\"@id\":\"https:\/\/auslaenderbehoerde.org\/verpflichtungserklaerung\/#primaryimage\",\"url\":\"https:\/\/auslaenderbehoerde.org\/wp-content\/uploads\/2022\/06\/Verpflichtungserkla\u0308rung-scaled-e1656420805754.jpg\",\"contentUrl\":\"https:\/\/auslaenderbehoerde.org\/wp-content\/uploads\/2022\/06\/Verpflichtungserkla\u0308rung-scaled-e1656420805754.jpg\",\"width\":900,\"height\":506,\"caption\":\"Verpflichtungserkl\u00e4rung\"},{\"@type\":\"BreadcrumbList\",\"@id\":\"https:\/\/auslaenderbehoerde.org\/verpflichtungserklaerung\/#breadcrumb\",\"itemListElement\":[{\"@type\":\"ListItem\",\"position\":1,\"name\":\"Startseite\",\"item\":\"https:\/\/auslaenderbehoerde.org\/\"},{\"@type\":\"ListItem\",\"position\":2,\"name\":\"Verpflichtungserkl\u00e4rung\"}]},{\"@type\":\"WebSite\",\"@id\":\"https:\/\/auslaenderbehoerde.org\/#website\",\"url\":\"https:\/\/auslaenderbehoerde.org\/\",\"name\":\"auslaenderbehoerde.org\",\"description\":\"\",\"potentialAction\":[{\"@type\":\"SearchAction\",\"target\":{\"@type\":\"EntryPoint\",\"urlTemplate\":\"https:\/\/auslaenderbehoerde.org\/?s={search_term_string}\"},\"query-input\":{\"@type\":\"PropertyValueSpecification\",\"valueRequired\":true,\"valueName\":\"search_term_string\"}}],\"inLanguage\":\"tr\"}]}<\/script>\n<!-- \/ Yoast SEO plugin. -->","yoast_head_json":{"title":"Taahh\u00fct beyan\u0131 - Auslaenderbehoerde.org","description":"Bir taahh\u00fct beyan\u0131 ile yurtd\u0131\u015f\u0131ndan ki\u015filerin Almanya&#039;ya girmesini ve Almanya&#039;da kalmas\u0131n\u0131 sa\u011flayabilirsiniz.","robots":{"index":"index","follow":"follow","max-snippet":"max-snippet:-1","max-image-preview":"max-image-preview:large","max-video-preview":"max-video-preview:-1"},"canonical":"https:\/\/auslaenderbehoerde.org\/tr\/taahhuet-beyani\/","og_locale":"tr_TR","og_type":"article","og_title":"Verpflichtungserkl\u00e4rung - Auslaenderbehoerde.org","og_description":"Mit einer Verpflichtungserkl\u00e4rung k\u00f6nnen Sie Menschen aus dem Ausland die Einreise und den Aufenthalt in Deutschland erm\u00f6glichen","og_url":"https:\/\/auslaenderbehoerde.org\/tr\/taahhuet-beyani\/","og_site_name":"auslaenderbehoerde.org","article_modified_time":"2022-07-08T09:29:05+00:00","og_image":[{"width":900,"height":506,"url":"https:\/\/auslaenderbehoerde.org\/wp-content\/uploads\/2022\/06\/Verpflichtungserkla\u0308rung-scaled-e1656420805754.jpg","type":"image\/jpeg"}],"twitter_card":"summary_large_image","twitter_misc":{"Tahmini okuma s\u00fcresi":"4 dakika"},"schema":{"@context":"https:\/\/schema.org","@graph":[{"@type":"WebPage","@id":"https:\/\/auslaenderbehoerde.org\/verpflichtungserklaerung\/","url":"https:\/\/auslaenderbehoerde.org\/verpflichtungserklaerung\/","name":"Taahh\u00fct beyan\u0131 - Auslaenderbehoerde.org","isPartOf":{"@id":"https:\/\/auslaenderbehoerde.org\/#website"},"primaryImageOfPage":{"@id":"https:\/\/auslaenderbehoerde.org\/verpflichtungserklaerung\/#primaryimage"},"image":{"@id":"https:\/\/auslaenderbehoerde.org\/verpflichtungserklaerung\/#primaryimage"},"thumbnailUrl":"https:\/\/auslaenderbehoerde.org\/wp-content\/uploads\/2022\/06\/Verpflichtungserkla\u0308rung-scaled-e1656420805754.jpg","datePublished":"2022-06-28T12:13:02+00:00","dateModified":"2022-07-08T09:29:05+00:00","description":"Bir taahh\u00fct beyan\u0131 ile yurtd\u0131\u015f\u0131ndan ki\u015filerin Almanya&#039;ya girmesini ve Almanya&#039;da kalmas\u0131n\u0131 sa\u011flayabilirsiniz.","breadcrumb":{"@id":"https:\/\/auslaenderbehoerde.org\/verpflichtungserklaerung\/#breadcrumb"},"inLanguage":"tr","potentialAction":[{"@type":"ReadAction","target":["https:\/\/auslaenderbehoerde.org\/verpflichtungserklaerung\/"]}]},{"@type":"ImageObject","inLanguage":"tr","@id":"https:\/\/auslaenderbehoerde.org\/verpflichtungserklaerung\/#primaryimage","url":"https:\/\/auslaenderbehoerde.org\/wp-content\/uploads\/2022\/06\/Verpflichtungserkla\u0308rung-scaled-e1656420805754.jpg","contentUrl":"https:\/\/auslaenderbehoerde.org\/wp-content\/uploads\/2022\/06\/Verpflichtungserkla\u0308rung-scaled-e1656420805754.jpg","width":900,"height":506,"caption":"Verpflichtungserkl\u00e4rung"},{"@type":"BreadcrumbList","@id":"https:\/\/auslaenderbehoerde.org\/verpflichtungserklaerung\/#breadcrumb","itemListElement":[{"@type":"ListItem","position":1,"name":"Startseite","item":"https:\/\/auslaenderbehoerde.org\/"},{"@type":"ListItem","position":2,"name":"Verpflichtungserkl\u00e4rung"}]},{"@type":"WebSite","@id":"https:\/\/auslaenderbehoerde.org\/#website","url":"https:\/\/auslaenderbehoerde.org\/","name":"auslaenderbehoerde.org","description":"","potentialAction":[{"@type":"SearchAction","target":{"@type":"EntryPoint","urlTemplate":"https:\/\/auslaenderbehoerde.org\/?s={search_term_string}"},"query-input":{"@type":"PropertyValueSpecification","valueRequired":true,"valueName":"search_term_string"}}],"inLanguage":"tr"}]}},"_links":{"self":[{"href":"https:\/\/auslaenderbehoerde.org\/tr\/wp-json\/wp\/v2\/pages\/145","targetHints":{"allow":["GET"]}}],"collection":[{"href":"https:\/\/auslaenderbehoerde.org\/tr\/wp-json\/wp\/v2\/pages"}],"about":[{"href":"https:\/\/auslaenderbehoerde.org\/tr\/wp-json\/wp\/v2\/types\/page"}],"author":[{"embeddable":true,"href":"https:\/\/auslaenderbehoerde.org\/tr\/wp-json\/wp\/v2\/users\/1"}],"replies":[{"embeddable":true,"href":"https:\/\/auslaenderbehoerde.org\/tr\/wp-json\/wp\/v2\/comments?post=145"}],"version-history":[{"count":10,"href":"https:\/\/auslaenderbehoerde.org\/tr\/wp-json\/wp\/v2\/pages\/145\/revisions"}],"predecessor-version":[{"id":667,"href":"https:\/\/auslaenderbehoerde.org\/tr\/wp-json\/wp\/v2\/pages\/145\/revisions\/667"}],"wp:featuredmedia":[{"embeddable":true,"href":"https:\/\/auslaenderbehoerde.org\/tr\/wp-json\/wp\/v2\/media\/159"}],"wp:attachment":[{"href":"https:\/\/auslaenderbehoerde.org\/tr\/wp-json\/wp\/v2\/media?parent=145"}],"curies":[{"name":"wp","href":"https:\/\/api.w.org\/{rel}","templated":true}]}}