{"id":147,"date":"2022-06-28T14:13:15","date_gmt":"2022-06-28T12:13:15","guid":{"rendered":"https:\/\/auslaenderbehoerde.org\/?page_id=147"},"modified":"2022-07-15T15:18:57","modified_gmt":"2022-07-15T13:18:57","slug":"aufenthaltstitel","status":"publish","type":"page","link":"https:\/\/auslaenderbehoerde.org\/tr\/oturma-izni\/","title":{"rendered":"oturma izni"},"content":{"rendered":"<p><img decoding=\"async\" class=\"wp-image-155 size-full aligncenter\" src=\"https:\/\/auslaenderbehoerde.org\/wp-content\/uploads\/2022\/06\/Zwischen\u00fcberschrift-hinzuf\u00fcgen-3.png\" alt=\"oturma izni\" width=\"600\" height=\"400\" srcset=\"https:\/\/auslaenderbehoerde.org\/wp-content\/uploads\/2022\/06\/Zwischenu\u0308berschrift-hinzufu\u0308gen-3.png 600w, https:\/\/auslaenderbehoerde.org\/wp-content\/uploads\/2022\/06\/Zwischenu\u0308berschrift-hinzufu\u0308gen-3-300x200.png 300w\" sizes=\"(max-width: 600px) 100vw, 600px\" \/><\/p>\n<p>Herhangi bir yabanc\u0131 uyruklu <a href=\"https:\/\/ec.europa.eu\/taxation_customs\/list-non-eu-countries_de\" target=\"_blank\" rel=\"noopener\">Avrupa Birli\u011fi&#039;nde de\u011fil<\/a> Almanya&#039;ya girebilmek i\u00e7in oturma iznine ihtiyac\u0131 vard\u0131r. Almanya&#039;da istenilen kal\u0131\u015f s\u00fcresine ve s\u00fcresine ba\u011fl\u0131 olarak farkl\u0131 oturma izinleri gerekmektedir. Yedi farkl\u0131 oturma izni aras\u0131nda bir ayr\u0131m yap\u0131lm\u0131\u015ft\u0131r.<\/p>\n<p>Yurtd\u0131\u015f\u0131ndan gelen konuklar\u0131n sadece Almanya&#039;y\u0131 ziyaret etmek veya orada \u00e7al\u0131\u015fmak\/e\u011fitim almak istemesi fark yarat\u0131r. A\u015fa\u011f\u0131da farkl\u0131 oturma izinlerinin nas\u0131l yap\u0131land\u0131r\u0131ld\u0131\u011f\u0131n\u0131 ve nas\u0131l kullan\u0131labilece\u011fini \u00f6\u011frenebilirsiniz.<\/p>\n<h2>Oturma izni nas\u0131l ba\u015fvurulur?<\/h2>\n<p>Almanya&#039;da oturma iznine ba\u015fvurabilmek i\u00e7in \u00e7ok \u00e7e\u015fitli gereksinimlerin kar\u015f\u0131lanmas\u0131 gerekir. Almanya&#039;da kalmak istedi\u011finiz konaklama t\u00fcr\u00fcne ba\u011fl\u0131 olarak, \u00e7ok \u00e7e\u015fitli kan\u0131tlar sunulmal\u0131d\u0131r. Prensip olarak, oturma iznine ba\u015fvurabilmek i\u00e7in a\u015fa\u011f\u0131daki \u015fartlar\u0131n kar\u015f\u0131lanmas\u0131 gerekir:<\/p>\n<ul style=\"list-style-type: circle;\">\n<li>Ba\u015fvuru sahiplerinin ge\u00e7erli bir pasaportu olmal\u0131d\u0131r<\/li>\n<li>oturma izni i\u00e7in \u00e7evrimi\u00e7i ba\u015fvuru yap\u0131lmal\u0131d\u0131r<\/li>\n<li>ge\u00e7im kayna\u011f\u0131n\u0131n g\u00fcvence alt\u0131na al\u0131nabilece\u011fine dair kan\u0131t sa\u011flanmal\u0131d\u0131r.<\/li>\n<li>milliyet ve kimli\u011fin a\u00e7\u0131klay\u0131c\u0131 bir sunumu mevcut olmal\u0131d\u0131r<\/li>\n<li>Yeterli sa\u011fl\u0131k sigortas\u0131 kapsam\u0131n\u0131n kan\u0131t\u0131 mevcut olmal\u0131d\u0131r<\/li>\n<li>Alman makamlar\u0131n\u0131n s\u0131n\u0131r d\u0131\u015f\u0131 edilmeyle ilgilenmesi i\u00e7in hi\u00e7bir neden olmamal\u0131d\u0131r.<\/li>\n<\/ul>\n<h3>Almanya&#039;da a\u015fa\u011f\u0131daki oturma izinleri i\u00e7in ba\u015fvurulabilir:<\/h3>\n<p>i\u00e7in <strong>ge\u00e7ici<\/strong> Oturma izinleri \u015funlar\u0131 i\u00e7erir:<\/p>\n<ul style=\"list-style-type: circle;\">\n<li>B\u0130T kart\u0131<\/li>\n<li>vize<\/li>\n<li><a href=\"https:\/\/auslaenderbehoerde.org\/tr\/oturma-izni-2\/\">oturma izni<\/a><\/li>\n<li>mobil ICT kart\u0131<\/li>\n<li>mavi kart AB<\/li>\n<\/ul>\n<p>i\u00e7in <strong>s\u00fcrekli<\/strong> Oturma izinleri \u015funlar\u0131 i\u00e7erir:<\/p>\n<ul style=\"list-style-type: circle;\">\n<li>AB&#039;de daimi ikamet izni<\/li>\n<li>yerle\u015fim izni<\/li>\n<\/ul>\n<div class=\"su-note\"  style=\"border-color:#d1d1d0;border-radius:3px;-moz-border-radius:3px;-webkit-border-radius:3px;\"><div class=\"su-note-inner su-u-clearfix su-u-trim\" style=\"background-color:#ebebea;border-color:#ffffff;color:#444444;border-radius:3px;-moz-border-radius:3px;-webkit-border-radius:3px;\"><strong>Yurt d\u0131\u015f\u0131ndan ziyaret\u00e7i mi bekliyorsunuz?<\/strong> Birlikte <a href=\"https:\/\/auslaenderbehoerde.org\/tr\/yabanci-misafirler-icin-seyahat-sigortasi\/\">Yabanc\u0131 misafirler i\u00e7in seyahat sigortas\u0131<\/a> Almanya ve Avrupa&#039;da kapsaml\u0131 korumadan yararlan\u0131n.<\/div><\/div>\n<h2>eAT (elektronik oturma izni) nedir?<\/h2>\n<p>eAT, Almanya&#039;da kredi kart\u0131 format\u0131nda plastik kart olarak verilen elektronik oturma iznidir. Plastik kartta sadece biyometrik foto\u011fraf ve isim, adres, parmak izi, uyruk ve do\u011fum tarihi gibi ki\u015fisel veriler de\u011fil, ayn\u0131 zamanda saklama ortam\u0131 olarak bir \u00e7ip de yer al\u0131yor.<\/p>\n<p>T\u00fcm ko\u015fullar (yard\u0131mc\u0131 h\u00fck\u00fcmler) buna kaydedilir, bu da eAT&#039;ye bir \u00e7evrimi\u00e7i tan\u0131mlama i\u015flevinin dahil oldu\u011fu anlam\u0131na gelir. Bu, \u0130nternet \u00fczerinden h\u0131zl\u0131 ve kolay bir \u015fekilde \u00e7a\u011fr\u0131labilen ticari \u00e7evrimi\u00e7i hizmetlerin ve devlet hizmetlerinin g\u00f6n\u00fcll\u00fc olarak kullan\u0131lmas\u0131n\u0131 m\u00fcmk\u00fcn k\u0131lar. Veri h\u0131rs\u0131zl\u0131\u011f\u0131 veya k\u00f6t\u00fcye kullan\u0131lmas\u0131 m\u00fcmk\u00fcn de\u011fildir. Birka\u00e7 istisna d\u0131\u015f\u0131nda, eAT ka\u011f\u0131t oturma izninin yerini alm\u0131\u015ft\u0131r.<\/p>\n<h3 id=\"customheading6\"><strong>\u0130lgili Ba\u011flant\u0131lar\u00a0<\/strong><\/h3>\n<ul>\n<li><a href=\"https:\/\/auslaenderbehoerde.org\/tr\/almanyada-ilk-adimlar\/\" data-wpel-link=\"internal\">Almanya&#039;da ilk ad\u0131mlar<\/a><\/li>\n<li><a href=\"https:\/\/auslaenderbehoerde.org\/tr\/\">Almanya&#039;daki g\u00f6\u00e7menlik makamlar\u0131<\/a><\/li>\n<\/ul>","protected":false},"excerpt":{"rendered":"<p>Avrupa Birli\u011fi&#039;nde ikamet etmeyen her yabanc\u0131 vatanda\u015f\u0131n Almanya&#039;ya girebilmesi i\u00e7in oturma iznine ihtiyac\u0131 vard\u0131r. Almanya&#039;da kalmak istedi\u011finiz kal\u0131\u015f t\u00fcr\u00fcne ve s\u00fcresine ba\u011fl\u0131 olarak farkl\u0131 oturma izinleri gerekmektedir. Yedi farkl\u0131 oturma izni aras\u0131nda ayr\u0131m yap\u0131lmaktad\u0131r. Yurt d\u0131\u015f\u0131ndan gelen misafirlerin Almanya&#039;ya m\u0131 yoksa oraya m\u0131 geldi\u011fi fark ediyor\u2026&nbsp;<a href=\"https:\/\/auslaenderbehoerde.org\/tr\/oturma-izni\/\" rel=\"bookmark\">Devam\u0131n\u0131 oku &quot;<span class=\"screen-reader-text\">oturma izni<\/span><\/a><\/p>","protected":false},"author":1,"featured_media":155,"parent":0,"menu_order":0,"comment_status":"closed","ping_status":"closed","template":"","meta":{"neve_meta_sidebar":"","neve_meta_container":"","neve_meta_enable_content_width":"off","neve_meta_content_width":100,"neve_meta_title_alignment":"","neve_meta_author_avatar":"","neve_post_elements_order":"","neve_meta_disable_header":"","neve_meta_disable_footer":"","neve_meta_disable_title":"","neve_meta_reading_time":"","footnotes":""},"class_list":["post-147","page","type-page","status-publish","has-post-thumbnail","hentry"],"yoast_head":"<!-- This site is optimized with the Yoast SEO plugin v26.6 - https:\/\/yoast.com\/wordpress\/plugins\/seo\/ -->\n<title>Diese Aufenthaltstitel gibt es in Deutschland - Auslaenderbehoerde<\/title>\n<meta name=\"description\" content=\"Ein Aufenthaltstitel berechtigt den Angeh\u00f6rigen eines Drittstaates zum Aufenthalt in Deutschland. Insgesamt gibt es sieben verschiedene.\" \/>\n<meta name=\"robots\" content=\"index, follow, max-snippet:-1, max-image-preview:large, max-video-preview:-1\" \/>\n<link rel=\"canonical\" href=\"https:\/\/auslaenderbehoerde.org\/tr\/oturma-izni\/\" \/>\n<meta property=\"og:locale\" content=\"tr_TR\" \/>\n<meta property=\"og:type\" content=\"article\" \/>\n<meta property=\"og:title\" content=\"Diese Aufenthaltstitel gibt es in Deutschland - Auslaenderbehoerde\" \/>\n<meta property=\"og:description\" content=\"Ein Aufenthaltstitel berechtigt den Angeh\u00f6rigen eines Drittstaates zum Aufenthalt in Deutschland. Insgesamt gibt es sieben verschiedene.\" \/>\n<meta property=\"og:url\" content=\"https:\/\/auslaenderbehoerde.org\/tr\/oturma-izni\/\" \/>\n<meta property=\"og:site_name\" content=\"auslaenderbehoerde.org\" \/>\n<meta property=\"article:modified_time\" content=\"2022-07-15T13:18:57+00:00\" \/>\n<meta property=\"og:image\" content=\"https:\/\/auslaenderbehoerde.org\/wp-content\/uploads\/2022\/06\/Zwischenu\u0308berschrift-hinzufu\u0308gen-3.png\" \/>\n\t<meta property=\"og:image:width\" content=\"600\" \/>\n\t<meta property=\"og:image:height\" content=\"400\" \/>\n\t<meta property=\"og:image:type\" content=\"image\/png\" \/>\n<meta name=\"twitter:card\" content=\"summary_large_image\" \/>\n<meta name=\"twitter:label1\" content=\"Tahmini okuma s\u00fcresi\" \/>\n\t<meta name=\"twitter:data1\" content=\"3 dakika\" \/>\n<script type=\"application\/ld+json\" class=\"yoast-schema-graph\">{\"@context\":\"https:\/\/schema.org\",\"@graph\":[{\"@type\":\"WebPage\",\"@id\":\"https:\/\/auslaenderbehoerde.org\/aufenthaltstitel\/\",\"url\":\"https:\/\/auslaenderbehoerde.org\/aufenthaltstitel\/\",\"name\":\"Diese Aufenthaltstitel gibt es in Deutschland - Auslaenderbehoerde\",\"isPartOf\":{\"@id\":\"https:\/\/auslaenderbehoerde.org\/#website\"},\"primaryImageOfPage\":{\"@id\":\"https:\/\/auslaenderbehoerde.org\/aufenthaltstitel\/#primaryimage\"},\"image\":{\"@id\":\"https:\/\/auslaenderbehoerde.org\/aufenthaltstitel\/#primaryimage\"},\"thumbnailUrl\":\"https:\/\/auslaenderbehoerde.org\/wp-content\/uploads\/2022\/06\/Zwischenu\u0308berschrift-hinzufu\u0308gen-3.png\",\"datePublished\":\"2022-06-28T12:13:15+00:00\",\"dateModified\":\"2022-07-15T13:18:57+00:00\",\"description\":\"Ein Aufenthaltstitel berechtigt den Angeh\u00f6rigen eines Drittstaates zum Aufenthalt in Deutschland. Insgesamt gibt es sieben verschiedene.\",\"breadcrumb\":{\"@id\":\"https:\/\/auslaenderbehoerde.org\/aufenthaltstitel\/#breadcrumb\"},\"inLanguage\":\"tr\",\"potentialAction\":[{\"@type\":\"ReadAction\",\"target\":[\"https:\/\/auslaenderbehoerde.org\/aufenthaltstitel\/\"]}]},{\"@type\":\"ImageObject\",\"inLanguage\":\"tr\",\"@id\":\"https:\/\/auslaenderbehoerde.org\/aufenthaltstitel\/#primaryimage\",\"url\":\"https:\/\/auslaenderbehoerde.org\/wp-content\/uploads\/2022\/06\/Zwischenu\u0308berschrift-hinzufu\u0308gen-3.png\",\"contentUrl\":\"https:\/\/auslaenderbehoerde.org\/wp-content\/uploads\/2022\/06\/Zwischenu\u0308berschrift-hinzufu\u0308gen-3.png\",\"width\":600,\"height\":400,\"caption\":\"Aufenthaltstitel\"},{\"@type\":\"BreadcrumbList\",\"@id\":\"https:\/\/auslaenderbehoerde.org\/aufenthaltstitel\/#breadcrumb\",\"itemListElement\":[{\"@type\":\"ListItem\",\"position\":1,\"name\":\"Startseite\",\"item\":\"https:\/\/auslaenderbehoerde.org\/\"},{\"@type\":\"ListItem\",\"position\":2,\"name\":\"Aufenthaltstitel\"}]},{\"@type\":\"WebSite\",\"@id\":\"https:\/\/auslaenderbehoerde.org\/#website\",\"url\":\"https:\/\/auslaenderbehoerde.org\/\",\"name\":\"auslaenderbehoerde.org\",\"description\":\"\",\"potentialAction\":[{\"@type\":\"SearchAction\",\"target\":{\"@type\":\"EntryPoint\",\"urlTemplate\":\"https:\/\/auslaenderbehoerde.org\/?s={search_term_string}\"},\"query-input\":{\"@type\":\"PropertyValueSpecification\",\"valueRequired\":true,\"valueName\":\"search_term_string\"}}],\"inLanguage\":\"tr\"}]}<\/script>\n<!-- \/ Yoast SEO plugin. -->","yoast_head_json":{"title":"Bu oturma izinleri Almanya&#039;da mevcuttur - Yabanc\u0131lar Dairesi","description":"Oturma izni, \u00fc\u00e7\u00fcnc\u00fc bir \u00fclkenin vatanda\u015f\u0131na Almanya&#039;da ikamet etme hakk\u0131 verir. Toplamda yedi farkl\u0131 var.","robots":{"index":"index","follow":"follow","max-snippet":"max-snippet:-1","max-image-preview":"max-image-preview:large","max-video-preview":"max-video-preview:-1"},"canonical":"https:\/\/auslaenderbehoerde.org\/tr\/oturma-izni\/","og_locale":"tr_TR","og_type":"article","og_title":"Diese Aufenthaltstitel gibt es in Deutschland - Auslaenderbehoerde","og_description":"Ein Aufenthaltstitel berechtigt den Angeh\u00f6rigen eines Drittstaates zum Aufenthalt in Deutschland. Insgesamt gibt es sieben verschiedene.","og_url":"https:\/\/auslaenderbehoerde.org\/tr\/oturma-izni\/","og_site_name":"auslaenderbehoerde.org","article_modified_time":"2022-07-15T13:18:57+00:00","og_image":[{"width":600,"height":400,"url":"https:\/\/auslaenderbehoerde.org\/wp-content\/uploads\/2022\/06\/Zwischenu\u0308berschrift-hinzufu\u0308gen-3.png","type":"image\/png"}],"twitter_card":"summary_large_image","twitter_misc":{"Tahmini okuma s\u00fcresi":"3 dakika"},"schema":{"@context":"https:\/\/schema.org","@graph":[{"@type":"WebPage","@id":"https:\/\/auslaenderbehoerde.org\/aufenthaltstitel\/","url":"https:\/\/auslaenderbehoerde.org\/aufenthaltstitel\/","name":"Bu oturma izinleri Almanya&#039;da mevcuttur - Yabanc\u0131lar Dairesi","isPartOf":{"@id":"https:\/\/auslaenderbehoerde.org\/#website"},"primaryImageOfPage":{"@id":"https:\/\/auslaenderbehoerde.org\/aufenthaltstitel\/#primaryimage"},"image":{"@id":"https:\/\/auslaenderbehoerde.org\/aufenthaltstitel\/#primaryimage"},"thumbnailUrl":"https:\/\/auslaenderbehoerde.org\/wp-content\/uploads\/2022\/06\/Zwischenu\u0308berschrift-hinzufu\u0308gen-3.png","datePublished":"2022-06-28T12:13:15+00:00","dateModified":"2022-07-15T13:18:57+00:00","description":"Oturma izni, \u00fc\u00e7\u00fcnc\u00fc bir \u00fclkenin vatanda\u015f\u0131na Almanya&#039;da ikamet etme hakk\u0131 verir. Toplamda yedi farkl\u0131 var.","breadcrumb":{"@id":"https:\/\/auslaenderbehoerde.org\/aufenthaltstitel\/#breadcrumb"},"inLanguage":"tr","potentialAction":[{"@type":"ReadAction","target":["https:\/\/auslaenderbehoerde.org\/aufenthaltstitel\/"]}]},{"@type":"ImageObject","inLanguage":"tr","@id":"https:\/\/auslaenderbehoerde.org\/aufenthaltstitel\/#primaryimage","url":"https:\/\/auslaenderbehoerde.org\/wp-content\/uploads\/2022\/06\/Zwischenu\u0308berschrift-hinzufu\u0308gen-3.png","contentUrl":"https:\/\/auslaenderbehoerde.org\/wp-content\/uploads\/2022\/06\/Zwischenu\u0308berschrift-hinzufu\u0308gen-3.png","width":600,"height":400,"caption":"Aufenthaltstitel"},{"@type":"BreadcrumbList","@id":"https:\/\/auslaenderbehoerde.org\/aufenthaltstitel\/#breadcrumb","itemListElement":[{"@type":"ListItem","position":1,"name":"Startseite","item":"https:\/\/auslaenderbehoerde.org\/"},{"@type":"ListItem","position":2,"name":"Aufenthaltstitel"}]},{"@type":"WebSite","@id":"https:\/\/auslaenderbehoerde.org\/#website","url":"https:\/\/auslaenderbehoerde.org\/","name":"auslaenderbehoerde.org","description":"","potentialAction":[{"@type":"SearchAction","target":{"@type":"EntryPoint","urlTemplate":"https:\/\/auslaenderbehoerde.org\/?s={search_term_string}"},"query-input":{"@type":"PropertyValueSpecification","valueRequired":true,"valueName":"search_term_string"}}],"inLanguage":"tr"}]}},"_links":{"self":[{"href":"https:\/\/auslaenderbehoerde.org\/tr\/wp-json\/wp\/v2\/pages\/147","targetHints":{"allow":["GET"]}}],"collection":[{"href":"https:\/\/auslaenderbehoerde.org\/tr\/wp-json\/wp\/v2\/pages"}],"about":[{"href":"https:\/\/auslaenderbehoerde.org\/tr\/wp-json\/wp\/v2\/types\/page"}],"author":[{"embeddable":true,"href":"https:\/\/auslaenderbehoerde.org\/tr\/wp-json\/wp\/v2\/users\/1"}],"replies":[{"embeddable":true,"href":"https:\/\/auslaenderbehoerde.org\/tr\/wp-json\/wp\/v2\/comments?post=147"}],"version-history":[{"count":9,"href":"https:\/\/auslaenderbehoerde.org\/tr\/wp-json\/wp\/v2\/pages\/147\/revisions"}],"predecessor-version":[{"id":212,"href":"https:\/\/auslaenderbehoerde.org\/tr\/wp-json\/wp\/v2\/pages\/147\/revisions\/212"}],"wp:featuredmedia":[{"embeddable":true,"href":"https:\/\/auslaenderbehoerde.org\/tr\/wp-json\/wp\/v2\/media\/155"}],"wp:attachment":[{"href":"https:\/\/auslaenderbehoerde.org\/tr\/wp-json\/wp\/v2\/media?parent=147"}],"curies":[{"name":"wp","href":"https:\/\/api.w.org\/{rel}","templated":true}]}}