{"id":151,"date":"2022-06-28T14:13:50","date_gmt":"2022-06-28T12:13:50","guid":{"rendered":"https:\/\/auslaenderbehoerde.org\/?page_id=151"},"modified":"2022-07-15T15:19:27","modified_gmt":"2022-07-15T13:19:27","slug":"aufenthaltserlaubnis","status":"publish","type":"page","link":"https:\/\/auslaenderbehoerde.org\/tr\/oturma-izni-2\/","title":{"rendered":"oturma izni"},"content":{"rendered":"<figure id=\"attachment_157\" aria-describedby=\"caption-attachment-157\" style=\"width: 640px\" class=\"wp-caption aligncenter\"><img decoding=\"async\" class=\"wp-image-157 size-full\" src=\"https:\/\/auslaenderbehoerde.org\/wp-content\/uploads\/2022\/06\/visa-3653492_640.jpeg\" alt=\"oturma izni\" width=\"640\" height=\"393\" srcset=\"https:\/\/auslaenderbehoerde.org\/wp-content\/uploads\/2022\/06\/visa-3653492_640.jpeg 640w, https:\/\/auslaenderbehoerde.org\/wp-content\/uploads\/2022\/06\/visa-3653492_640-300x184.jpeg 300w\" sizes=\"(max-width: 640px) 100vw, 640px\" \/><figcaption id=\"caption-attachment-157\" class=\"wp-caption-text\">Almanya&#039;da bulunan yedi oturma izninden biri oturma iznidir.<\/figcaption><\/figure>\n<h2>oturma izni nedir?<\/h2>\n<p>Oturma izni genellikle en fazla 3 y\u0131l i\u00e7in verilir ve daha sonra uzat\u0131labilir. \u00dclkeye ta\u015f\u0131nan yabanc\u0131n\u0131n vatanda\u015fl\u0131k g\u00f6revlerini yerine getirmemesi durumunda iptal edilebilmesi i\u00e7in s\u0131n\u0131rl\u0131 bir s\u00fcre i\u00e7in ikamet izni verilir. Oturma izni i\u00e7in ba\u015fvuran herkesin bu talebinin bir nedeni olmal\u0131d\u0131r. Yabanc\u0131 bir \u00fclkeye ta\u015f\u0131nman\u0131n \u00e7e\u015fitli nedenleri belirli paragraflara ayr\u0131lm\u0131\u015ft\u0131r.<\/p>\n<p><strong>Oturma iznine ba\u015fvurmak i\u00e7in:<\/strong><\/p>\n<ul style=\"list-style-type: circle;\">\n<li>bir \u00e7al\u0131\u015fma veya e\u011fitim kursu yapabilmek i\u00e7in (\u00a7 16-17)<\/li>\n<li>mesleki faaliyette bulunabilmek i\u00e7in (\u00a7 18)<\/li>\n<li>insani, uluslararas\u0131 hukuk veya siyasi nedenlerle ba\u015fka bir \u00fclkede ya\u015fayabilmek (\u00a7 22 - 26, 104a, 104b)<\/li>\n<li>aile birle\u015fimini ger\u00e7ekle\u015ftirebilmek i\u00e7in (\u00a7 27 \u2013 36)<\/li>\n<li>eski Almanlar\u0131n veya yabanc\u0131lar\u0131n Almanya&#039;ya d\u00f6nmesini sa\u011flamak (\u00a7 37 \u2013 38)<\/li>\n<li>Almanya&#039;da kal\u0131\u015flar\u0131n\u0131 yasalla\u015ft\u0131rmak i\u00e7in ba\u015fka bir AB \u00fclkesinde daimi ikamet hakk\u0131na sahip olan ki\u015filer (\u00a7 38a)<\/li>\n<\/ul>\n<h2>Oturma izni nereye ba\u015fvurulabilir?<\/h2>\n<p>Oturma izni yerelden al\u0131nmal\u0131d\u0131r <a href=\"https:\/\/auslaenderbehoerde.org\/tr\/\">yabanc\u0131lar Kurumu<\/a> talep edilebilir. Oturma izninin ilk d\u00fczenlemesi i\u00e7in ba\u015fvuru, kendi \u00fclkenizdeki Alman diplomatik temsilcili\u011fine yap\u0131labilir.<\/p>\n<p>Federal Almanya Cumhuriyeti&#039;ne girdikten sonra oturma izni d\u00fczenli olarak uzat\u0131lmal\u0131d\u0131r. Almanya Federal Cumhuriyeti&#039;nde 5 y\u0131ll\u0131k bir ikamet s\u00fcresinden sonra, yetkili yabanc\u0131lar dairesine s\u0131n\u0131rs\u0131z oturma izni ba\u015fvurusu yap\u0131labilir.<\/p>\n<h2>hibe i\u00e7in gerekli \u015fartlar<\/h2>\n<p>\u0130kamet izni verilmesi i\u00e7in yerine getirilmesi gereken \u015fartlar belirtilmi\u015ftir. Gereksinimlerin y\u00fczde 100 yerine getirilmesi, oturma izni verilmesinin temelidir.<\/p>\n<p>\u0130kamet izni verildikten sonra en fazla 3 y\u0131l ge\u00e7tikten sonra s\u00fcresi sona erer. T\u00fcm \u015fartlar\u0131n hala tam olarak kar\u015f\u0131lan\u0131p kar\u015f\u0131lanmad\u0131\u011f\u0131 kontrol edildikten sonra uzat\u0131labilir.<\/p>\n<p>Almanya&#039;da kalman\u0131z i\u00e7in belirtilen nedenler (bkz. paragraflara ay\u0131rma) bu noktada art\u0131k ge\u00e7erli de\u011filse, g\u00f6\u00e7menlik makamlar\u0131 oturma izninizi uzatmay\u0131 reddedebilir. Ayr\u0131ca ikamet izni ba\u015fvurusunda bulunan adaylar yerine getirilmesi gereken y\u00fck\u00fcml\u00fcl\u00fcklere tabidir. Bu y\u00fck\u00fcml\u00fcl\u00fckler \u00f6rn. B. Bir entegrasyon kursuna kat\u0131l\u0131m.<\/p>\n<p><strong>Daimi ikamet izni verilebilmesi i\u00e7in yerine getirilmesi gereken \u015fartlar a\u015fa\u011f\u0131daki noktalar\u0131 i\u00e7erir:<\/strong><\/p>\n<ul style=\"list-style-type: circle;\">\n<li>ge\u00e7erli bir ikamet hakk\u0131n\u0131n kan\u0131t\u0131, \u00f6r. B. vize veya oturma izni<\/li>\n<li>beklemede olan veya daha \u00f6nce mahkumiyeti olmayan cezai takibat yok<\/li>\n<li>ge\u00e7erli bir pasaport kan\u0131t\u0131n\u0131n varl\u0131\u011f\u0131<\/li>\n<li>ge\u00e7iminizi kendi kaynaklar\u0131n\u0131zdan sa\u011flayabilmelisiniz<\/li>\n<li>en az be\u015f y\u0131ld\u0131r var olan bir oturma izni<\/li>\n<li>En az 60 ay boyunca yasal emeklilik sigortas\u0131na \u00f6deme yap\u0131lmas\u0131<\/li>\n<li>Kal\u0131\u015f nedeninizin kan\u0131t\u0131<\/li>\n<li>yeterli sa\u011fl\u0131k sigortas\u0131<\/li>\n<li>Alman sosyal sistemi ve Almanca dili hakk\u0131nda iyi bilgi<\/li>\n<li>Kal\u0131c\u0131 oturma izni ba\u015fvurusunun yap\u0131ld\u0131\u011f\u0131 \u015fehirde, belirtilen say\u0131da ki\u015fi i\u00e7in yeterli ya\u015fam alan\u0131na sahip ana ikamet yeri<\/li>\n<\/ul>\n<p>Gerekirse, yabanc\u0131lar dairesi daha sonra derhal sunulmas\u0131 gereken ek belge ve belgeler talep edebilir. Duruma ba\u011fl\u0131 olarak, daimi oturma izni i\u00e7in gereklilikler de\u011fi\u015febilir.<\/p>\n<div class=\"su-note\"  style=\"border-color:#d1d1d0;border-radius:3px;-moz-border-radius:3px;-webkit-border-radius:3px;\"><div class=\"su-note-inner su-u-clearfix su-u-trim\" style=\"background-color:#ebebea;border-color:#ffffff;color:#444444;border-radius:3px;-moz-border-radius:3px;-webkit-border-radius:3px;\"><strong>Yurt d\u0131\u015f\u0131ndan ziyaret\u00e7i mi bekliyorsunuz?<\/strong> Birlikte <a href=\"https:\/\/auslaenderbehoerde.org\/tr\/yabanci-misafirler-icin-seyahat-sigortasi\/\">Yabanc\u0131 misafirler i\u00e7in seyahat sigortas\u0131<\/a> Almanya ve Avrupa&#039;da kapsaml\u0131 korumadan yararlan\u0131n.<\/div><\/div>\n<h2>Maliyetler<\/h2>\n<p>Almanya Federal Cumhuriyeti&#039;nde oturma izninin ilk verilmesinin maliyeti 100 Euro&#039;dur. Oturma izninin s\u00fcresinin dolmamas\u0131 i\u00e7in oturma izninin ge\u00e7erlilik s\u00fcresi sona ermeden \u00f6nce d\u00fczenli olarak uzat\u0131lmas\u0131 gerekir.<\/p>\n<p>Oturma izni 3 aydan fazla uzat\u0131l\u0131rsa, uzatma \u00fccreti 93 Euro&#039;dur. 1 Ocak 2005 tarihinden itibaren &quot;S\u0131n\u0131rs\u0131z \u0130kamet \u0130zni&quot; terimi kullan\u0131lmamaktad\u0131r. O tarihten itibaren s\u0131n\u0131rs\u0131z ve s\u0131n\u0131rs\u0131z ikamet hakk\u0131na sahip olan yabanc\u0131lara \u201cyerle\u015fme izni\u201d verilmi\u015ftir. Bu, eski daimi oturma iznine e\u015fde\u011ferdir.<\/p>\n<h2>Oturma izni ile \u00e7al\u0131\u015fabilir misiniz?<\/h2>\n<p>G\u00f6\u00e7menlik makamlar\u0131 oturma izni ile birlikte \u00e7al\u0131\u015fma izni verebilir. Ancak bu, ancak i\u015f idaresinin muvafakat vermesi halinde m\u00fcmk\u00fcnd\u00fcr. Onay, dahili bir prosed\u00fcrde talep edilir. Oturma izni, \u00e7al\u0131\u015fma izni olmadan verilmi\u015fse, ba\u015fvuru sahipleri, \u00e7al\u0131\u015fma izni verilmesinin m\u00fcmk\u00fcn olup olmad\u0131\u011f\u0131n\u0131 yetkili yabanc\u0131lar dairesine sorabilirler.<\/p>\n<p>Bir <a href=\"https:\/\/azf2.de\/infomaterial\/leitfaden-arbeitserlaubnisrecht\/zugang-arbeitsmarkt-drittstaatsangehoerige\/aufenthaltserlaubnisse-fuer-erwerbstaetigkeit\/\" target=\"_blank\" rel=\"noopener\">\u00c7al\u0131\u015fmaya uygunluk<\/a> bu nedenle otomatik olarak oturma iznine dahil edilmez.<\/p>\n<h2>oturma izni ile oturma izni aras\u0131ndaki fark<\/h2>\n<p>Almanya Federal Cumhuriyeti&#039;ne girmeden \u00f6nce oturma izni ba\u015fvurusu yap\u0131lmal\u0131 ve giri\u015ften sonra d\u00fczenli olarak yenilenmelidir. Almanya&#039;da bir ikamet yeri i\u00e7in gereklilikler, etkilenenler taraf\u0131ndan kar\u015f\u0131lanam\u0131yor veya kan\u0131tlanam\u0131yorsa, g\u00f6\u00e7menlik makamlar\u0131 oturma izninin uzat\u0131lmas\u0131n\u0131 reddedebilir.<\/p>\n<p>atama alt\u0131nda <a href=\"https:\/\/auslaenderbehoerde.org\/tr\/oturma-izni\/\">oturma izni<\/a> yerle\u015fim izni verilmesi, kal\u0131c\u0131 oturma izni olarak anla\u015f\u0131l\u0131r. Bu s\u0131n\u0131rs\u0131z oldu\u011fu i\u00e7in s\u00fcrekli olarak geni\u015fletilmesi gerekmez.<\/p>\n<h3 id=\"customheading6\"><strong>\u0130lgili Ba\u011flant\u0131lar\u00a0<\/strong><\/h3>\n<ul>\n<li><a href=\"https:\/\/auslaenderbehoerde.org\/tr\/almanyada-ilk-adimlar\/\" data-wpel-link=\"internal\">Almanya&#039;da ilk ad\u0131mlar<\/a><\/li>\n<\/ul>","protected":false},"excerpt":{"rendered":"<p>Oturma izni nedir? Oturma izni genellikle en fazla 3 y\u0131l s\u00fcreyle verilir ve daha sonra uzat\u0131labilir. Oturma izni, g\u00f6\u00e7men yabanc\u0131n\u0131n vatanda\u015fl\u0131k y\u00fck\u00fcml\u00fcl\u00fcklerini yerine getirmemesi durumunda iptal edilebilmesi i\u00e7in s\u0131n\u0131rl\u0131 bir s\u00fcre i\u00e7in verilir. Oturma iznine ba\u015fvuran herkesin bu talebinin gerek\u00e7elerini belirtmesi gerekir. \u0130kamet yerinizi de\u011fi\u015ftirmenizin \u00e7e\u015fitli nedenleri var...&nbsp;<a href=\"https:\/\/auslaenderbehoerde.org\/tr\/oturma-izni-2\/\" rel=\"bookmark\">Devam\u0131n\u0131 oku &quot;<span class=\"screen-reader-text\">oturma izni<\/span><\/a><\/p>","protected":false},"author":1,"featured_media":157,"parent":0,"menu_order":0,"comment_status":"closed","ping_status":"closed","template":"","meta":{"neve_meta_sidebar":"","neve_meta_container":"","neve_meta_enable_content_width":"off","neve_meta_content_width":100,"neve_meta_title_alignment":"","neve_meta_author_avatar":"","neve_post_elements_order":"","neve_meta_disable_header":"","neve_meta_disable_footer":"","neve_meta_disable_title":"","neve_meta_reading_time":"","footnotes":""},"class_list":["post-151","page","type-page","status-publish","has-post-thumbnail","hentry"],"yoast_head":"<!-- This site is optimized with the Yoast SEO plugin v26.6 - https:\/\/yoast.com\/wordpress\/plugins\/seo\/ -->\n<title>Was ist eine Aufenthaltserlaubnis? - Auslaenderbehoerde.org<\/title>\n<meta name=\"description\" content=\"Eine Aufenthaltserlaubnis wird befristet und zu einem bestimmten Zweck an sogenannte Drittstaatsangeh\u00f6rige erteilt.\" \/>\n<meta name=\"robots\" content=\"index, follow, max-snippet:-1, max-image-preview:large, max-video-preview:-1\" \/>\n<link rel=\"canonical\" href=\"https:\/\/auslaenderbehoerde.org\/tr\/oturma-izni-2\/\" \/>\n<meta property=\"og:locale\" content=\"tr_TR\" \/>\n<meta property=\"og:type\" content=\"article\" \/>\n<meta property=\"og:title\" content=\"Was ist eine Aufenthaltserlaubnis? - Auslaenderbehoerde.org\" \/>\n<meta property=\"og:description\" content=\"Eine Aufenthaltserlaubnis wird befristet und zu einem bestimmten Zweck an sogenannte Drittstaatsangeh\u00f6rige erteilt.\" \/>\n<meta property=\"og:url\" content=\"https:\/\/auslaenderbehoerde.org\/tr\/oturma-izni-2\/\" \/>\n<meta property=\"og:site_name\" content=\"auslaenderbehoerde.org\" \/>\n<meta property=\"article:modified_time\" content=\"2022-07-15T13:19:27+00:00\" \/>\n<meta property=\"og:image\" content=\"https:\/\/auslaenderbehoerde.org\/wp-content\/uploads\/2022\/06\/visa-3653492_640.jpeg\" \/>\n\t<meta property=\"og:image:width\" content=\"640\" \/>\n\t<meta property=\"og:image:height\" content=\"393\" \/>\n\t<meta property=\"og:image:type\" content=\"image\/jpeg\" \/>\n<meta name=\"twitter:card\" content=\"summary_large_image\" \/>\n<meta name=\"twitter:label1\" content=\"Tahmini okuma s\u00fcresi\" \/>\n\t<meta name=\"twitter:data1\" content=\"5 dakika\" \/>\n<script type=\"application\/ld+json\" class=\"yoast-schema-graph\">{\"@context\":\"https:\/\/schema.org\",\"@graph\":[{\"@type\":\"WebPage\",\"@id\":\"https:\/\/auslaenderbehoerde.org\/aufenthaltserlaubnis\/\",\"url\":\"https:\/\/auslaenderbehoerde.org\/aufenthaltserlaubnis\/\",\"name\":\"Was ist eine Aufenthaltserlaubnis? - Auslaenderbehoerde.org\",\"isPartOf\":{\"@id\":\"https:\/\/auslaenderbehoerde.org\/#website\"},\"primaryImageOfPage\":{\"@id\":\"https:\/\/auslaenderbehoerde.org\/aufenthaltserlaubnis\/#primaryimage\"},\"image\":{\"@id\":\"https:\/\/auslaenderbehoerde.org\/aufenthaltserlaubnis\/#primaryimage\"},\"thumbnailUrl\":\"https:\/\/auslaenderbehoerde.org\/wp-content\/uploads\/2022\/06\/visa-3653492_640.jpeg\",\"datePublished\":\"2022-06-28T12:13:50+00:00\",\"dateModified\":\"2022-07-15T13:19:27+00:00\",\"description\":\"Eine Aufenthaltserlaubnis wird befristet und zu einem bestimmten Zweck an sogenannte Drittstaatsangeh\u00f6rige erteilt.\",\"breadcrumb\":{\"@id\":\"https:\/\/auslaenderbehoerde.org\/aufenthaltserlaubnis\/#breadcrumb\"},\"inLanguage\":\"tr\",\"potentialAction\":[{\"@type\":\"ReadAction\",\"target\":[\"https:\/\/auslaenderbehoerde.org\/aufenthaltserlaubnis\/\"]}]},{\"@type\":\"ImageObject\",\"inLanguage\":\"tr\",\"@id\":\"https:\/\/auslaenderbehoerde.org\/aufenthaltserlaubnis\/#primaryimage\",\"url\":\"https:\/\/auslaenderbehoerde.org\/wp-content\/uploads\/2022\/06\/visa-3653492_640.jpeg\",\"contentUrl\":\"https:\/\/auslaenderbehoerde.org\/wp-content\/uploads\/2022\/06\/visa-3653492_640.jpeg\",\"width\":640,\"height\":393,\"caption\":\"Aufenthaltserlaubnis\"},{\"@type\":\"BreadcrumbList\",\"@id\":\"https:\/\/auslaenderbehoerde.org\/aufenthaltserlaubnis\/#breadcrumb\",\"itemListElement\":[{\"@type\":\"ListItem\",\"position\":1,\"name\":\"Startseite\",\"item\":\"https:\/\/auslaenderbehoerde.org\/\"},{\"@type\":\"ListItem\",\"position\":2,\"name\":\"Aufenthaltserlaubnis\"}]},{\"@type\":\"WebSite\",\"@id\":\"https:\/\/auslaenderbehoerde.org\/#website\",\"url\":\"https:\/\/auslaenderbehoerde.org\/\",\"name\":\"auslaenderbehoerde.org\",\"description\":\"\",\"potentialAction\":[{\"@type\":\"SearchAction\",\"target\":{\"@type\":\"EntryPoint\",\"urlTemplate\":\"https:\/\/auslaenderbehoerde.org\/?s={search_term_string}\"},\"query-input\":{\"@type\":\"PropertyValueSpecification\",\"valueRequired\":true,\"valueName\":\"search_term_string\"}}],\"inLanguage\":\"tr\"}]}<\/script>\n<!-- \/ Yoast SEO plugin. -->","yoast_head_json":{"title":"oturma izni nedir? - Auslaenderbehoerde.org","description":"\u00dc\u00e7\u00fcnc\u00fc \u00fclke vatanda\u015flar\u0131na s\u0131n\u0131rl\u0131 bir s\u00fcre i\u00e7in ve belirli bir ama\u00e7 i\u00e7in oturma izni verilir.","robots":{"index":"index","follow":"follow","max-snippet":"max-snippet:-1","max-image-preview":"max-image-preview:large","max-video-preview":"max-video-preview:-1"},"canonical":"https:\/\/auslaenderbehoerde.org\/tr\/oturma-izni-2\/","og_locale":"tr_TR","og_type":"article","og_title":"Was ist eine Aufenthaltserlaubnis? - Auslaenderbehoerde.org","og_description":"Eine Aufenthaltserlaubnis wird befristet und zu einem bestimmten Zweck an sogenannte Drittstaatsangeh\u00f6rige erteilt.","og_url":"https:\/\/auslaenderbehoerde.org\/tr\/oturma-izni-2\/","og_site_name":"auslaenderbehoerde.org","article_modified_time":"2022-07-15T13:19:27+00:00","og_image":[{"width":640,"height":393,"url":"https:\/\/auslaenderbehoerde.org\/wp-content\/uploads\/2022\/06\/visa-3653492_640.jpeg","type":"image\/jpeg"}],"twitter_card":"summary_large_image","twitter_misc":{"Tahmini okuma s\u00fcresi":"5 dakika"},"schema":{"@context":"https:\/\/schema.org","@graph":[{"@type":"WebPage","@id":"https:\/\/auslaenderbehoerde.org\/aufenthaltserlaubnis\/","url":"https:\/\/auslaenderbehoerde.org\/aufenthaltserlaubnis\/","name":"oturma izni nedir? - Auslaenderbehoerde.org","isPartOf":{"@id":"https:\/\/auslaenderbehoerde.org\/#website"},"primaryImageOfPage":{"@id":"https:\/\/auslaenderbehoerde.org\/aufenthaltserlaubnis\/#primaryimage"},"image":{"@id":"https:\/\/auslaenderbehoerde.org\/aufenthaltserlaubnis\/#primaryimage"},"thumbnailUrl":"https:\/\/auslaenderbehoerde.org\/wp-content\/uploads\/2022\/06\/visa-3653492_640.jpeg","datePublished":"2022-06-28T12:13:50+00:00","dateModified":"2022-07-15T13:19:27+00:00","description":"\u00dc\u00e7\u00fcnc\u00fc \u00fclke vatanda\u015flar\u0131na s\u0131n\u0131rl\u0131 bir s\u00fcre i\u00e7in ve belirli bir ama\u00e7 i\u00e7in oturma izni verilir.","breadcrumb":{"@id":"https:\/\/auslaenderbehoerde.org\/aufenthaltserlaubnis\/#breadcrumb"},"inLanguage":"tr","potentialAction":[{"@type":"ReadAction","target":["https:\/\/auslaenderbehoerde.org\/aufenthaltserlaubnis\/"]}]},{"@type":"ImageObject","inLanguage":"tr","@id":"https:\/\/auslaenderbehoerde.org\/aufenthaltserlaubnis\/#primaryimage","url":"https:\/\/auslaenderbehoerde.org\/wp-content\/uploads\/2022\/06\/visa-3653492_640.jpeg","contentUrl":"https:\/\/auslaenderbehoerde.org\/wp-content\/uploads\/2022\/06\/visa-3653492_640.jpeg","width":640,"height":393,"caption":"Aufenthaltserlaubnis"},{"@type":"BreadcrumbList","@id":"https:\/\/auslaenderbehoerde.org\/aufenthaltserlaubnis\/#breadcrumb","itemListElement":[{"@type":"ListItem","position":1,"name":"Startseite","item":"https:\/\/auslaenderbehoerde.org\/"},{"@type":"ListItem","position":2,"name":"Aufenthaltserlaubnis"}]},{"@type":"WebSite","@id":"https:\/\/auslaenderbehoerde.org\/#website","url":"https:\/\/auslaenderbehoerde.org\/","name":"auslaenderbehoerde.org","description":"","potentialAction":[{"@type":"SearchAction","target":{"@type":"EntryPoint","urlTemplate":"https:\/\/auslaenderbehoerde.org\/?s={search_term_string}"},"query-input":{"@type":"PropertyValueSpecification","valueRequired":true,"valueName":"search_term_string"}}],"inLanguage":"tr"}]}},"_links":{"self":[{"href":"https:\/\/auslaenderbehoerde.org\/tr\/wp-json\/wp\/v2\/pages\/151","targetHints":{"allow":["GET"]}}],"collection":[{"href":"https:\/\/auslaenderbehoerde.org\/tr\/wp-json\/wp\/v2\/pages"}],"about":[{"href":"https:\/\/auslaenderbehoerde.org\/tr\/wp-json\/wp\/v2\/types\/page"}],"author":[{"embeddable":true,"href":"https:\/\/auslaenderbehoerde.org\/tr\/wp-json\/wp\/v2\/users\/1"}],"replies":[{"embeddable":true,"href":"https:\/\/auslaenderbehoerde.org\/tr\/wp-json\/wp\/v2\/comments?post=151"}],"version-history":[{"count":10,"href":"https:\/\/auslaenderbehoerde.org\/tr\/wp-json\/wp\/v2\/pages\/151\/revisions"}],"predecessor-version":[{"id":1538,"href":"https:\/\/auslaenderbehoerde.org\/tr\/wp-json\/wp\/v2\/pages\/151\/revisions\/1538"}],"wp:featuredmedia":[{"embeddable":true,"href":"https:\/\/auslaenderbehoerde.org\/tr\/wp-json\/wp\/v2\/media\/157"}],"wp:attachment":[{"href":"https:\/\/auslaenderbehoerde.org\/tr\/wp-json\/wp\/v2\/media?parent=151"}],"curies":[{"name":"wp","href":"https:\/\/api.w.org\/{rel}","templated":true}]}}