{"id":27,"date":"2022-06-27T09:55:59","date_gmt":"2022-06-27T07:55:59","guid":{"rendered":"https:\/\/auslaenderbehoerde.org\/?page_id=27"},"modified":"2022-10-28T15:32:27","modified_gmt":"2022-10-28T13:32:27","slug":"auslaenderbehoerde","status":"publish","type":"page","link":"https:\/\/auslaenderbehoerde.org\/tr\/","title":{"rendered":"yabanc\u0131lar Kurumu"},"content":{"rendered":"<p>Almanya&#039;da ya\u015famak ve \u00e7al\u0131\u015fmak isteyen yabanc\u0131lar \u00f6ncelikle g\u00f6\u00e7menlik makamlar\u0131yla ileti\u015fime ge\u00e7melidir. Bu ayn\u0131 zamanda g\u00f6\u00e7menlik ofisi olarak da bilinir. Her federal devletin kendi yetkisi vard\u0131r. Almanya&#039;ya girmek istedi\u011finiz \u00fclkeye ba\u011fl\u0131 olarak vize gereklidir. Bu ayn\u0131 zamanda G\u00f6\u00e7menlik B\u00fcrosuna da ba\u015fvurulabilir.<\/p>\n<h2>Sorumlu g\u00f6\u00e7menlik b\u00fcrosunu bulun<\/h2>\n<p>\u0130\u015fte kapsaml\u0131 bir genel bak\u0131\u015f <strong>adresler<\/strong>, <strong>ileti\u015fim detaylar\u0131<\/strong>,<strong>\u00a0telefon numaralar\u0131 ve<\/strong>\u00a0<strong>a\u00e7\u0131l\u0131\u015f saatleri<\/strong> yan\u0131 s\u0131ra sizden sorumlu g\u00f6\u00e7menlik makamlar\u0131ndan di\u011fer yararl\u0131 bilgiler.<\/p>\n<p>L\u00fctfen listeden federal eyaletinizi se\u00e7in veya ana sayfam\u0131z\u0131n sa\u011f \u00fcst k\u00f6\u015fesindeki arama alan\u0131na arama terimini girin.<\/p>\n<ul>\n<li><a href=\"https:\/\/auslaenderbehoerde.org\/tr\/baden-wuerttemberg-goecmenlik-makamlari\/\">Baden-W\u00fcrttemberg&#039;deki g\u00f6\u00e7menlik makamlar\u0131<\/a><\/li>\n<li><a href=\"https:\/\/auslaenderbehoerde.org\/tr\/bavyera-goecmenlik-makamlari-2\/\">Bavyera&#039;daki g\u00f6\u00e7menlik makamlar\u0131<\/a><\/li>\n<li><a href=\"https:\/\/auslaenderbehoerde.org\/tr\/goecmenlik-makamlari-in-berlin\/\">Berlin&#039;deki g\u00f6\u00e7menlik makamlar\u0131<\/a><\/li>\n<li><a href=\"https:\/\/auslaenderbehoerde.org\/tr\/brandenburgdaki-goecmenlik-makamlari\/\">Brandenburg&#039;daki g\u00f6\u00e7menlik makamlar\u0131<\/a><\/li>\n<li><a href=\"https:\/\/auslaenderbehoerde.org\/tr\/bremen-goecmenlik-dairesi\/\">Bremen&#039;deki g\u00f6\u00e7menlik makamlar\u0131<\/a><\/li>\n<li><a href=\"https:\/\/auslaenderbehoerde.org\/tr\/goecmenlik-makamlari-in-hamburg\/\">Hamburg&#039;daki g\u00f6\u00e7menlik makamlar\u0131<\/a><\/li>\n<li><a href=\"https:\/\/auslaenderbehoerde.org\/tr\/hessedeki-goecmenlik-makamlari\/\">Hessen&#039;deki g\u00f6\u00e7menlik makamlar\u0131<\/a><\/li>\n<li><a href=\"https:\/\/auslaenderbehoerde.org\/tr\/mecklenburg-vorpommerndeki-goecmenlik-makamlari\/\">Mecklenburg-Bat\u0131 Pomeranya&#039;daki g\u00f6\u00e7menlik makamlar\u0131<\/a><\/li>\n<li><a href=\"https:\/\/auslaenderbehoerde.org\/tr\/asagi-saksonya-goecmenlik-makamlari\/\">A\u015fa\u011f\u0131 Saksonya&#039;daki g\u00f6\u00e7menlik makamlar\u0131<\/a><\/li>\n<li><a href=\"https:\/\/auslaenderbehoerde.org\/tr\/kuzey-rhine-westphalia-goecmenlik-makamlari\/\">Kuzey Ren-Vestfalya&#039;daki g\u00f6\u00e7menlik makamlar\u0131<\/a><\/li>\n<li><a href=\"https:\/\/auslaenderbehoerde.org\/tr\/rheinland-pfalzdaki-goecmenlik-makamlari\/\">Rheinland-Pfalz&#039;daki g\u00f6\u00e7menlik makamlar\u0131<\/a><\/li>\n<li><a href=\"https:\/\/auslaenderbehoerde.org\/tr\/saarland-goecmenlik-makamlari\/\">Saarland&#039;daki g\u00f6\u00e7menlik makamlar\u0131<\/a><\/li>\n<li><a href=\"https:\/\/auslaenderbehoerde.org\/tr\/saksonya-goecmenlik-makamlari\/\">Saksonya&#039;daki g\u00f6\u00e7menlik makamlar\u0131<\/a><\/li>\n<li><a href=\"https:\/\/auslaenderbehoerde.org\/tr\/saksonya-anhalt-goecmenlik-makamlari\/\">Saksonya-Anhalt&#039;taki g\u00f6\u00e7menlik makamlar\u0131<\/a><\/li>\n<li><a href=\"https:\/\/auslaenderbehoerde.org\/tr\/schleswig-holsteindaki-goecmenlik-makamlari\/\">Schleswig-Holstein&#039;daki g\u00f6\u00e7menlik makamlar\u0131<\/a><\/li>\n<li><a href=\"https:\/\/auslaenderbehoerde.org\/tr\/thueringen-goecmenlik-makamlari\/\">Th\u00fcringen&#039;deki g\u00f6\u00e7menlik makamlar\u0131<\/a><\/li>\n<\/ul>\n<p class=\"LC20lb DKV0Md\">T\u00fcm bilgiler garantisiz ve de\u011fi\u015ftirilebilir<\/p>\n<h2>G\u00f6\u00e7menlik makamlar\u0131 hangi \u015fehirlerde temsil edilmektedir?<\/h2>\n<p>G\u00f6\u00e7men b\u00fcrosu pe\u015finde <a href=\"https:\/\/www.gesetze-im-internet.de\/aufenthg_2004\/__71.html\" target=\"_blank\" rel=\"noopener\">B\u00f6l\u00fcm 71<\/a> \u0130kamet Yasas\u0131 aktif. Yabanc\u0131lar\u0131n pasaportu ve ikamet hakk\u0131 ile ilgili t\u00fcm karar ve tedbirleri sorumlu bir \u015fekilde d\u00fczenler. G\u00f6\u00e7menlik makamlar\u0131, yabanc\u0131lar\u0131n Federal Cumhuriyet&#039;te ya\u015fay\u0131p ya\u015fayamayaca\u011f\u0131na, \u00e7al\u0131\u015f\u0131p \u00e7al\u0131\u015fmayaca\u011f\u0131na ve nas\u0131l entegre olaca\u011f\u0131na karar verir. Her federal eyalet, \u00e7e\u015fitli \u015fehirlerde kendi yetkililerini d\u00fczenler. Her il\u00e7e veya kasabada bir g\u00f6\u00e7men b\u00fcrosu vard\u0131r.<\/p>\n<p>G\u00f6\u00e7menlik b\u00fcrolar\u0131, g\u00f6\u00e7menlik yasas\u0131n\u0131n yasal duruma uygun olarak uygulanmas\u0131n\u0131 sa\u011flamaktan sorumludur. Baz\u0131 federal eyaletlerde, belirli b\u00fcy\u00fckl\u00fckteki il\u00e7elere ait kasaba ve \u015fehirlerin de kendi g\u00f6\u00e7menlik b\u00fcrosu vard\u0131r. Hangi \u015fehirlerin kendi g\u00f6\u00e7menlik makamlar\u0131na sahip oldu\u011funa dair karar federal eyaletlere ba\u011fl\u0131d\u0131r.<\/p>\n<h2>G\u00f6\u00e7menlik makamlar\u0131n\u0131n g\u00f6revleri nelerdir?<\/h2>\n<p>Almanya&#039;da ya\u015famak ve \u00e7al\u0131\u015fmak i\u00e7in yurt d\u0131\u015f\u0131ndan gelen her yabanc\u0131n\u0131n bir taneye ihtiyac\u0131 vard\u0131r. <a href=\"https:\/\/auslaenderbehoerde.org\/tr\/oturma-izni-2\/\">oturma izni<\/a>. G\u00f6\u00e7menlik makamlar\u0131, \u00fclkeye giren yabanc\u0131lar\u0131n ilk adresidir. Oturma izninin verilip verilmemesinden sorumludur. Ayr\u0131ca gerekti\u011finde \u0130kamet Kanununa g\u00f6re istenilen ikamet amac\u0131na g\u00f6re yerle\u015fim izni d\u00fczenlenir veya s\u0131n\u0131r d\u0131\u015f\u0131 i\u015flemi ba\u015flat\u0131l\u0131r. G\u00f6\u00e7menlik makamlar\u0131n\u0131n talimatlar\u0131na uyulmamas\u0131 durumunda s\u0131n\u0131r d\u0131\u015f\u0131 etme ba\u015flat\u0131labilir. G\u00f6\u00e7menlik makamlar\u0131 yaln\u0131zca <a href=\"https:\/\/auslaenderbehoerde.org\/tr\/oturma-izni\/\">oturma izni<\/a> ama ayn\u0131 zamanda gerekliyse yedek pasaport ka\u011f\u0131tlar\u0131.<\/p>\n<p>G\u00f6\u00e7menlik b\u00fcrolar\u0131 ayr\u0131ca s\u0131\u011f\u0131nmac\u0131lardan ve yerinden edilmi\u015f ki\u015filerden de sorumludur. \u0130kamet izinlerine karar verirler ve karar olumlu ise verirler. Federal G\u00f6\u00e7 ve M\u00fclteciler Dairesi (BAMF), iltica prosed\u00fcr\u00fcn\u00fcn y\u00fcr\u00fct\u00fclmesinden sorumludur. Ayn\u0131 \u015fekilde seyahat belgelerinin d\u00fczenlenmesi ve yabanc\u0131lara tolerans g\u00f6sterilmesi i\u00e7in. Aile birle\u015fimi i\u00e7in yasal gerekliliklerin kar\u015f\u0131lan\u0131p kar\u015f\u0131lanmad\u0131\u011f\u0131na ili\u015fkin karar da BAMF taraf\u0131ndan verilmektedir. G\u00f6\u00e7menlik makamlar\u0131 vize verilmesiyle ilgilenmektedir.<\/p>\n<p>Yabanc\u0131lar dairesinin sorumlulu\u011fu ayn\u0131 zamanda \u00e7ok say\u0131da ba\u015fka g\u00f6revle de ilgilidir. Oturma izninin t\u00fcr\u00fc ve s\u00fcresi b\u00fcy\u00fck \u00f6l\u00e7\u00fcde de\u011fi\u015fmektedir. Baz\u0131lar\u0131na bir s\u00fcre verilirken, baz\u0131lar\u0131na oturma izni reddedilir ve\/veya \u0130kamet Yasas\u0131 uyar\u0131nca \u00e7\u0131k\u0131\u015f izni verilir. \u00dclkeyi terk etme zorunlulu\u011fu varsa ki\u015finin kimliklerinin netle\u015ftirilmesi gerekiyor. Bunlar ve di\u011fer say\u0131s\u0131z faaliyetler G\u00f6\u00e7menlik B\u00fcrosu taraf\u0131ndan i\u015flenir. A\u015fa\u011f\u0131da, g\u00f6\u00e7menlik makamlar\u0131n\u0131n kapsam\u0131na giren t\u00fcm faaliyetlere ili\u015fkin bir genel bak\u0131\u015f bulacaks\u0131n\u0131z:<\/p>\n<ul style=\"list-style-type: circle;\">\n<li>Kay\u0131t ol<\/li>\n<li>s\u0131\u011f\u0131nma prosed\u00fcr\u00fc<\/li>\n<li>m\u00fclteci yard\u0131m\u0131<\/li>\n<li>sosyal G\u00fcvenlik<\/li>\n<li>entegrasyon kurslar\u0131<\/li>\n<li>Almanya&#039;ya giri\u015f ve kal\u0131\u015f organizasyonu ve onay\u0131<\/li>\n<li>yard\u0131m hakk\u0131<\/li>\n<li>geri \u00f6deme ve sa\u011fl\u0131k<\/li>\n<li>Medeni hal<\/li>\n<li>taahh\u00fct beyan\u0131<\/li>\n<li>konaklama se\u00e7enekleri<\/li>\n<\/ul>\n<h3><span id=\"Wie_kann_ich_einen_Termin_beim_Jugendamt_vereinbaren\">G\u00f6\u00e7menlik B\u00fcrosundan nas\u0131l randevu alabilirim?<\/span><\/h3>\n<p>Kural olarak, telefonla, ileti\u015fim formunu kullanarak veya ilgili \u015fehrin hizmet portal\u0131 arac\u0131l\u0131\u011f\u0131yla randevu alabilirsiniz. Baz\u0131 \u015fehirlerde, \u00f6nemli sorular\u0131 \u00f6nceden netle\u015ftirmek i\u00e7in \u00e7e\u015fitli \u00e7evrimi\u00e7i formlar indirebilirsiniz. Adres ve \u00e7al\u0131\u015fma saatleri \u00e7evrimi\u00e7i olarak g\u00f6r\u00fcnt\u00fclenebilir. Ajans\u0131 ziyaret etmeden \u00f6nce gerekli t\u00fcm belgelere sahip oldu\u011funuzdan emin olun.<\/p>\n<div class=\"su-note\"  style=\"border-color:#d1d1d0;border-radius:3px;-moz-border-radius:3px;-webkit-border-radius:3px;\"><div class=\"su-note-inner su-u-clearfix su-u-trim\" style=\"background-color:#ebebea;border-color:#ffffff;color:#444444;border-radius:3px;-moz-border-radius:3px;-webkit-border-radius:3px;\"><b>Bir uyar\u0131: <\/b>Ofisler ve yetkililer i\u00e7in genellikle a\u015fa\u011f\u0131daki belgelere veya sertifikalara ihtiyac\u0131n\u0131z vard\u0131r: <a href=\"https:\/\/tidd.ly\/3y8DKdr\" target=\"_blank\" rel=\"noopener\">sektifikal\u0131 \u00e7eviri<\/a>*.<\/div><\/div>\n<p><strong>Yurt d\u0131\u015f\u0131ndan ziyaret\u00e7i mi bekliyorsunuz?<\/strong> Birlikte <a href=\"https:\/\/auslaenderbehoerde.org\/tr\/yabanci-misafirler-icin-seyahat-sigortasi\/\">Yabanc\u0131 misafirler i\u00e7in seyahat sigortas\u0131<\/a> Almanya ve Avrupa&#039;da kapsaml\u0131 korumadan yararlan\u0131n.<\/p>\n<h3>Eyalet hukuku, yabanc\u0131lar i\u00e7in yerel yarg\u0131 yetkisini d\u00fczenler<\/h3>\n<p>Federal yasa, bir yabanc\u0131 i\u00e7in yerel yarg\u0131 yetkisini d\u00fczenlemez. Bunun i\u00e7in ek devlet hukuku sorumludur.<br \/>\nKural olarak, yerel yarg\u0131 alan\u0131n\u0131zdan ola\u011fan ikamet yeri sorumludur.<\/p>\n<h3>\u00dclkelerdeki kararlar asl\u0131nda b\u00f6yle uygulan\u0131yor.<\/h3>\n<p>BAMF olumsuz karar verirse ve kal\u0131\u015f\u0131 sonland\u0131ran kararlar al\u0131n\u0131rsa, bunlar derhal uygulanmal\u0131d\u0131r. G\u00f6\u00e7menlik makamlar\u0131 bu kararlar\u0131n uygulanmas\u0131ndan sorumludur. \u0130lgili yabanc\u0131lar\u0131n s\u0131n\u0131r d\u0131\u015f\u0131 edilmeleri i\u00e7in gerekli yasal \u015fartlar da g\u00f6\u00e7menlik makamlar\u0131 taraf\u0131ndan de\u011ferlendirilir. Gereksinimleri kar\u015f\u0131layan u\u00e7u\u015flar daha sonra sorumlu makamlar taraf\u0131ndan kay\u0131t alt\u0131na al\u0131n\u0131r. \u0130lgili eyalet polisi daha sonra fiili infaz\u0131 kontrol eder.<\/p>\n<p>Kuzey Ren-Vestfalya&#039;daki g\u00f6\u00e7menlik makamlar\u0131 bir istisnad\u0131r ve \u00a7 12 OBG anlam\u0131nda \u00f6zel bir d\u00fczenleyici makam stat\u00fcs\u00fcne sahiptirler. Bu, Kuzey Ren-Vestfalya&#039;daki g\u00f6\u00e7menlik makamlar\u0131n\u0131n, \u0130kamet Yasas\u0131&#039;n\u0131n 62. Ceza Kanunu&#039;nun 113. maddesine g\u00f6re, kolluk kuvvetleri ve polis memurlar\u0131 ile ayn\u0131 \u015fekilde me\u015frula\u015ft\u0131r\u0131l\u0131r ve g\u00fcvence alt\u0131na al\u0131n\u0131rlar.<\/p>\n<p>Almanya&#039;ya \u00f6\u011frenci, Schengen veya ziyaret\u00e7i vizesi ile seyahat etmek isteyen yabanc\u0131lar\u0131n, men\u015fe \u00fclkelerine ba\u011fl\u0131 olarak, sorumlu yabanc\u0131lar dairesine ba\u015fvurmalar\u0131 gerekmektedir. <a href=\"https:\/\/auslaenderbehoerde.org\/tr\/taahhuet-beyani\/\">taahh\u00fct beyan\u0131<\/a> verilecek. Vize vermeden \u00f6nce taahh\u00fct beyan\u0131 ile g\u00f6\u00e7menlik makamlar\u0131, ziyaret\u00e7ilerin veya onlar\u0131 davet edenlerin Almanya&#039;da kald\u0131klar\u0131 s\u00fcre boyunca kendilerine yapacaklar\u0131 t\u00fcm masraflar\u0131 \u00fcstlenmelerini sa\u011flar.<\/p>\n<h3 id=\"customheading6\"><strong>\u0130lgili Ba\u011flant\u0131lar\u00a0<\/strong><\/h3>\n<ul style=\"list-style-type: circle;\">\n<li><a href=\"https:\/\/auslaenderbehoerde.org\/tr\/almanyada-ilk-adimlar\/\">Almanya&#039;da ilk ad\u0131mlar<\/a><\/li>\n<\/ul>","protected":false},"excerpt":{"rendered":"<p>Almanya&#039;da ya\u015famak ve \u00e7al\u0131\u015fmak isteyen yabanc\u0131lar\u0131n \u00f6ncelikle g\u00f6\u00e7menlik yetkilileriyle ileti\u015fime ge\u00e7mesi gerekir. Bu ayn\u0131 zamanda g\u00f6\u00e7men b\u00fcrosu olarak da bilinir. Her federal eyaletin ayr\u0131 bir yetkisi vard\u0131r. Almanya&#039;ya hangi \u00fclkeden girmek istedi\u011finize ba\u011fl\u0131 olarak vize gerekmektedir. Bunun i\u00e7in g\u00f6\u00e7menlik dairesine de ba\u015fvurulabilir. Bul\u2026&nbsp;<a href=\"https:\/\/auslaenderbehoerde.org\/tr\/\" rel=\"bookmark\">Devam\u0131n\u0131 oku &quot;<span class=\"screen-reader-text\">yabanc\u0131lar Kurumu<\/span><\/a><\/p>","protected":false},"author":1,"featured_media":65,"parent":0,"menu_order":0,"comment_status":"closed","ping_status":"closed","template":"","meta":{"neve_meta_sidebar":"","neve_meta_container":"","neve_meta_enable_content_width":"off","neve_meta_content_width":100,"neve_meta_title_alignment":"","neve_meta_author_avatar":"","neve_post_elements_order":"","neve_meta_disable_header":"","neve_meta_disable_footer":"","neve_meta_disable_title":"","neve_meta_reading_time":"","footnotes":""},"class_list":["post-27","page","type-page","status-publish","has-post-thumbnail","hentry"],"yoast_head":"<!-- This site is optimized with the Yoast SEO plugin v26.6 - https:\/\/yoast.com\/wordpress\/plugins\/seo\/ -->\n<title>Ausl\u00e4nderbeh\u00f6rden in Deutschland - Aufgaben und Zust\u00e4ndigkeit<\/title>\n<meta name=\"description\" content=\"Hier finden Sie alle Adressen und Kontaktinformationen der Ausl\u00e4nder\u00e4mter oder auch Ausl\u00e4nderbeh\u00f6rden in Deutschland nach Bundesland geordnet\" \/>\n<meta name=\"robots\" content=\"index, follow, max-snippet:-1, max-image-preview:large, max-video-preview:-1\" \/>\n<link rel=\"canonical\" href=\"https:\/\/auslaenderbehoerde.org\/tr\/\" \/>\n<meta property=\"og:locale\" content=\"tr_TR\" \/>\n<meta property=\"og:type\" content=\"article\" \/>\n<meta property=\"og:title\" content=\"Ausl\u00e4nderbeh\u00f6rden in Deutschland - Aufgaben und Zust\u00e4ndigkeit\" \/>\n<meta property=\"og:description\" content=\"Hier finden Sie alle Adressen und Kontaktinformationen der Ausl\u00e4nder\u00e4mter oder auch Ausl\u00e4nderbeh\u00f6rden in Deutschland nach Bundesland geordnet\" \/>\n<meta property=\"og:url\" content=\"https:\/\/auslaenderbehoerde.org\/tr\/\" \/>\n<meta property=\"og:site_name\" content=\"auslaenderbehoerde.org\" \/>\n<meta property=\"article:modified_time\" content=\"2022-10-28T13:32:27+00:00\" \/>\n<meta property=\"og:image\" content=\"https:\/\/auslaenderbehoerde.org\/wp-content\/uploads\/2022\/06\/Ausla\u0308nderbeho\u0308rde-scaled-e1656327377843.jpeg\" \/>\n\t<meta property=\"og:image:width\" content=\"900\" \/>\n\t<meta property=\"og:image:height\" content=\"675\" \/>\n\t<meta property=\"og:image:type\" content=\"image\/jpeg\" \/>\n<meta name=\"twitter:card\" content=\"summary_large_image\" \/>\n<meta name=\"twitter:label1\" content=\"Tahmini okuma s\u00fcresi\" \/>\n\t<meta name=\"twitter:data1\" content=\"5 dakika\" \/>\n<script type=\"application\/ld+json\" class=\"yoast-schema-graph\">{\"@context\":\"https:\/\/schema.org\",\"@graph\":[{\"@type\":\"WebPage\",\"@id\":\"https:\/\/auslaenderbehoerde.org\/\",\"url\":\"https:\/\/auslaenderbehoerde.org\/\",\"name\":\"Ausl\u00e4nderbeh\u00f6rden in Deutschland - Aufgaben und Zust\u00e4ndigkeit\",\"isPartOf\":{\"@id\":\"https:\/\/auslaenderbehoerde.org\/#website\"},\"primaryImageOfPage\":{\"@id\":\"https:\/\/auslaenderbehoerde.org\/#primaryimage\"},\"image\":{\"@id\":\"https:\/\/auslaenderbehoerde.org\/#primaryimage\"},\"thumbnailUrl\":\"https:\/\/auslaenderbehoerde.org\/wp-content\/uploads\/2022\/06\/Ausla\u0308nderbeho\u0308rde-scaled-e1656327377843.jpeg\",\"datePublished\":\"2022-06-27T07:55:59+00:00\",\"dateModified\":\"2022-10-28T13:32:27+00:00\",\"description\":\"Hier finden Sie alle Adressen und Kontaktinformationen der Ausl\u00e4nder\u00e4mter oder auch Ausl\u00e4nderbeh\u00f6rden in Deutschland nach Bundesland geordnet\",\"breadcrumb\":{\"@id\":\"https:\/\/auslaenderbehoerde.org\/#breadcrumb\"},\"inLanguage\":\"tr\",\"potentialAction\":[{\"@type\":\"ReadAction\",\"target\":[\"https:\/\/auslaenderbehoerde.org\/\"]}]},{\"@type\":\"ImageObject\",\"inLanguage\":\"tr\",\"@id\":\"https:\/\/auslaenderbehoerde.org\/#primaryimage\",\"url\":\"https:\/\/auslaenderbehoerde.org\/wp-content\/uploads\/2022\/06\/Ausla\u0308nderbeho\u0308rde-scaled-e1656327377843.jpeg\",\"contentUrl\":\"https:\/\/auslaenderbehoerde.org\/wp-content\/uploads\/2022\/06\/Ausla\u0308nderbeho\u0308rde-scaled-e1656327377843.jpeg\",\"width\":900,\"height\":675,\"caption\":\"Ausl\u00e4nderbeh\u00f6rde\"},{\"@type\":\"BreadcrumbList\",\"@id\":\"https:\/\/auslaenderbehoerde.org\/#breadcrumb\",\"itemListElement\":[{\"@type\":\"ListItem\",\"position\":1,\"name\":\"Startseite\",\"item\":\"https:\/\/auslaenderbehoerde.org\/\"},{\"@type\":\"ListItem\",\"position\":2,\"name\":\"Ausl\u00e4nderbeh\u00f6rde\"}]},{\"@type\":\"WebSite\",\"@id\":\"https:\/\/auslaenderbehoerde.org\/#website\",\"url\":\"https:\/\/auslaenderbehoerde.org\/\",\"name\":\"auslaenderbehoerde.org\",\"description\":\"\",\"potentialAction\":[{\"@type\":\"SearchAction\",\"target\":{\"@type\":\"EntryPoint\",\"urlTemplate\":\"https:\/\/auslaenderbehoerde.org\/?s={search_term_string}\"},\"query-input\":{\"@type\":\"PropertyValueSpecification\",\"valueRequired\":true,\"valueName\":\"search_term_string\"}}],\"inLanguage\":\"tr\"}]}<\/script>\n<!-- \/ Yoast SEO plugin. -->","yoast_head_json":{"title":"Almanya&#039;daki g\u00f6\u00e7menlik makamlar\u0131 - g\u00f6rev ve sorumluluklar","description":"Burada, Almanya&#039;daki g\u00f6\u00e7menlik b\u00fcrolar\u0131n\u0131n veya g\u00f6\u00e7menlik makamlar\u0131n\u0131n t\u00fcm adreslerini ve ileti\u015fim bilgilerini federal eyalete g\u00f6re s\u0131ralanm\u0131\u015f olarak bulacaks\u0131n\u0131z.","robots":{"index":"index","follow":"follow","max-snippet":"max-snippet:-1","max-image-preview":"max-image-preview:large","max-video-preview":"max-video-preview:-1"},"canonical":"https:\/\/auslaenderbehoerde.org\/tr\/","og_locale":"tr_TR","og_type":"article","og_title":"Ausl\u00e4nderbeh\u00f6rden in Deutschland - Aufgaben und Zust\u00e4ndigkeit","og_description":"Hier finden Sie alle Adressen und Kontaktinformationen der Ausl\u00e4nder\u00e4mter oder auch Ausl\u00e4nderbeh\u00f6rden in Deutschland nach Bundesland geordnet","og_url":"https:\/\/auslaenderbehoerde.org\/tr\/","og_site_name":"auslaenderbehoerde.org","article_modified_time":"2022-10-28T13:32:27+00:00","og_image":[{"width":900,"height":675,"url":"https:\/\/auslaenderbehoerde.org\/wp-content\/uploads\/2022\/06\/Ausla\u0308nderbeho\u0308rde-scaled-e1656327377843.jpeg","type":"image\/jpeg"}],"twitter_card":"summary_large_image","twitter_misc":{"Tahmini okuma s\u00fcresi":"5 dakika"},"schema":{"@context":"https:\/\/schema.org","@graph":[{"@type":"WebPage","@id":"https:\/\/auslaenderbehoerde.org\/","url":"https:\/\/auslaenderbehoerde.org\/","name":"Almanya&#039;daki g\u00f6\u00e7menlik makamlar\u0131 - g\u00f6rev ve sorumluluklar","isPartOf":{"@id":"https:\/\/auslaenderbehoerde.org\/#website"},"primaryImageOfPage":{"@id":"https:\/\/auslaenderbehoerde.org\/#primaryimage"},"image":{"@id":"https:\/\/auslaenderbehoerde.org\/#primaryimage"},"thumbnailUrl":"https:\/\/auslaenderbehoerde.org\/wp-content\/uploads\/2022\/06\/Ausla\u0308nderbeho\u0308rde-scaled-e1656327377843.jpeg","datePublished":"2022-06-27T07:55:59+00:00","dateModified":"2022-10-28T13:32:27+00:00","description":"Burada, Almanya&#039;daki g\u00f6\u00e7menlik b\u00fcrolar\u0131n\u0131n veya g\u00f6\u00e7menlik makamlar\u0131n\u0131n t\u00fcm adreslerini ve ileti\u015fim bilgilerini federal eyalete g\u00f6re s\u0131ralanm\u0131\u015f olarak bulacaks\u0131n\u0131z.","breadcrumb":{"@id":"https:\/\/auslaenderbehoerde.org\/#breadcrumb"},"inLanguage":"tr","potentialAction":[{"@type":"ReadAction","target":["https:\/\/auslaenderbehoerde.org\/"]}]},{"@type":"ImageObject","inLanguage":"tr","@id":"https:\/\/auslaenderbehoerde.org\/#primaryimage","url":"https:\/\/auslaenderbehoerde.org\/wp-content\/uploads\/2022\/06\/Ausla\u0308nderbeho\u0308rde-scaled-e1656327377843.jpeg","contentUrl":"https:\/\/auslaenderbehoerde.org\/wp-content\/uploads\/2022\/06\/Ausla\u0308nderbeho\u0308rde-scaled-e1656327377843.jpeg","width":900,"height":675,"caption":"Ausl\u00e4nderbeh\u00f6rde"},{"@type":"BreadcrumbList","@id":"https:\/\/auslaenderbehoerde.org\/#breadcrumb","itemListElement":[{"@type":"ListItem","position":1,"name":"Startseite","item":"https:\/\/auslaenderbehoerde.org\/"},{"@type":"ListItem","position":2,"name":"Ausl\u00e4nderbeh\u00f6rde"}]},{"@type":"WebSite","@id":"https:\/\/auslaenderbehoerde.org\/#website","url":"https:\/\/auslaenderbehoerde.org\/","name":"auslaenderbehoerde.org","description":"","potentialAction":[{"@type":"SearchAction","target":{"@type":"EntryPoint","urlTemplate":"https:\/\/auslaenderbehoerde.org\/?s={search_term_string}"},"query-input":{"@type":"PropertyValueSpecification","valueRequired":true,"valueName":"search_term_string"}}],"inLanguage":"tr"}]}},"_links":{"self":[{"href":"https:\/\/auslaenderbehoerde.org\/tr\/wp-json\/wp\/v2\/pages\/27","targetHints":{"allow":["GET"]}}],"collection":[{"href":"https:\/\/auslaenderbehoerde.org\/tr\/wp-json\/wp\/v2\/pages"}],"about":[{"href":"https:\/\/auslaenderbehoerde.org\/tr\/wp-json\/wp\/v2\/types\/page"}],"author":[{"embeddable":true,"href":"https:\/\/auslaenderbehoerde.org\/tr\/wp-json\/wp\/v2\/users\/1"}],"replies":[{"embeddable":true,"href":"https:\/\/auslaenderbehoerde.org\/tr\/wp-json\/wp\/v2\/comments?post=27"}],"version-history":[{"count":10,"href":"https:\/\/auslaenderbehoerde.org\/tr\/wp-json\/wp\/v2\/pages\/27\/revisions"}],"predecessor-version":[{"id":1600,"href":"https:\/\/auslaenderbehoerde.org\/tr\/wp-json\/wp\/v2\/pages\/27\/revisions\/1600"}],"wp:featuredmedia":[{"embeddable":true,"href":"https:\/\/auslaenderbehoerde.org\/tr\/wp-json\/wp\/v2\/media\/65"}],"wp:attachment":[{"href":"https:\/\/auslaenderbehoerde.org\/tr\/wp-json\/wp\/v2\/media?parent=27"}],"curies":[{"name":"wp","href":"https:\/\/api.w.org\/{rel}","templated":true}]}}