{"id":563,"date":"2022-07-06T16:01:34","date_gmt":"2022-07-06T14:01:34","guid":{"rendered":"https:\/\/auslaenderbehoerde.org\/?page_id=563"},"modified":"2022-07-06T16:01:34","modified_gmt":"2022-07-06T14:01:34","slug":"auslaenderbehoerde-landshut","status":"publish","type":"page","link":"https:\/\/auslaenderbehoerde.org\/tr\/goecmenlik-makami\/","title":{"rendered":"G\u00f6\u00e7men B\u00fcrosu Landshut"},"content":{"rendered":"<p>Burada Landshut \u2013 Bavyera&#039;daki g\u00f6\u00e7menlik b\u00fcrosu i\u00e7in \u00e7e\u015fitli ileti\u015fim se\u00e7eneklerini ve di\u011fer faydal\u0131 bilgileri bulacaks\u0131n\u0131z.<\/p>\n<p><strong>Adres:<\/strong> Landshut \u015eehri G\u00f6\u00e7menlik B\u00fcrosu, Luitpoldstr. 29 84034 Landshut<br \/>\n<strong>Telefon:<\/strong> 0871 \u2013 88 22 88<br \/>\n<strong>Faks:<\/strong> 0871 \u2013 88 22 40<br \/>\n<strong>E-posta:<\/strong> <a href=\"mailto:auslaenderbehoerde@landshut.de\">auslaenderbehoerde@landshut.de<\/a><br \/>\n<strong>\u0130nternet sitesi:<\/strong> <a href=\"https:\/\/www.landshut.de\/\">www.landshut.de<\/a><br \/>\n<strong>A\u00e7\u0131l\u0131\u015f saatleri:<\/strong> web sitesine bak\u0131n<\/p>\n<p><iframe style=\"border: 0;\" src=\"https:\/\/www.google.com\/maps\/embed?pb=!1m18!1m12!1m3!1d2641.6641482481973!2d12.139364751241512!3d48.539667730947166!2m3!1f0!2f0!3f0!3m2!1i1024!2i768!4f13.1!3m3!1m2!1s0x479e25dfcb5a8b57%3A0x55f2364a95d5d395!2sLuitpoldstra%C3%9Fe%2029%2C%2084034%20Landshut!5e0!3m2!1sde!2sde!4v1657116085969!5m2!1sde!2sde\" width=\"600\" height=\"450\" allowfullscreen=\"allowfullscreen\"><\/iframe><\/p>\n<h2>Landshut&#039;taki G\u00f6\u00e7menlik B\u00fcrosunun G\u00f6revleri<\/h2>\n<p>Landshut G\u00f6\u00e7menlik B\u00fcrosu, Landshut ve ilgili kasabalar\u0131n sakinlerinden sorumludur. Yurt d\u0131\u015f\u0131ndan gelen yabanc\u0131lar\u0131n ilk adresi kurumdur. \u0130kamet Yasas\u0131&#039;n\u0131n ilgili ikamet ama\u00e7lar\u0131na g\u00f6re ikamet izinlerinin verilmesinden veya reddedilmesinden sorumludur.<\/p>\n<p>G\u00f6\u00e7menlik B\u00fcrosu ayn\u0131 zamanda belgenin d\u00fczenlenmesinden de sorumludur. <a href=\"https:\/\/auslaenderbehoerde.org\/tr\/oturma-izni-2\/\">oturma izni<\/a>, <a href=\"https:\/\/auslaenderbehoerde.org\/tr\/taahhuet-beyani\/\">taahh\u00fct beyan\u0131<\/a>, yabanc\u0131lar i\u00e7in seyahat belgeleri ve ho\u015fg\u00f6r\u00fc izinleri. G\u00f6\u00e7men b\u00fcrosu bunun \u00fczerinde \u00e7al\u0131\u015f\u0131yor. <a href=\"https:\/\/www.gesetze-im-internet.de\/aufenthg_2004\/__71.html\" target=\"_blank\" rel=\"noopener external noreferrer\" data-wpel-link=\"external\">B\u00f6l\u00fcm 71<\/a> AufenthG ve yabanc\u0131lar\u0131n pasaport ve ikamet haklar\u0131n\u0131 etkileyen t\u00fcm karar ve tedbirleri d\u00fczenlemekten sorumludur.<\/p>\n<p>Yabanc\u0131lar dairesinin sorumlulu\u011fu ba\u015fka bir\u00e7ok g\u00f6revi de kapsar. Oturma izninin t\u00fcr\u00fc ve s\u00fcresi b\u00fcy\u00fck \u00f6l\u00e7\u00fcde de\u011fi\u015fmektedir. Baz\u0131lar\u0131na bir s\u00fcre verilir, baz\u0131lar\u0131na oturma izni verilmez ve \u0130kamet Yasas\u0131 uyar\u0131nca \u00e7\u0131k\u0131\u015f izni verilir.<\/p>\n<p>G\u00f6\u00e7menlik makamlar\u0131, s\u0131\u011f\u0131nmac\u0131lar ve yerinden edilmi\u015f ki\u015filerden de sorumludur. hakk\u0131nda karar verirsin <a href=\"https:\/\/auslaenderbehoerde.org\/tr\/oturma-izni\/\">oturma izni<\/a> ve karar olumluysa bunlar\u0131 yay\u0131nlay\u0131n.<\/p>\n<p><strong>G\u00f6\u00e7menlik makamlar\u0131n\u0131n nelerden sorumlu oldu\u011funa dair bir genel bak\u0131\u015f:<\/strong><\/p>\n<ul style=\"list-style-type: circle;\">\n<li>m\u00fclteci yard\u0131m\u0131<\/li>\n<li>sosyal G\u00fcvenlik<\/li>\n<li>entegrasyon kurslar\u0131<\/li>\n<li>Almanya&#039;ya giri\u015f ve kal\u0131\u015f organizasyonu ve onay\u0131<\/li>\n<li>yard\u0131m hakk\u0131<\/li>\n<li>geri \u00f6deme ve sa\u011fl\u0131k<\/li>\n<li>Medeni hal<\/li>\n<li>taahh\u00fct beyan\u0131<\/li>\n<li>konaklama se\u00e7enekleri<\/li>\n<li>Kay\u0131t ol<\/li>\n<li>s\u0131\u011f\u0131nma prosed\u00fcr\u00fc<\/li>\n<\/ul>\n<h3>G\u00f6\u00e7menlik B\u00fcrosundan nas\u0131l randevu alabilirim <span id=\"Wie_kann_ich_einen_Termin_beim_Jugendamt_vereinbaren\">Kat\u0131l\u0131yorum?<\/span><\/h3>\n<p>G\u00f6\u00e7menlik B\u00fcrosunda randevu alman\u0131n birka\u00e7 yolu vard\u0131r. Ofislere genellikle \u015fahsen, telefonla, e-posta veya \u00e7evrimi\u00e7i olarak ula\u015f\u0131labilir. Adres ve a\u00e7\u0131l\u0131\u015f saatleri \u00e7evrimi\u00e7i olarak g\u00f6r\u00fcnt\u00fclenebilir. Baz\u0131 \u015fehirlerde, \u015fehrin hizmet portal\u0131 \u00fczerinden randevu alabilir ve \u00e7evrimi\u00e7i formlar\u0131 indirebilirsiniz. Ajans\u0131 ziyaret etmeden \u00f6nce gerekli t\u00fcm belgelerin eksiksiz oldu\u011fundan emin olun.<\/p>\n<div class=\"su-note\"  style=\"border-color:#d1d1d0;border-radius:3px;-moz-border-radius:3px;-webkit-border-radius:3px;\"><div class=\"su-note-inner su-u-clearfix su-u-trim\" style=\"background-color:#ebebea;border-color:#ffffff;color:#444444;border-radius:3px;-moz-border-radius:3px;-webkit-border-radius:3px;\"><b>Bir uyar\u0131: <\/b>Ofisler ve yetkililer i\u00e7in genellikle a\u015fa\u011f\u0131daki belgelere veya sertifikalara ihtiyac\u0131n\u0131z vard\u0131r: <a href=\"https:\/\/tidd.ly\/3y8DKdr\" target=\"_blank\" rel=\"noopener\">sektifikal\u0131 \u00e7eviri<\/a>*.<\/div><\/div>\n<p><strong>Yurt d\u0131\u015f\u0131ndan ziyaret\u00e7i mi bekliyorsunuz?<\/strong> Birlikte <a href=\"https:\/\/auslaenderbehoerde.org\/tr\/yabanci-misafirler-icin-seyahat-sigortasi\/\">Yabanc\u0131 misafirler i\u00e7in seyahat sigortas\u0131<\/a> Almanya ve Avrupa&#039;da kapsaml\u0131 korumadan yararlan\u0131n.<\/p>\n<h3>Di\u011fer g\u00f6\u00e7menlik makamlar\u0131 ve bilgileri<\/h3>\n<ul style=\"list-style-type: circle;\">\n<li><a href=\"https:\/\/auslaenderbehoerde.org\/tr\/bavyera-goecmenlik-makamlari-2\/\">Bavyera&#039;daki g\u00f6\u00e7menlik makamlar\u0131<\/a><\/li>\n<li><a href=\"https:\/\/auslaenderbehoerde.org\/tr\/\">Almanya&#039;daki g\u00f6\u00e7menlik makamlar\u0131<\/a><\/li>\n<li><a href=\"https:\/\/auslaenderbehoerde.org\/tr\/almanyada-ilk-adimlar\/\" data-wpel-link=\"internal\">Almanya&#039;da ilk ad\u0131mlar<\/a><\/li>\n<\/ul>","protected":false},"excerpt":{"rendered":"<p>Burada Landshut G\u00f6\u00e7menlik B\u00fcrosu - Bavyera i\u00e7in \u00e7e\u015fitli ileti\u015fim se\u00e7eneklerini ve daha fazla yararl\u0131 bilgiyi bulacaks\u0131n\u0131z. Adres: Landshut G\u00f6\u00e7menlik B\u00fcrosu, Luitpoldstr. 29, 84034 Landshut, Almanya. Telefon: +49 871 88 22 88. Faks: +49 871 88 22 40. E-posta: auslaenderbehoerde@landshut.de. Web sitesi: www.landshut.de. \u00c7al\u0131\u015fma saatleri: web sitesine bak\u0131n\u0131z. Landshut G\u00f6\u00e7menlik B\u00fcrosunun g\u00f6revleri: Landshut G\u00f6\u00e7menlik B\u00fcrosu, ikamet edenlerden sorumludur\u2026&nbsp;<a href=\"https:\/\/auslaenderbehoerde.org\/tr\/goecmenlik-makami\/\" rel=\"bookmark\">Devam\u0131n\u0131 oku &quot;<span class=\"screen-reader-text\">G\u00f6\u00e7men B\u00fcrosu Landshut<\/span><\/a><\/p>","protected":false},"author":1,"featured_media":65,"parent":0,"menu_order":0,"comment_status":"closed","ping_status":"closed","template":"","meta":{"neve_meta_sidebar":"","neve_meta_container":"","neve_meta_enable_content_width":"off","neve_meta_content_width":100,"neve_meta_title_alignment":"","neve_meta_author_avatar":"","neve_post_elements_order":"","neve_meta_disable_header":"","neve_meta_disable_footer":"","neve_meta_disable_title":"","neve_meta_reading_time":"","footnotes":""},"class_list":["post-563","page","type-page","status-publish","has-post-thumbnail","hentry"],"yoast_head":"<!-- This site is optimized with the Yoast SEO plugin v26.6 - https:\/\/yoast.com\/wordpress\/plugins\/seo\/ -->\n<title>Ausl\u00e4nderbeh\u00f6rde Landshut | Adresse und Kontaktdaten<\/title>\n<meta name=\"description\" content=\"Ausl\u00e4nderbeh\u00f6rde Landshut | Hier finden Sie alle Informationen wie Adresse und Anschrift \u2713 Telefonnummer, Kontakt und \u00d6ffnungszeiten\" \/>\n<meta name=\"robots\" content=\"index, follow, max-snippet:-1, max-image-preview:large, max-video-preview:-1\" \/>\n<link rel=\"canonical\" href=\"https:\/\/auslaenderbehoerde.org\/tr\/goecmenlik-makami\/\" \/>\n<meta property=\"og:locale\" content=\"tr_TR\" \/>\n<meta property=\"og:type\" content=\"article\" \/>\n<meta property=\"og:title\" content=\"Ausl\u00e4nderbeh\u00f6rde Landshut | Adresse und Kontaktdaten\" \/>\n<meta property=\"og:description\" content=\"Ausl\u00e4nderbeh\u00f6rde Landshut | Hier finden Sie alle Informationen wie Adresse und Anschrift \u2713 Telefonnummer, Kontakt und \u00d6ffnungszeiten\" \/>\n<meta property=\"og:url\" content=\"https:\/\/auslaenderbehoerde.org\/tr\/goecmenlik-makami\/\" \/>\n<meta property=\"og:site_name\" content=\"auslaenderbehoerde.org\" \/>\n<meta property=\"og:image\" content=\"https:\/\/auslaenderbehoerde.org\/wp-content\/uploads\/2022\/06\/Ausla\u0308nderbeho\u0308rde-scaled-e1656327377843.jpeg\" \/>\n\t<meta property=\"og:image:width\" content=\"900\" \/>\n\t<meta property=\"og:image:height\" content=\"675\" \/>\n\t<meta property=\"og:image:type\" content=\"image\/jpeg\" \/>\n<meta name=\"twitter:card\" content=\"summary_large_image\" \/>\n<meta name=\"twitter:label1\" content=\"Tahmini okuma s\u00fcresi\" \/>\n\t<meta name=\"twitter:data1\" content=\"2 dakika\" \/>\n<script type=\"application\/ld+json\" class=\"yoast-schema-graph\">{\"@context\":\"https:\/\/schema.org\",\"@graph\":[{\"@type\":\"WebPage\",\"@id\":\"https:\/\/auslaenderbehoerde.org\/auslaenderbehoerde-landshut\/\",\"url\":\"https:\/\/auslaenderbehoerde.org\/auslaenderbehoerde-landshut\/\",\"name\":\"Ausl\u00e4nderbeh\u00f6rde Landshut | Adresse und Kontaktdaten\",\"isPartOf\":{\"@id\":\"https:\/\/auslaenderbehoerde.org\/#website\"},\"primaryImageOfPage\":{\"@id\":\"https:\/\/auslaenderbehoerde.org\/auslaenderbehoerde-landshut\/#primaryimage\"},\"image\":{\"@id\":\"https:\/\/auslaenderbehoerde.org\/auslaenderbehoerde-landshut\/#primaryimage\"},\"thumbnailUrl\":\"https:\/\/auslaenderbehoerde.org\/wp-content\/uploads\/2022\/06\/Ausla\u0308nderbeho\u0308rde-scaled-e1656327377843.jpeg\",\"datePublished\":\"2022-07-06T14:01:34+00:00\",\"description\":\"Ausl\u00e4nderbeh\u00f6rde Landshut | Hier finden Sie alle Informationen wie Adresse und Anschrift \u2713 Telefonnummer, Kontakt und \u00d6ffnungszeiten\",\"breadcrumb\":{\"@id\":\"https:\/\/auslaenderbehoerde.org\/auslaenderbehoerde-landshut\/#breadcrumb\"},\"inLanguage\":\"tr\",\"potentialAction\":[{\"@type\":\"ReadAction\",\"target\":[\"https:\/\/auslaenderbehoerde.org\/auslaenderbehoerde-landshut\/\"]}]},{\"@type\":\"ImageObject\",\"inLanguage\":\"tr\",\"@id\":\"https:\/\/auslaenderbehoerde.org\/auslaenderbehoerde-landshut\/#primaryimage\",\"url\":\"https:\/\/auslaenderbehoerde.org\/wp-content\/uploads\/2022\/06\/Ausla\u0308nderbeho\u0308rde-scaled-e1656327377843.jpeg\",\"contentUrl\":\"https:\/\/auslaenderbehoerde.org\/wp-content\/uploads\/2022\/06\/Ausla\u0308nderbeho\u0308rde-scaled-e1656327377843.jpeg\",\"width\":900,\"height\":675,\"caption\":\"Ausl\u00e4nderbeh\u00f6rde\"},{\"@type\":\"BreadcrumbList\",\"@id\":\"https:\/\/auslaenderbehoerde.org\/auslaenderbehoerde-landshut\/#breadcrumb\",\"itemListElement\":[{\"@type\":\"ListItem\",\"position\":1,\"name\":\"Startseite\",\"item\":\"https:\/\/auslaenderbehoerde.org\/\"},{\"@type\":\"ListItem\",\"position\":2,\"name\":\"Ausl\u00e4nderbeh\u00f6rde Landshut\"}]},{\"@type\":\"WebSite\",\"@id\":\"https:\/\/auslaenderbehoerde.org\/#website\",\"url\":\"https:\/\/auslaenderbehoerde.org\/\",\"name\":\"auslaenderbehoerde.org\",\"description\":\"\",\"potentialAction\":[{\"@type\":\"SearchAction\",\"target\":{\"@type\":\"EntryPoint\",\"urlTemplate\":\"https:\/\/auslaenderbehoerde.org\/?s={search_term_string}\"},\"query-input\":{\"@type\":\"PropertyValueSpecification\",\"valueRequired\":true,\"valueName\":\"search_term_string\"}}],\"inLanguage\":\"tr\"}]}<\/script>\n<!-- \/ Yoast SEO plugin. -->","yoast_head_json":{"title":"G\u00f6\u00e7men B\u00fcrosu Landshut | adres ve ileti\u015fim bilgileri","description":"G\u00f6\u00e7men B\u00fcrosu Landshut | Burada adres ve adres gibi t\u00fcm bilgileri bulacaks\u0131n\u0131z \u2713 telefon numaras\u0131, ileti\u015fim ve a\u00e7\u0131l\u0131\u015f saatleri","robots":{"index":"index","follow":"follow","max-snippet":"max-snippet:-1","max-image-preview":"max-image-preview:large","max-video-preview":"max-video-preview:-1"},"canonical":"https:\/\/auslaenderbehoerde.org\/tr\/goecmenlik-makami\/","og_locale":"tr_TR","og_type":"article","og_title":"Ausl\u00e4nderbeh\u00f6rde Landshut | Adresse und Kontaktdaten","og_description":"Ausl\u00e4nderbeh\u00f6rde Landshut | Hier finden Sie alle Informationen wie Adresse und Anschrift \u2713 Telefonnummer, Kontakt und \u00d6ffnungszeiten","og_url":"https:\/\/auslaenderbehoerde.org\/tr\/goecmenlik-makami\/","og_site_name":"auslaenderbehoerde.org","og_image":[{"width":900,"height":675,"url":"https:\/\/auslaenderbehoerde.org\/wp-content\/uploads\/2022\/06\/Ausla\u0308nderbeho\u0308rde-scaled-e1656327377843.jpeg","type":"image\/jpeg"}],"twitter_card":"summary_large_image","twitter_misc":{"Tahmini okuma s\u00fcresi":"2 dakika"},"schema":{"@context":"https:\/\/schema.org","@graph":[{"@type":"WebPage","@id":"https:\/\/auslaenderbehoerde.org\/auslaenderbehoerde-landshut\/","url":"https:\/\/auslaenderbehoerde.org\/auslaenderbehoerde-landshut\/","name":"G\u00f6\u00e7men B\u00fcrosu Landshut | adres ve ileti\u015fim bilgileri","isPartOf":{"@id":"https:\/\/auslaenderbehoerde.org\/#website"},"primaryImageOfPage":{"@id":"https:\/\/auslaenderbehoerde.org\/auslaenderbehoerde-landshut\/#primaryimage"},"image":{"@id":"https:\/\/auslaenderbehoerde.org\/auslaenderbehoerde-landshut\/#primaryimage"},"thumbnailUrl":"https:\/\/auslaenderbehoerde.org\/wp-content\/uploads\/2022\/06\/Ausla\u0308nderbeho\u0308rde-scaled-e1656327377843.jpeg","datePublished":"2022-07-06T14:01:34+00:00","description":"G\u00f6\u00e7men B\u00fcrosu Landshut | Burada adres ve adres gibi t\u00fcm bilgileri bulacaks\u0131n\u0131z \u2713 telefon numaras\u0131, ileti\u015fim ve a\u00e7\u0131l\u0131\u015f saatleri","breadcrumb":{"@id":"https:\/\/auslaenderbehoerde.org\/auslaenderbehoerde-landshut\/#breadcrumb"},"inLanguage":"tr","potentialAction":[{"@type":"ReadAction","target":["https:\/\/auslaenderbehoerde.org\/auslaenderbehoerde-landshut\/"]}]},{"@type":"ImageObject","inLanguage":"tr","@id":"https:\/\/auslaenderbehoerde.org\/auslaenderbehoerde-landshut\/#primaryimage","url":"https:\/\/auslaenderbehoerde.org\/wp-content\/uploads\/2022\/06\/Ausla\u0308nderbeho\u0308rde-scaled-e1656327377843.jpeg","contentUrl":"https:\/\/auslaenderbehoerde.org\/wp-content\/uploads\/2022\/06\/Ausla\u0308nderbeho\u0308rde-scaled-e1656327377843.jpeg","width":900,"height":675,"caption":"Ausl\u00e4nderbeh\u00f6rde"},{"@type":"BreadcrumbList","@id":"https:\/\/auslaenderbehoerde.org\/auslaenderbehoerde-landshut\/#breadcrumb","itemListElement":[{"@type":"ListItem","position":1,"name":"Startseite","item":"https:\/\/auslaenderbehoerde.org\/"},{"@type":"ListItem","position":2,"name":"Ausl\u00e4nderbeh\u00f6rde Landshut"}]},{"@type":"WebSite","@id":"https:\/\/auslaenderbehoerde.org\/#website","url":"https:\/\/auslaenderbehoerde.org\/","name":"auslaenderbehoerde.org","description":"","potentialAction":[{"@type":"SearchAction","target":{"@type":"EntryPoint","urlTemplate":"https:\/\/auslaenderbehoerde.org\/?s={search_term_string}"},"query-input":{"@type":"PropertyValueSpecification","valueRequired":true,"valueName":"search_term_string"}}],"inLanguage":"tr"}]}},"_links":{"self":[{"href":"https:\/\/auslaenderbehoerde.org\/tr\/wp-json\/wp\/v2\/pages\/563","targetHints":{"allow":["GET"]}}],"collection":[{"href":"https:\/\/auslaenderbehoerde.org\/tr\/wp-json\/wp\/v2\/pages"}],"about":[{"href":"https:\/\/auslaenderbehoerde.org\/tr\/wp-json\/wp\/v2\/types\/page"}],"author":[{"embeddable":true,"href":"https:\/\/auslaenderbehoerde.org\/tr\/wp-json\/wp\/v2\/users\/1"}],"replies":[{"embeddable":true,"href":"https:\/\/auslaenderbehoerde.org\/tr\/wp-json\/wp\/v2\/comments?post=563"}],"version-history":[{"count":1,"href":"https:\/\/auslaenderbehoerde.org\/tr\/wp-json\/wp\/v2\/pages\/563\/revisions"}],"predecessor-version":[{"id":564,"href":"https:\/\/auslaenderbehoerde.org\/tr\/wp-json\/wp\/v2\/pages\/563\/revisions\/564"}],"wp:featuredmedia":[{"embeddable":true,"href":"https:\/\/auslaenderbehoerde.org\/tr\/wp-json\/wp\/v2\/media\/65"}],"wp:attachment":[{"href":"https:\/\/auslaenderbehoerde.org\/tr\/wp-json\/wp\/v2\/media?parent=563"}],"curies":[{"name":"wp","href":"https:\/\/api.w.org\/{rel}","templated":true}]}}