{"id":604,"date":"2022-07-07T12:40:16","date_gmt":"2022-07-07T10:40:16","guid":{"rendered":"https:\/\/auslaenderbehoerde.org\/?page_id=604"},"modified":"2022-07-07T12:40:16","modified_gmt":"2022-07-07T10:40:16","slug":"auslaenderbehoerde-passau","status":"publish","type":"page","link":"https:\/\/auslaenderbehoerde.org\/tr\/goecmenlik-dairesi-passau\/","title":{"rendered":"G\u00f6\u00e7men B\u00fcrosu Passau"},"content":{"rendered":"<p>Burada, Passau - Bavyera&#039;daki g\u00f6\u00e7menlik ofisi i\u00e7in \u00e7e\u015fitli ileti\u015fim se\u00e7eneklerini ve di\u011fer yararl\u0131 bilgileri bulacaks\u0131n\u0131z.<\/p>\n<p><strong>Adres:<\/strong> Passau \u0130l\u00e7esi G\u00f6\u00e7menlik B\u00fcrosu, Domplatz 11, 94032 Passau<br \/>\n<strong>Telefon:<\/strong> 0851 397-340<br \/>\n<strong>Faks:<\/strong> 0851 490595-340<br \/>\n<strong>E-posta: <\/strong><a href=\"mailto:auslaenderamt@landkreis-passau.de\">auslaenderamt@landkreis-passau.de<\/a><br \/>\n<strong>\u0130nternet sitesi:<\/strong> <a href=\"https:\/\/www.landkreis-passau.de\/\">www.landkreis-passau.de<\/a><br \/>\n<strong>A\u00e7\u0131l\u0131\u015f saatleri:<\/strong> web sitesine bak\u0131n<\/p>\n<p><iframe style=\"border: 0;\" src=\"https:\/\/www.google.com\/maps\/embed?pb=!1m18!1m12!1m3!1d2639.831578248895!2d13.462229151486893!3d48.57477447915889!2m3!1f0!2f0!3f0!3m2!1i1024!2i768!4f13.1!3m3!1m2!1s0x4774f601fc3ae8c3%3A0xa9ac835560e3033d!2sDomplatz%2011%2C%2094032%20Passau!5e0!3m2!1sde!2sde!4v1657190408005!5m2!1sde!2sde\" width=\"600\" height=\"450\" allowfullscreen=\"allowfullscreen\"><\/iframe><\/p>\n<h2>Passau&#039;daki g\u00f6\u00e7men b\u00fcrosunun g\u00f6revleri<\/h2>\n<p>Passau&#039;daki g\u00f6\u00e7menlik ofisi, Passau ve ilgili kasabalarda ya\u015fayanlardan sorumludur. Kurum yurt d\u0131\u015f\u0131ndan gelen yabanc\u0131lar i\u00e7in ilk adrestir. \u0130kamet Kanunu&#039;nun ilgili ikamet ama\u00e7lar\u0131na g\u00f6re ikamet izinlerini vermek veya reddetmekle y\u00fck\u00fcml\u00fcd\u00fcr.<\/p>\n<p>G\u00f6\u00e7menlik B\u00fcrosu ayn\u0131 zamanda belgenin d\u00fczenlenmesinden de sorumludur. <a href=\"https:\/\/auslaenderbehoerde.org\/tr\/oturma-izni-2\/\">oturma izni<\/a>, <a href=\"https:\/\/auslaenderbehoerde.org\/tr\/taahhuet-beyani\/\">taahh\u00fct beyan\u0131<\/a>, yabanc\u0131lar i\u00e7in seyahat belgeleri ve ho\u015fg\u00f6r\u00fc izinleri. G\u00f6\u00e7men b\u00fcrosu bunun \u00fczerinde \u00e7al\u0131\u015f\u0131yor. <a href=\"https:\/\/www.gesetze-im-internet.de\/aufenthg_2004\/__71.html\" target=\"_blank\" rel=\"noopener external noreferrer\" data-wpel-link=\"external\">B\u00f6l\u00fcm 71<\/a> AufenthG ve yabanc\u0131lar\u0131n pasaport ve ikamet haklar\u0131n\u0131 etkileyen t\u00fcm karar ve tedbirleri d\u00fczenlemekten sorumludur.<\/p>\n<p>Yabanc\u0131lar dairesinin sorumlulu\u011fu ba\u015fka bir\u00e7ok g\u00f6revi de kapsar. Oturma izninin t\u00fcr\u00fc ve s\u00fcresi b\u00fcy\u00fck \u00f6l\u00e7\u00fcde de\u011fi\u015fmektedir. Baz\u0131lar\u0131na bir s\u00fcre verilir, baz\u0131lar\u0131na oturma izni verilmez ve \u0130kamet Yasas\u0131 uyar\u0131nca \u00e7\u0131k\u0131\u015f izni verilir.<\/p>\n<p>G\u00f6\u00e7menlik makamlar\u0131, s\u0131\u011f\u0131nmac\u0131lar ve yerinden edilmi\u015f ki\u015filerden de sorumludur. hakk\u0131nda karar verirsin <a href=\"https:\/\/auslaenderbehoerde.org\/tr\/oturma-izni\/\">oturma izni<\/a> ve karar olumluysa bunlar\u0131 yay\u0131nlay\u0131n.<\/p>\n<p><strong>G\u00f6\u00e7menlik makamlar\u0131n\u0131n nelerden sorumlu oldu\u011funa dair bir genel bak\u0131\u015f:<\/strong><\/p>\n<ul style=\"list-style-type: circle;\">\n<li>m\u00fclteci yard\u0131m\u0131<\/li>\n<li>sosyal G\u00fcvenlik<\/li>\n<li>entegrasyon kurslar\u0131<\/li>\n<li>Almanya&#039;ya giri\u015f ve kal\u0131\u015f organizasyonu ve onay\u0131<\/li>\n<li>yard\u0131m hakk\u0131<\/li>\n<li>geri \u00f6deme ve sa\u011fl\u0131k<\/li>\n<li>Medeni hal<\/li>\n<li>taahh\u00fct beyan\u0131<\/li>\n<li>konaklama se\u00e7enekleri<\/li>\n<li>Kay\u0131t ol<\/li>\n<li>s\u0131\u011f\u0131nma prosed\u00fcr\u00fc<\/li>\n<\/ul>\n<h3>G\u00f6\u00e7menlik B\u00fcrosundan nas\u0131l randevu alabilirim <span id=\"Wie_kann_ich_einen_Termin_beim_Jugendamt_vereinbaren\">Kat\u0131l\u0131yorum?<\/span><\/h3>\n<p>G\u00f6\u00e7menlik B\u00fcrosunda randevu alman\u0131n birka\u00e7 yolu vard\u0131r. Ofislere genellikle \u015fahsen, telefonla, e-posta veya \u00e7evrimi\u00e7i olarak ula\u015f\u0131labilir. Adres ve a\u00e7\u0131l\u0131\u015f saatleri \u00e7evrimi\u00e7i olarak g\u00f6r\u00fcnt\u00fclenebilir. Baz\u0131 \u015fehirlerde, \u015fehrin hizmet portal\u0131 \u00fczerinden randevu alabilir ve \u00e7evrimi\u00e7i formlar\u0131 indirebilirsiniz. Ajans\u0131 ziyaret etmeden \u00f6nce gerekli t\u00fcm belgelerin eksiksiz oldu\u011fundan emin olun.<\/p>\n<div class=\"su-note\"  style=\"border-color:#d1d1d0;border-radius:3px;-moz-border-radius:3px;-webkit-border-radius:3px;\"><div class=\"su-note-inner su-u-clearfix su-u-trim\" style=\"background-color:#ebebea;border-color:#ffffff;color:#444444;border-radius:3px;-moz-border-radius:3px;-webkit-border-radius:3px;\"><b>Bir uyar\u0131: <\/b>Ofisler ve yetkililer i\u00e7in genellikle a\u015fa\u011f\u0131daki belgelere veya sertifikalara ihtiyac\u0131n\u0131z vard\u0131r: <a href=\"https:\/\/tidd.ly\/3y8DKdr\" target=\"_blank\" rel=\"noopener\">sektifikal\u0131 \u00e7eviri<\/a>*.<\/div><\/div>\n<p><strong>Yurt d\u0131\u015f\u0131ndan ziyaret\u00e7i mi bekliyorsunuz?<\/strong> Birlikte <a href=\"https:\/\/auslaenderbehoerde.org\/tr\/yabanci-misafirler-icin-seyahat-sigortasi\/\">Yabanc\u0131 misafirler i\u00e7in seyahat sigortas\u0131<\/a> Almanya ve Avrupa&#039;da kapsaml\u0131 korumadan yararlan\u0131n.<\/p>\n<h3>Di\u011fer g\u00f6\u00e7menlik makamlar\u0131 ve bilgileri<\/h3>\n<ul style=\"list-style-type: circle;\">\n<li><a href=\"https:\/\/auslaenderbehoerde.org\/tr\/bavyera-goecmenlik-makamlari-2\/\">Bavyera&#039;daki g\u00f6\u00e7menlik makamlar\u0131<\/a><\/li>\n<li><a href=\"https:\/\/auslaenderbehoerde.org\/tr\/\">Almanya&#039;daki g\u00f6\u00e7menlik makamlar\u0131<\/a><\/li>\n<li><a href=\"https:\/\/auslaenderbehoerde.org\/tr\/almanyada-ilk-adimlar\/\" data-wpel-link=\"internal\">Almanya&#039;da ilk ad\u0131mlar<\/a><\/li>\n<\/ul>","protected":false},"excerpt":{"rendered":"<p>Burada Passau - Bavyera G\u00f6\u00e7menlik B\u00fcrosu i\u00e7in \u00e7e\u015fitli ileti\u015fim se\u00e7eneklerini ve di\u011fer faydal\u0131 bilgileri bulacaks\u0131n\u0131z Adres: Passau B\u00f6lgesi G\u00f6\u00e7menlik B\u00fcrosu, Domplatz 11, 94032 Passau Telefon: 0851 397-340 Faks: 0851 490595-340 E-posta: auslaenderamt@landkreis-passau.de Web sitesi: www.landkreis-passau.de \u00c7al\u0131\u015fma saatleri: Web sitesine bak\u0131n Passau G\u00f6\u00e7menlik B\u00fcrosu&#039;nun g\u00f6revleri Passau G\u00f6\u00e7menlik B\u00fcrosu, Passau ve \u00e7evre kasabalarda ya\u015fayanlardan sorumludur.&nbsp;<a href=\"https:\/\/auslaenderbehoerde.org\/tr\/goecmenlik-dairesi-passau\/\" rel=\"bookmark\">Devam\u0131n\u0131 oku &quot;<span class=\"screen-reader-text\">G\u00f6\u00e7men B\u00fcrosu Passau<\/span><\/a><\/p>","protected":false},"author":1,"featured_media":65,"parent":0,"menu_order":0,"comment_status":"closed","ping_status":"closed","template":"","meta":{"neve_meta_sidebar":"","neve_meta_container":"","neve_meta_enable_content_width":"off","neve_meta_content_width":100,"neve_meta_title_alignment":"","neve_meta_author_avatar":"","neve_post_elements_order":"","neve_meta_disable_header":"","neve_meta_disable_footer":"","neve_meta_disable_title":"","neve_meta_reading_time":"","footnotes":""},"class_list":["post-604","page","type-page","status-publish","has-post-thumbnail","hentry"],"yoast_head":"<!-- This site is optimized with the Yoast SEO plugin v26.6 - https:\/\/yoast.com\/wordpress\/plugins\/seo\/ -->\n<title>Ausl\u00e4nderbeh\u00f6rde Passau | Adresse und Kontaktdaten<\/title>\n<meta name=\"description\" content=\"Ausl\u00e4nderbeh\u00f6rde Passau | Hier finden Sie alle Informationen wie Adresse und Anschrift \u2713 Telefonnummer, Kontakt und \u00d6ffnungszeiten\" \/>\n<meta name=\"robots\" content=\"index, follow, max-snippet:-1, max-image-preview:large, max-video-preview:-1\" \/>\n<link rel=\"canonical\" href=\"https:\/\/auslaenderbehoerde.org\/tr\/goecmenlik-dairesi-passau\/\" \/>\n<meta property=\"og:locale\" content=\"tr_TR\" \/>\n<meta property=\"og:type\" content=\"article\" \/>\n<meta property=\"og:title\" content=\"Ausl\u00e4nderbeh\u00f6rde Passau | Adresse und Kontaktdaten\" \/>\n<meta property=\"og:description\" content=\"Ausl\u00e4nderbeh\u00f6rde Passau | Hier finden Sie alle Informationen wie Adresse und Anschrift \u2713 Telefonnummer, Kontakt und \u00d6ffnungszeiten\" \/>\n<meta property=\"og:url\" content=\"https:\/\/auslaenderbehoerde.org\/tr\/goecmenlik-dairesi-passau\/\" \/>\n<meta property=\"og:site_name\" content=\"auslaenderbehoerde.org\" \/>\n<meta property=\"og:image\" content=\"https:\/\/auslaenderbehoerde.org\/wp-content\/uploads\/2022\/06\/Ausla\u0308nderbeho\u0308rde-scaled-e1656327377843.jpeg\" \/>\n\t<meta property=\"og:image:width\" content=\"900\" \/>\n\t<meta property=\"og:image:height\" content=\"675\" \/>\n\t<meta property=\"og:image:type\" content=\"image\/jpeg\" \/>\n<meta name=\"twitter:card\" content=\"summary_large_image\" \/>\n<meta name=\"twitter:label1\" content=\"Tahmini okuma s\u00fcresi\" \/>\n\t<meta name=\"twitter:data1\" content=\"2 dakika\" \/>\n<script type=\"application\/ld+json\" class=\"yoast-schema-graph\">{\"@context\":\"https:\/\/schema.org\",\"@graph\":[{\"@type\":\"WebPage\",\"@id\":\"https:\/\/auslaenderbehoerde.org\/auslaenderbehoerde-passau\/\",\"url\":\"https:\/\/auslaenderbehoerde.org\/auslaenderbehoerde-passau\/\",\"name\":\"Ausl\u00e4nderbeh\u00f6rde Passau | Adresse und Kontaktdaten\",\"isPartOf\":{\"@id\":\"https:\/\/auslaenderbehoerde.org\/#website\"},\"primaryImageOfPage\":{\"@id\":\"https:\/\/auslaenderbehoerde.org\/auslaenderbehoerde-passau\/#primaryimage\"},\"image\":{\"@id\":\"https:\/\/auslaenderbehoerde.org\/auslaenderbehoerde-passau\/#primaryimage\"},\"thumbnailUrl\":\"https:\/\/auslaenderbehoerde.org\/wp-content\/uploads\/2022\/06\/Ausla\u0308nderbeho\u0308rde-scaled-e1656327377843.jpeg\",\"datePublished\":\"2022-07-07T10:40:16+00:00\",\"description\":\"Ausl\u00e4nderbeh\u00f6rde Passau | Hier finden Sie alle Informationen wie Adresse und Anschrift \u2713 Telefonnummer, Kontakt und \u00d6ffnungszeiten\",\"breadcrumb\":{\"@id\":\"https:\/\/auslaenderbehoerde.org\/auslaenderbehoerde-passau\/#breadcrumb\"},\"inLanguage\":\"tr\",\"potentialAction\":[{\"@type\":\"ReadAction\",\"target\":[\"https:\/\/auslaenderbehoerde.org\/auslaenderbehoerde-passau\/\"]}]},{\"@type\":\"ImageObject\",\"inLanguage\":\"tr\",\"@id\":\"https:\/\/auslaenderbehoerde.org\/auslaenderbehoerde-passau\/#primaryimage\",\"url\":\"https:\/\/auslaenderbehoerde.org\/wp-content\/uploads\/2022\/06\/Ausla\u0308nderbeho\u0308rde-scaled-e1656327377843.jpeg\",\"contentUrl\":\"https:\/\/auslaenderbehoerde.org\/wp-content\/uploads\/2022\/06\/Ausla\u0308nderbeho\u0308rde-scaled-e1656327377843.jpeg\",\"width\":900,\"height\":675,\"caption\":\"Ausl\u00e4nderbeh\u00f6rde\"},{\"@type\":\"BreadcrumbList\",\"@id\":\"https:\/\/auslaenderbehoerde.org\/auslaenderbehoerde-passau\/#breadcrumb\",\"itemListElement\":[{\"@type\":\"ListItem\",\"position\":1,\"name\":\"Startseite\",\"item\":\"https:\/\/auslaenderbehoerde.org\/\"},{\"@type\":\"ListItem\",\"position\":2,\"name\":\"Ausl\u00e4nderbeh\u00f6rde Passau\"}]},{\"@type\":\"WebSite\",\"@id\":\"https:\/\/auslaenderbehoerde.org\/#website\",\"url\":\"https:\/\/auslaenderbehoerde.org\/\",\"name\":\"auslaenderbehoerde.org\",\"description\":\"\",\"potentialAction\":[{\"@type\":\"SearchAction\",\"target\":{\"@type\":\"EntryPoint\",\"urlTemplate\":\"https:\/\/auslaenderbehoerde.org\/?s={search_term_string}\"},\"query-input\":{\"@type\":\"PropertyValueSpecification\",\"valueRequired\":true,\"valueName\":\"search_term_string\"}}],\"inLanguage\":\"tr\"}]}<\/script>\n<!-- \/ Yoast SEO plugin. -->","yoast_head_json":{"title":"G\u00f6\u00e7men B\u00fcrosu Passau | adres ve ileti\u015fim bilgileri","description":"G\u00f6\u00e7men B\u00fcrosu Passau | Burada adres ve adres \u2713 telefon numaras\u0131, ileti\u015fim ve \u00e7al\u0131\u015fma saatleri gibi t\u00fcm bilgileri bulacaks\u0131n\u0131z","robots":{"index":"index","follow":"follow","max-snippet":"max-snippet:-1","max-image-preview":"max-image-preview:large","max-video-preview":"max-video-preview:-1"},"canonical":"https:\/\/auslaenderbehoerde.org\/tr\/goecmenlik-dairesi-passau\/","og_locale":"tr_TR","og_type":"article","og_title":"Ausl\u00e4nderbeh\u00f6rde Passau | Adresse und Kontaktdaten","og_description":"Ausl\u00e4nderbeh\u00f6rde Passau | Hier finden Sie alle Informationen wie Adresse und Anschrift \u2713 Telefonnummer, Kontakt und \u00d6ffnungszeiten","og_url":"https:\/\/auslaenderbehoerde.org\/tr\/goecmenlik-dairesi-passau\/","og_site_name":"auslaenderbehoerde.org","og_image":[{"width":900,"height":675,"url":"https:\/\/auslaenderbehoerde.org\/wp-content\/uploads\/2022\/06\/Ausla\u0308nderbeho\u0308rde-scaled-e1656327377843.jpeg","type":"image\/jpeg"}],"twitter_card":"summary_large_image","twitter_misc":{"Tahmini okuma s\u00fcresi":"2 dakika"},"schema":{"@context":"https:\/\/schema.org","@graph":[{"@type":"WebPage","@id":"https:\/\/auslaenderbehoerde.org\/auslaenderbehoerde-passau\/","url":"https:\/\/auslaenderbehoerde.org\/auslaenderbehoerde-passau\/","name":"G\u00f6\u00e7men B\u00fcrosu Passau | adres ve ileti\u015fim bilgileri","isPartOf":{"@id":"https:\/\/auslaenderbehoerde.org\/#website"},"primaryImageOfPage":{"@id":"https:\/\/auslaenderbehoerde.org\/auslaenderbehoerde-passau\/#primaryimage"},"image":{"@id":"https:\/\/auslaenderbehoerde.org\/auslaenderbehoerde-passau\/#primaryimage"},"thumbnailUrl":"https:\/\/auslaenderbehoerde.org\/wp-content\/uploads\/2022\/06\/Ausla\u0308nderbeho\u0308rde-scaled-e1656327377843.jpeg","datePublished":"2022-07-07T10:40:16+00:00","description":"G\u00f6\u00e7men B\u00fcrosu Passau | Burada adres ve adres \u2713 telefon numaras\u0131, ileti\u015fim ve \u00e7al\u0131\u015fma saatleri gibi t\u00fcm bilgileri bulacaks\u0131n\u0131z","breadcrumb":{"@id":"https:\/\/auslaenderbehoerde.org\/auslaenderbehoerde-passau\/#breadcrumb"},"inLanguage":"tr","potentialAction":[{"@type":"ReadAction","target":["https:\/\/auslaenderbehoerde.org\/auslaenderbehoerde-passau\/"]}]},{"@type":"ImageObject","inLanguage":"tr","@id":"https:\/\/auslaenderbehoerde.org\/auslaenderbehoerde-passau\/#primaryimage","url":"https:\/\/auslaenderbehoerde.org\/wp-content\/uploads\/2022\/06\/Ausla\u0308nderbeho\u0308rde-scaled-e1656327377843.jpeg","contentUrl":"https:\/\/auslaenderbehoerde.org\/wp-content\/uploads\/2022\/06\/Ausla\u0308nderbeho\u0308rde-scaled-e1656327377843.jpeg","width":900,"height":675,"caption":"Ausl\u00e4nderbeh\u00f6rde"},{"@type":"BreadcrumbList","@id":"https:\/\/auslaenderbehoerde.org\/auslaenderbehoerde-passau\/#breadcrumb","itemListElement":[{"@type":"ListItem","position":1,"name":"Startseite","item":"https:\/\/auslaenderbehoerde.org\/"},{"@type":"ListItem","position":2,"name":"Ausl\u00e4nderbeh\u00f6rde Passau"}]},{"@type":"WebSite","@id":"https:\/\/auslaenderbehoerde.org\/#website","url":"https:\/\/auslaenderbehoerde.org\/","name":"auslaenderbehoerde.org","description":"","potentialAction":[{"@type":"SearchAction","target":{"@type":"EntryPoint","urlTemplate":"https:\/\/auslaenderbehoerde.org\/?s={search_term_string}"},"query-input":{"@type":"PropertyValueSpecification","valueRequired":true,"valueName":"search_term_string"}}],"inLanguage":"tr"}]}},"_links":{"self":[{"href":"https:\/\/auslaenderbehoerde.org\/tr\/wp-json\/wp\/v2\/pages\/604","targetHints":{"allow":["GET"]}}],"collection":[{"href":"https:\/\/auslaenderbehoerde.org\/tr\/wp-json\/wp\/v2\/pages"}],"about":[{"href":"https:\/\/auslaenderbehoerde.org\/tr\/wp-json\/wp\/v2\/types\/page"}],"author":[{"embeddable":true,"href":"https:\/\/auslaenderbehoerde.org\/tr\/wp-json\/wp\/v2\/users\/1"}],"replies":[{"embeddable":true,"href":"https:\/\/auslaenderbehoerde.org\/tr\/wp-json\/wp\/v2\/comments?post=604"}],"version-history":[{"count":1,"href":"https:\/\/auslaenderbehoerde.org\/tr\/wp-json\/wp\/v2\/pages\/604\/revisions"}],"predecessor-version":[{"id":605,"href":"https:\/\/auslaenderbehoerde.org\/tr\/wp-json\/wp\/v2\/pages\/604\/revisions\/605"}],"wp:featuredmedia":[{"embeddable":true,"href":"https:\/\/auslaenderbehoerde.org\/tr\/wp-json\/wp\/v2\/media\/65"}],"wp:attachment":[{"href":"https:\/\/auslaenderbehoerde.org\/tr\/wp-json\/wp\/v2\/media?parent=604"}],"curies":[{"name":"wp","href":"https:\/\/api.w.org\/{rel}","templated":true}]}}